{"id":6173,"date":"2017-04-03T15:57:16","date_gmt":"2017-04-03T13:57:16","guid":{"rendered":"https:\/\/slopek-dev.flow4.one\/impressum-2\/"},"modified":"2025-01-16T16:53:16","modified_gmt":"2025-01-16T15:53:16","slug":"impressum","status":"publish","type":"page","link":"https:\/\/www.slopek.com\/en\/impressum\/","title":{"rendered":"Imprint"},"content":{"rendered":"\n<h3 class=\"wp-block-heading\">Slopek Attorneys at Law &#8211; Law Firm for Intellectual Property, Competition and Media<\/h3>\n\n\n\n<p>Dr. David Slopek, LL.M.<br>Attorney at law<br>Specialist lawyer for intellectual property rights<\/p>\n\n\n\n<h3 class=\"wp-block-heading\">Office location<\/h3>\n\n\n\n<p>Zippelhaus 6<br>20457 Hamburg<\/p>\n\n\n\n<p>T: (040) 882 153 900<br>F: (040) 882 153 909<br>E: info@slopek.com<\/p>\n\n\n\n<h3 class=\"wp-block-heading\">Responsible for content<\/h3>\n\n\n\n<p>Dr. David Slopek, Zippelhaus 6, 20457 Hamburg<\/p>\n\n\n\n<h3 class=\"wp-block-heading\"><strong>Competent supervisory authority<\/strong><\/h3>\n\n\n\n<p>Hanseatische Rechtsanwaltskammer Hamburg<br>Bleichenbr\u00fccke 9<br>20354 Hamburg<br>T: +49 (0)40 357441 0<br>F: +40 (0)40 357441 41<br>E: info@rak-hamburg.de<br>W: <a href=\"https:\/\/www.rak-hamburg.de\/\" target=\"_blank\" rel=\"noopener\">www.rak-hamburg.de<\/a><a href=\"https:\/\/bcl-ip.com\/impressum\/www.rechtsanwaltskammerhamburg.de\" target=\"_blank\" rel=\"noopener\"><br><\/a><\/p>\n\n\n\n<h3 class=\"wp-block-heading\"><strong>Professional regulations<\/strong><\/h3>\n\n\n\n<p>Bundesrechtsanwaltsordnung (BRAO)<br>Berufsordnung f\u00fcr Rechtsanw\u00e4lte (BORA)<\/p>\n\n\n\n<p>Fachanwaltsordnung (FAO)<br>Rechtsanwaltsverg\u00fctungsgesetz (RVG)<br>Standesregelung der Rechtsanw\u00e4lte in der Europ\u00e4ischen Gemeinschaft und Berufsregeln der Rechtsanw\u00e4lte in der Europ\u00e4ischen Gemeinschaft (CCBE)<\/p>\n\n\n\n<p>You can view the above-mentioned regulations at the Federal Bar Association at www.brak.de under the heading \u201cBerufsrecht\u201d:<a href=\"https:\/\/www.brak.de\/fuer-anwaelte\/berufsrecht\/\"> https:\/\/www.brak.de\/fuer-anwaelte\/berufsrecht\/<\/a><\/p>\n\n\n\n<p>The information on this page on legal topics is provided as a general guide only and is not intended as a substitute for specific legal advice.<\/p>\n\n\n\n<h3 class=\"wp-block-heading\">Dispute resolution<\/h3>\n\n\n\n<p>The European Commission provides a platform for online dispute resolution (OS):<br><a href=\"http:\/\/ec.europa.eu\/consumers\/odr\">http:\/\/ec.europa.eu\/consumers\/odr<\/a><\/p>\n\n\n\n<h3 class=\"wp-block-heading\">Information on professional liability insurance<\/h3>\n\n\n\n<p>Professional liability insurance has been taken out with Gothaer.<\/p>\n","protected":false},"excerpt":{"rendered":"<p>Slopek Attorneys at Law &#8211; Law Firm for Intellectual Property, Competition and Media Dr. David Slopek, LL.M.Attorney at lawSpecialist lawyer for intellectual property rights Office location Zippelhaus 620457 Hamburg T: (040) 882 153 900F: (040) 882 153 909E: info@slopek.com Responsible for content Dr. David Slopek, Zippelhaus 6, 20457 Hamburg Competent supervisory authority Hanseatische Rechtsanwaltskammer HamburgBleichenbr\u00fccke [&hellip;]<\/p>\n","protected":false},"author":3,"featured_media":3730,"parent":0,"menu_order":0,"comment_status":"closed","ping_status":"closed","template":"","meta":{"_acf_changed":false,"_uag_custom_page_level_css":"","footnotes":""},"class_list":["post-6173","page","type-page","status-publish","has-post-thumbnail","hentry"],"yoast_head":"<!-- This site is optimized with the Yoast SEO plugin v27.4 - https:\/\/yoast.com\/product\/yoast-seo-wordpress\/ -->\n<title>Slopek Rechtsanw\u00e4lte - Impressum<\/title>\n<meta name=\"description\" content=\"Kanzlei f\u00fcr Geistiges Eigentum, Wettbewerb und Medien. Jetzt mehr erfahren oder direkt Kontakt aufnehmen. \u260e 040 882153900.\" \/>\n<meta name=\"robots\" content=\"index, follow, max-snippet:-1, max-image-preview:large, max-video-preview:-1\" \/>\n<link rel=\"canonical\" href=\"https:\/\/www.slopek.com\/impressum\/\" \/>\n<meta property=\"og:locale\" content=\"en_US\" \/>\n<meta property=\"og:type\" content=\"article\" \/>\n<meta property=\"og:title\" content=\"Slopek Rechtsanw\u00e4lte - Impressum\" \/>\n<meta property=\"og:description\" content=\"Kanzlei f\u00fcr Geistiges Eigentum, Wettbewerb und Medien. Jetzt mehr erfahren oder direkt Kontakt aufnehmen. \u260e 040 882153900.\" \/>\n<meta property=\"og:url\" content=\"https:\/\/www.slopek.com\/impressum\/\" \/>\n<meta property=\"og:site_name\" content=\"Slopek Rechtsanw\u00e4lte | Geistiges Eigentum, Wettbewerbs- und Medienrecht\" \/>\n<meta property=\"article:modified_time\" content=\"2025-01-16T15:53:16+00:00\" \/>\n<meta property=\"og:image\" content=\"https:\/\/www.slopek.com\/wp-content\/uploads\/Anwalt-Hamburg-Du\u0308sseldorf.jpg\" \/>\n\t<meta property=\"og:image:width\" content=\"1700\" \/>\n\t<meta property=\"og:image:height\" content=\"500\" \/>\n\t<meta property=\"og:image:type\" content=\"image\/jpeg\" \/>\n<meta name=\"twitter:card\" content=\"summary_large_image\" \/>\n<meta name=\"twitter:label1\" content=\"Est. reading time\" \/>\n\t<meta name=\"twitter:data1\" content=\"1 minute\" \/>\n<script type=\"application\/ld+json\" class=\"yoast-schema-graph\">{\"@context\":\"https:\\\/\\\/schema.org\",\"@graph\":[{\"@type\":\"WebPage\",\"@id\":\"https:\\\/\\\/www.slopek.com\\\/impressum\\\/\",\"url\":\"https:\\\/\\\/www.slopek.com\\\/impressum\\\/\",\"name\":\"Slopek Rechtsanw\u00e4lte - Impressum\",\"isPartOf\":{\"@id\":\"https:\\\/\\\/www.slopek.com\\\/#website\"},\"primaryImageOfPage\":{\"@id\":\"https:\\\/\\\/www.slopek.com\\\/impressum\\\/#primaryimage\"},\"image\":{\"@id\":\"https:\\\/\\\/www.slopek.com\\\/impressum\\\/#primaryimage\"},\"thumbnailUrl\":\"https:\\\/\\\/www.slopek.com\\\/wp-content\\\/uploads\\\/Anwalt-Hamburg-Du\u0308sseldorf.jpg\",\"datePublished\":\"2017-04-03T13:57:16+00:00\",\"dateModified\":\"2025-01-16T15:53:16+00:00\",\"description\":\"Kanzlei f\u00fcr Geistiges Eigentum, Wettbewerb und Medien. Jetzt mehr erfahren oder direkt Kontakt aufnehmen. \u260e 040 882153900.\",\"breadcrumb\":{\"@id\":\"https:\\\/\\\/www.slopek.com\\\/impressum\\\/#breadcrumb\"},\"inLanguage\":\"en-US\",\"potentialAction\":[{\"@type\":\"ReadAction\",\"target\":[\"https:\\\/\\\/www.slopek.com\\\/impressum\\\/\"]}]},{\"@type\":\"ImageObject\",\"inLanguage\":\"en-US\",\"@id\":\"https:\\\/\\\/www.slopek.com\\\/impressum\\\/#primaryimage\",\"url\":\"https:\\\/\\\/www.slopek.com\\\/wp-content\\\/uploads\\\/Anwalt-Hamburg-Du\u0308sseldorf.jpg\",\"contentUrl\":\"https:\\\/\\\/www.slopek.com\\\/wp-content\\\/uploads\\\/Anwalt-Hamburg-Du\u0308sseldorf.jpg\",\"width\":1700,\"height\":500},{\"@type\":\"BreadcrumbList\",\"@id\":\"https:\\\/\\\/www.slopek.com\\\/impressum\\\/#breadcrumb\",\"itemListElement\":[{\"@type\":\"ListItem\",\"position\":1,\"name\":\"Startseite\",\"item\":\"https:\\\/\\\/www.slopek.com\\\/en\\\/\"},{\"@type\":\"ListItem\",\"position\":2,\"name\":\"Imprint\"}]},{\"@type\":\"WebSite\",\"@id\":\"https:\\\/\\\/www.slopek.com\\\/#website\",\"url\":\"https:\\\/\\\/www.slopek.com\\\/\",\"name\":\"Slopek Rechtsanw\u00e4lte | Geistiges Eigentum, Wettbewerbs- und Medienrecht\",\"description\":\"Markenrecht | Urheberrecht | Wettbewerbsrecht | Medienrecht\",\"publisher\":{\"@id\":\"https:\\\/\\\/www.slopek.com\\\/#organization\"},\"potentialAction\":[{\"@type\":\"SearchAction\",\"target\":{\"@type\":\"EntryPoint\",\"urlTemplate\":\"https:\\\/\\\/www.slopek.com\\\/?s={search_term_string}\"},\"query-input\":{\"@type\":\"PropertyValueSpecification\",\"valueRequired\":true,\"valueName\":\"search_term_string\"}}],\"inLanguage\":\"en-US\"},{\"@type\":\"Organization\",\"@id\":\"https:\\\/\\\/www.slopek.com\\\/#organization\",\"name\":\"Slopek Rechtsanw\u00e4lte\",\"url\":\"https:\\\/\\\/www.slopek.com\\\/\",\"logo\":{\"@type\":\"ImageObject\",\"inLanguage\":\"en-US\",\"@id\":\"https:\\\/\\\/www.slopek.com\\\/#\\\/schema\\\/logo\\\/image\\\/\",\"url\":\"https:\\\/\\\/www.slopek.com\\\/wp-content\\\/uploads\\\/slopek-logo.svg\",\"contentUrl\":\"https:\\\/\\\/www.slopek.com\\\/wp-content\\\/uploads\\\/slopek-logo.svg\",\"width\":139,\"height\":55,\"caption\":\"Slopek Rechtsanw\u00e4lte\"},\"image\":{\"@id\":\"https:\\\/\\\/www.slopek.com\\\/#\\\/schema\\\/logo\\\/image\\\/\"}}]}<\/script>\n<!-- \/ Yoast SEO plugin. -->","yoast_head_json":{"title":"Slopek Rechtsanw\u00e4lte - Impressum","description":"Kanzlei f\u00fcr Geistiges Eigentum, Wettbewerb und Medien. Jetzt mehr erfahren oder direkt Kontakt aufnehmen. \u260e 040 882153900.","robots":{"index":"index","follow":"follow","max-snippet":"max-snippet:-1","max-image-preview":"max-image-preview:large","max-video-preview":"max-video-preview:-1"},"canonical":"https:\/\/www.slopek.com\/impressum\/","og_locale":"en_US","og_type":"article","og_title":"Slopek Rechtsanw\u00e4lte - Impressum","og_description":"Kanzlei f\u00fcr Geistiges Eigentum, Wettbewerb und Medien. Jetzt mehr erfahren oder direkt Kontakt aufnehmen. \u260e 040 882153900.","og_url":"https:\/\/www.slopek.com\/impressum\/","og_site_name":"Slopek Rechtsanw\u00e4lte | Geistiges Eigentum, Wettbewerbs- und Medienrecht","article_modified_time":"2025-01-16T15:53:16+00:00","og_image":[{"width":1700,"height":500,"url":"https:\/\/www.slopek.com\/wp-content\/uploads\/Anwalt-Hamburg-Du\u0308sseldorf.jpg","type":"image\/jpeg"}],"twitter_card":"summary_large_image","twitter_misc":{"Est. reading time":"1 minute"},"schema":{"@context":"https:\/\/schema.org","@graph":[{"@type":"WebPage","@id":"https:\/\/www.slopek.com\/impressum\/","url":"https:\/\/www.slopek.com\/impressum\/","name":"Slopek Rechtsanw\u00e4lte - Impressum","isPartOf":{"@id":"https:\/\/www.slopek.com\/#website"},"primaryImageOfPage":{"@id":"https:\/\/www.slopek.com\/impressum\/#primaryimage"},"image":{"@id":"https:\/\/www.slopek.com\/impressum\/#primaryimage"},"thumbnailUrl":"https:\/\/www.slopek.com\/wp-content\/uploads\/Anwalt-Hamburg-Du\u0308sseldorf.jpg","datePublished":"2017-04-03T13:57:16+00:00","dateModified":"2025-01-16T15:53:16+00:00","description":"Kanzlei f\u00fcr Geistiges Eigentum, Wettbewerb und Medien. Jetzt mehr erfahren oder direkt Kontakt aufnehmen. \u260e 040 882153900.","breadcrumb":{"@id":"https:\/\/www.slopek.com\/impressum\/#breadcrumb"},"inLanguage":"en-US","potentialAction":[{"@type":"ReadAction","target":["https:\/\/www.slopek.com\/impressum\/"]}]},{"@type":"ImageObject","inLanguage":"en-US","@id":"https:\/\/www.slopek.com\/impressum\/#primaryimage","url":"https:\/\/www.slopek.com\/wp-content\/uploads\/Anwalt-Hamburg-Du\u0308sseldorf.jpg","contentUrl":"https:\/\/www.slopek.com\/wp-content\/uploads\/Anwalt-Hamburg-Du\u0308sseldorf.jpg","width":1700,"height":500},{"@type":"BreadcrumbList","@id":"https:\/\/www.slopek.com\/impressum\/#breadcrumb","itemListElement":[{"@type":"ListItem","position":1,"name":"Startseite","item":"https:\/\/www.slopek.com\/en\/"},{"@type":"ListItem","position":2,"name":"Imprint"}]},{"@type":"WebSite","@id":"https:\/\/www.slopek.com\/#website","url":"https:\/\/www.slopek.com\/","name":"Slopek Rechtsanw\u00e4lte | Geistiges Eigentum, Wettbewerbs- und Medienrecht","description":"Markenrecht | Urheberrecht | Wettbewerbsrecht | Medienrecht","publisher":{"@id":"https:\/\/www.slopek.com\/#organization"},"potentialAction":[{"@type":"SearchAction","target":{"@type":"EntryPoint","urlTemplate":"https:\/\/www.slopek.com\/?s={search_term_string}"},"query-input":{"@type":"PropertyValueSpecification","valueRequired":true,"valueName":"search_term_string"}}],"inLanguage":"en-US"},{"@type":"Organization","@id":"https:\/\/www.slopek.com\/#organization","name":"Slopek Rechtsanw\u00e4lte","url":"https:\/\/www.slopek.com\/","logo":{"@type":"ImageObject","inLanguage":"en-US","@id":"https:\/\/www.slopek.com\/#\/schema\/logo\/image\/","url":"https:\/\/www.slopek.com\/wp-content\/uploads\/slopek-logo.svg","contentUrl":"https:\/\/www.slopek.com\/wp-content\/uploads\/slopek-logo.svg","width":139,"height":55,"caption":"Slopek Rechtsanw\u00e4lte"},"image":{"@id":"https:\/\/www.slopek.com\/#\/schema\/logo\/image\/"}}]}},"uagb_featured_image_src":{"full":["https:\/\/www.slopek.com\/wp-content\/uploads\/Anwalt-Hamburg-Du\u0308sseldorf.jpg",1700,500,false],"thumbnail":["https:\/\/www.slopek.com\/wp-content\/uploads\/Anwalt-Hamburg-Du\u0308sseldorf-320x94.jpg",320,94,true],"medium":["https:\/\/www.slopek.com\/wp-content\/uploads\/Anwalt-Hamburg-Du\u0308sseldorf-640x188.jpg",640,188,true],"medium_large":["https:\/\/www.slopek.com\/wp-content\/uploads\/Anwalt-Hamburg-Du\u0308sseldorf.jpg",640,188,false],"large":["https:\/\/www.slopek.com\/wp-content\/uploads\/Anwalt-Hamburg-Du\u0308sseldorf-1280x376.jpg",640,188,true],"1536x1536":["https:\/\/www.slopek.com\/wp-content\/uploads\/Anwalt-Hamburg-Du\u0308sseldorf-1536x452.jpg",1536,452,true],"2048x2048":["https:\/\/www.slopek.com\/wp-content\/uploads\/Anwalt-Hamburg-Du\u0308sseldorf.jpg",1700,500,false],"post-preview-thumbnail":["https:\/\/www.slopek.com\/wp-content\/uploads\/Anwalt-Hamburg-Du\u0308sseldorf-320x200.jpg",320,200,true],"post-preview-large":["https:\/\/www.slopek.com\/wp-content\/uploads\/Anwalt-Hamburg-Du\u0308sseldorf-640x400.jpg",640,400,true],"publication-thumbnail":["https:\/\/www.slopek.com\/wp-content\/uploads\/Anwalt-Hamburg-Du\u0308sseldorf-200x296.jpg",200,296,true],"user-profile-thumbnail":["https:\/\/www.slopek.com\/wp-content\/uploads\/Anwalt-Hamburg-Du\u0308sseldorf-290x85.jpg",290,85,true],"avatar":["https:\/\/www.slopek.com\/wp-content\/uploads\/Anwalt-Hamburg-Du\u0308sseldorf-60x60.jpg",60,60,true],"avatar-large":["https:\/\/www.slopek.com\/wp-content\/uploads\/Anwalt-Hamburg-Du\u0308sseldorf-220x140.jpg",220,140,true],"profile_24":["https:\/\/www.slopek.com\/wp-content\/uploads\/Anwalt-Hamburg-Du\u0308sseldorf-24x24.jpg",24,24,true],"profile_48":["https:\/\/www.slopek.com\/wp-content\/uploads\/Anwalt-Hamburg-Du\u0308sseldorf-48x48.jpg",48,48,true],"profile_96":["https:\/\/www.slopek.com\/wp-content\/uploads\/Anwalt-Hamburg-Du\u0308sseldorf-96x96.jpg",96,96,true],"profile_150":["https:\/\/www.slopek.com\/wp-content\/uploads\/Anwalt-Hamburg-Du\u0308sseldorf-150x150.jpg",150,150,true],"profile_300":["https:\/\/www.slopek.com\/wp-content\/uploads\/Anwalt-Hamburg-Du\u0308sseldorf-300x300.jpg",300,300,true]},"uagb_author_info":{"display_name":"David Slopek","author_link":"https:\/\/www.slopek.com\/en\/author\/david-slopek\/"},"uagb_comment_info":0,"uagb_excerpt":"Slopek Attorneys at Law &#8211; Law Firm for Intellectual Property, Competition and Media Dr. David Slopek, LL.M.Attorney at lawSpecialist lawyer for intellectual property rights Office location Zippelhaus 620457 Hamburg T: (040) 882 153 900F: (040) 882 153 909E: info@slopek.com Responsible for content Dr. David Slopek, Zippelhaus 6, 20457 Hamburg Competent supervisory authority Hanseatische Rechtsanwaltskammer HamburgBleichenbr\u00fccke&hellip;","acf":[],"_links":{"self":[{"href":"https:\/\/www.slopek.com\/en\/wp-json\/wp\/v2\/pages\/6173","targetHints":{"allow":["GET"]}}],"collection":[{"href":"https:\/\/www.slopek.com\/en\/wp-json\/wp\/v2\/pages"}],"about":[{"href":"https:\/\/www.slopek.com\/en\/wp-json\/wp\/v2\/types\/page"}],"author":[{"embeddable":true,"href":"https:\/\/www.slopek.com\/en\/wp-json\/wp\/v2\/users\/3"}],"replies":[{"embeddable":true,"href":"https:\/\/www.slopek.com\/en\/wp-json\/wp\/v2\/comments?post=6173"}],"version-history":[{"count":1,"href":"https:\/\/www.slopek.com\/en\/wp-json\/wp\/v2\/pages\/6173\/revisions"}],"predecessor-version":[{"id":6174,"href":"https:\/\/www.slopek.com\/en\/wp-json\/wp\/v2\/pages\/6173\/revisions\/6174"}],"wp:featuredmedia":[{"embeddable":true,"href":"https:\/\/www.slopek.com\/en\/wp-json\/wp\/v2\/media\/3730"}],"wp:attachment":[{"href":"https:\/\/www.slopek.com\/en\/wp-json\/wp\/v2\/media?parent=6173"}],"curies":[{"name":"wp","href":"https:\/\/api.w.org\/{rel}","templated":true}]}}