{"id":6175,"date":"2017-07-10T10:38:30","date_gmt":"2017-07-10T08:38:30","guid":{"rendered":"https:\/\/slopek-dev.flow4.one\/datenschutz\/"},"modified":"2025-06-10T14:18:43","modified_gmt":"2025-06-10T12:18:43","slug":"datenschutz","status":"publish","type":"page","link":"https:\/\/www.slopek.com\/en\/datenschutz\/","title":{"rendered":"Privacy policy"},"content":{"rendered":"\n<h3 class=\"wp-block-heading\"><strong>Data collection and use of your data<\/strong><\/h3>\n\n\n\n<p>In principle, you can visit our website without providing any personal information.<\/p>\n\n\n\n<p>For technical reasons, however, various data that your Internet browser transmits to us or our web servers is recorded. This includes the browser type and version, the date and time of your access, the page or file accessed and the IP address. This data is stored on the server exclusively for statistical purposes and cannot be assigned to specific persons.<\/p>\n\n\n\n<p>If you use our contact form and consent to the use of your data, we will process and store the data you provide, in particular your name, e-mail address, postal address and telephone number. We process and use your personal data collected in this way only to process your inquiries and, if necessary, for subsequent contract processing. The legal basis for the processing of the data is Art. 6 para. 1 lit. a) GDPR.<\/p>\n\n\n\n<p>If you voluntarily provide us with personal data, e.g. by e-mail, we will only use this data to process and handle your request. The legal basis for processing the data is Art. 6 para. 1 lit. b) GDPR.<\/p>\n\n\n\n<p>We store your data for the duration of the processing of the request and, if applicable, the subsequent contract processing, as well as for the duration of the professional, tax and commercial retention periods. We delete the data after the deadline has expired, unless you have consented to further processing and use.<\/p>\n\n\n\n<p>We will not pass on your data to third parties without your consent.<\/p>\n\n\n\n<h3 class=\"wp-block-heading\"><strong>Responsible person<\/strong><\/h3>\n\n\n\n<p>The person responsible for data processing within the meaning of the General Data Protection Regulation (GDPR) for this website is:<\/p>\n\n\n\n<p>Dr. David Slopek<br>Zippelhaus 6<br>20457 Hamburg<br>Telefon: 040 882 153 900<br>E-Mail: info@slopek.com<\/p>\n\n\n\n<h3 class=\"wp-block-heading\"><strong>Necessity of providing your data<\/strong><\/h3>\n\n\n\n<p>Providing the data in the contact form is necessary for your inquiry, otherwise we will not be able to get back to you. If you are not willing to provide us with your personal data, we will not be able to answer your inquiry.<\/p>\n\n\n\n<h3 class=\"wp-block-heading\"><strong>Revocation of consent<\/strong><\/h3>\n\n\n\n<p>You have the right to withdraw your consent to the use of your data at any time. All you have to do is send an email to info@slopek.com letting us know that you wish to withdraw your consent. If you withdraw your consent, any data processing carried out up to that point based on your consent will not subsequently become unlawful.<\/p>\n\n\n\n<h3 class=\"wp-block-heading\"><strong>Your other rights<\/strong><\/h3>\n\n\n\n<p>According to the provisions of the General Data Protection Regulation, you have various other rights with regard to your data stored by us:<\/p>\n\n\n\n<p>According to Art. 15 Para. 1 GDPR, you have the right to free information about your stored data and, according to Art. 15 Para. 3 GDPR, you have the right to receive a copy of this data list.<\/p>\n\n\n\n<p>According to Art. 16 GDPR, you also have the right to have the data we process corrected. Accordingly, you are entitled to correct or complete your data if it is incorrect or incomplete.<\/p>\n\n\n\n<p>According to Art. 17 GDPR, you have the right to request that we delete your personal data processed by us.<\/p>\n\n\n\n<p>According to Art. 18 GDPR, you can request that we restrict the processing of your personal data under certain circumstances.<\/p>\n\n\n\n<p>According to Article 21, you have the right to object to the processing of personal data concerning you under certain circumstances.<\/p>\n\n\n\n<p>If you would like to assert your rights, please contact info@slopek.com.<\/p>\n\n\n\n<h3 class=\"wp-block-heading\"><strong>Right to lodge a complaint with the supervisory authority<\/strong><\/h3>\n\n\n\n<p>According to Art. 77 GDPR, if you are personally affected by our data processing, you have the right to lodge a complaint with a supervisory authority if you believe that our processing of personal data violates the General Data Protection Regulation (GDPR).<\/p>\n","protected":false},"excerpt":{"rendered":"<p>Data collection and use of your data In principle, you can visit our website without providing any personal information. For technical reasons, however, various data that your Internet browser transmits to us or our web servers is recorded. This includes the browser type and version, the date and time of your access, the page or [&hellip;]<\/p>\n","protected":false},"author":3,"featured_media":3730,"parent":0,"menu_order":0,"comment_status":"closed","ping_status":"closed","template":"","meta":{"_acf_changed":false,"_uag_custom_page_level_css":"","footnotes":""},"class_list":["post-6175","page","type-page","status-publish","has-post-thumbnail","hentry"],"yoast_head":"<!-- This site is optimized with the Yoast SEO plugin v27.4 - https:\/\/yoast.com\/product\/yoast-seo-wordpress\/ -->\n<title>Privacy policy - Slopek Rechtsanw\u00e4lte | Geistiges Eigentum, Wettbewerbs- und Medienrecht<\/title>\n<meta name=\"description\" content=\"Der Besuch unserer Webseite ist grunds\u00e4tzlich ohne Angabe personenbezogener Daten m\u00f6glich.\" \/>\n<meta name=\"robots\" content=\"index, follow, max-snippet:-1, max-image-preview:large, max-video-preview:-1\" \/>\n<link rel=\"canonical\" href=\"https:\/\/www.slopek.com\/en\/datenschutz\/\" \/>\n<meta property=\"og:locale\" content=\"en_US\" \/>\n<meta property=\"og:type\" content=\"article\" \/>\n<meta property=\"og:title\" content=\"Privacy policy - Slopek Rechtsanw\u00e4lte | Geistiges Eigentum, Wettbewerbs- und Medienrecht\" \/>\n<meta property=\"og:description\" content=\"Der Besuch unserer Webseite ist grunds\u00e4tzlich ohne Angabe personenbezogener Daten m\u00f6glich.\" \/>\n<meta property=\"og:url\" content=\"https:\/\/www.slopek.com\/en\/datenschutz\/\" \/>\n<meta property=\"og:site_name\" content=\"Slopek Rechtsanw\u00e4lte | Geistiges Eigentum, Wettbewerbs- und Medienrecht\" \/>\n<meta property=\"article:modified_time\" content=\"2025-06-10T12:18:43+00:00\" \/>\n<meta property=\"og:image\" content=\"https:\/\/www.slopek.com\/wp-content\/uploads\/Anwalt-Hamburg-Du\u0308sseldorf.jpg\" \/>\n\t<meta property=\"og:image:width\" content=\"1700\" \/>\n\t<meta property=\"og:image:height\" content=\"500\" \/>\n\t<meta property=\"og:image:type\" content=\"image\/jpeg\" \/>\n<meta name=\"twitter:card\" content=\"summary_large_image\" \/>\n<meta name=\"twitter:label1\" content=\"Est. reading time\" \/>\n\t<meta name=\"twitter:data1\" content=\"4 minutes\" \/>\n<script type=\"application\/ld+json\" class=\"yoast-schema-graph\">{\"@context\":\"https:\\\/\\\/schema.org\",\"@graph\":[{\"@type\":\"WebPage\",\"@id\":\"https:\\\/\\\/www.slopek.com\\\/en\\\/datenschutz\\\/\",\"url\":\"https:\\\/\\\/www.slopek.com\\\/en\\\/datenschutz\\\/\",\"name\":\"Privacy policy - Slopek Rechtsanw\u00e4lte | Geistiges Eigentum, Wettbewerbs- und Medienrecht\",\"isPartOf\":{\"@id\":\"https:\\\/\\\/www.slopek.com\\\/#website\"},\"primaryImageOfPage\":{\"@id\":\"https:\\\/\\\/www.slopek.com\\\/en\\\/datenschutz\\\/#primaryimage\"},\"image\":{\"@id\":\"https:\\\/\\\/www.slopek.com\\\/en\\\/datenschutz\\\/#primaryimage\"},\"thumbnailUrl\":\"https:\\\/\\\/www.slopek.com\\\/wp-content\\\/uploads\\\/Anwalt-Hamburg-Du\u0308sseldorf.jpg\",\"datePublished\":\"2017-07-10T08:38:30+00:00\",\"dateModified\":\"2025-06-10T12:18:43+00:00\",\"description\":\"Der Besuch unserer Webseite ist grunds\u00e4tzlich ohne Angabe personenbezogener Daten m\u00f6glich.\",\"breadcrumb\":{\"@id\":\"https:\\\/\\\/www.slopek.com\\\/en\\\/datenschutz\\\/#breadcrumb\"},\"inLanguage\":\"en-US\",\"potentialAction\":[{\"@type\":\"ReadAction\",\"target\":[\"https:\\\/\\\/www.slopek.com\\\/en\\\/datenschutz\\\/\"]}]},{\"@type\":\"ImageObject\",\"inLanguage\":\"en-US\",\"@id\":\"https:\\\/\\\/www.slopek.com\\\/en\\\/datenschutz\\\/#primaryimage\",\"url\":\"https:\\\/\\\/www.slopek.com\\\/wp-content\\\/uploads\\\/Anwalt-Hamburg-Du\u0308sseldorf.jpg\",\"contentUrl\":\"https:\\\/\\\/www.slopek.com\\\/wp-content\\\/uploads\\\/Anwalt-Hamburg-Du\u0308sseldorf.jpg\",\"width\":1700,\"height\":500},{\"@type\":\"BreadcrumbList\",\"@id\":\"https:\\\/\\\/www.slopek.com\\\/en\\\/datenschutz\\\/#breadcrumb\",\"itemListElement\":[{\"@type\":\"ListItem\",\"position\":1,\"name\":\"Startseite\",\"item\":\"https:\\\/\\\/www.slopek.com\\\/en\\\/\"},{\"@type\":\"ListItem\",\"position\":2,\"name\":\"Privacy policy\"}]},{\"@type\":\"WebSite\",\"@id\":\"https:\\\/\\\/www.slopek.com\\\/#website\",\"url\":\"https:\\\/\\\/www.slopek.com\\\/\",\"name\":\"Slopek Rechtsanw\u00e4lte | Geistiges Eigentum, Wettbewerbs- und Medienrecht\",\"description\":\"Markenrecht | Urheberrecht | Wettbewerbsrecht | Medienrecht\",\"publisher\":{\"@id\":\"https:\\\/\\\/www.slopek.com\\\/#organization\"},\"potentialAction\":[{\"@type\":\"SearchAction\",\"target\":{\"@type\":\"EntryPoint\",\"urlTemplate\":\"https:\\\/\\\/www.slopek.com\\\/?s={search_term_string}\"},\"query-input\":{\"@type\":\"PropertyValueSpecification\",\"valueRequired\":true,\"valueName\":\"search_term_string\"}}],\"inLanguage\":\"en-US\"},{\"@type\":\"Organization\",\"@id\":\"https:\\\/\\\/www.slopek.com\\\/#organization\",\"name\":\"Slopek Rechtsanw\u00e4lte\",\"url\":\"https:\\\/\\\/www.slopek.com\\\/\",\"logo\":{\"@type\":\"ImageObject\",\"inLanguage\":\"en-US\",\"@id\":\"https:\\\/\\\/www.slopek.com\\\/#\\\/schema\\\/logo\\\/image\\\/\",\"url\":\"https:\\\/\\\/www.slopek.com\\\/wp-content\\\/uploads\\\/slopek-logo.svg\",\"contentUrl\":\"https:\\\/\\\/www.slopek.com\\\/wp-content\\\/uploads\\\/slopek-logo.svg\",\"width\":139,\"height\":55,\"caption\":\"Slopek Rechtsanw\u00e4lte\"},\"image\":{\"@id\":\"https:\\\/\\\/www.slopek.com\\\/#\\\/schema\\\/logo\\\/image\\\/\"}}]}<\/script>\n<!-- \/ Yoast SEO plugin. -->","yoast_head_json":{"title":"Privacy policy - Slopek Rechtsanw\u00e4lte | Geistiges Eigentum, Wettbewerbs- und Medienrecht","description":"Der Besuch unserer Webseite ist grunds\u00e4tzlich ohne Angabe personenbezogener Daten m\u00f6glich.","robots":{"index":"index","follow":"follow","max-snippet":"max-snippet:-1","max-image-preview":"max-image-preview:large","max-video-preview":"max-video-preview:-1"},"canonical":"https:\/\/www.slopek.com\/en\/datenschutz\/","og_locale":"en_US","og_type":"article","og_title":"Privacy policy - Slopek Rechtsanw\u00e4lte | Geistiges Eigentum, Wettbewerbs- und Medienrecht","og_description":"Der Besuch unserer Webseite ist grunds\u00e4tzlich ohne Angabe personenbezogener Daten m\u00f6glich.","og_url":"https:\/\/www.slopek.com\/en\/datenschutz\/","og_site_name":"Slopek Rechtsanw\u00e4lte | Geistiges Eigentum, Wettbewerbs- und Medienrecht","article_modified_time":"2025-06-10T12:18:43+00:00","og_image":[{"width":1700,"height":500,"url":"https:\/\/www.slopek.com\/wp-content\/uploads\/Anwalt-Hamburg-Du\u0308sseldorf.jpg","type":"image\/jpeg"}],"twitter_card":"summary_large_image","twitter_misc":{"Est. reading time":"4 minutes"},"schema":{"@context":"https:\/\/schema.org","@graph":[{"@type":"WebPage","@id":"https:\/\/www.slopek.com\/en\/datenschutz\/","url":"https:\/\/www.slopek.com\/en\/datenschutz\/","name":"Privacy policy - Slopek Rechtsanw\u00e4lte | Geistiges Eigentum, Wettbewerbs- und Medienrecht","isPartOf":{"@id":"https:\/\/www.slopek.com\/#website"},"primaryImageOfPage":{"@id":"https:\/\/www.slopek.com\/en\/datenschutz\/#primaryimage"},"image":{"@id":"https:\/\/www.slopek.com\/en\/datenschutz\/#primaryimage"},"thumbnailUrl":"https:\/\/www.slopek.com\/wp-content\/uploads\/Anwalt-Hamburg-Du\u0308sseldorf.jpg","datePublished":"2017-07-10T08:38:30+00:00","dateModified":"2025-06-10T12:18:43+00:00","description":"Der Besuch unserer Webseite ist grunds\u00e4tzlich ohne Angabe personenbezogener Daten m\u00f6glich.","breadcrumb":{"@id":"https:\/\/www.slopek.com\/en\/datenschutz\/#breadcrumb"},"inLanguage":"en-US","potentialAction":[{"@type":"ReadAction","target":["https:\/\/www.slopek.com\/en\/datenschutz\/"]}]},{"@type":"ImageObject","inLanguage":"en-US","@id":"https:\/\/www.slopek.com\/en\/datenschutz\/#primaryimage","url":"https:\/\/www.slopek.com\/wp-content\/uploads\/Anwalt-Hamburg-Du\u0308sseldorf.jpg","contentUrl":"https:\/\/www.slopek.com\/wp-content\/uploads\/Anwalt-Hamburg-Du\u0308sseldorf.jpg","width":1700,"height":500},{"@type":"BreadcrumbList","@id":"https:\/\/www.slopek.com\/en\/datenschutz\/#breadcrumb","itemListElement":[{"@type":"ListItem","position":1,"name":"Startseite","item":"https:\/\/www.slopek.com\/en\/"},{"@type":"ListItem","position":2,"name":"Privacy policy"}]},{"@type":"WebSite","@id":"https:\/\/www.slopek.com\/#website","url":"https:\/\/www.slopek.com\/","name":"Slopek Rechtsanw\u00e4lte | Geistiges Eigentum, Wettbewerbs- und Medienrecht","description":"Markenrecht | Urheberrecht | Wettbewerbsrecht | Medienrecht","publisher":{"@id":"https:\/\/www.slopek.com\/#organization"},"potentialAction":[{"@type":"SearchAction","target":{"@type":"EntryPoint","urlTemplate":"https:\/\/www.slopek.com\/?s={search_term_string}"},"query-input":{"@type":"PropertyValueSpecification","valueRequired":true,"valueName":"search_term_string"}}],"inLanguage":"en-US"},{"@type":"Organization","@id":"https:\/\/www.slopek.com\/#organization","name":"Slopek Rechtsanw\u00e4lte","url":"https:\/\/www.slopek.com\/","logo":{"@type":"ImageObject","inLanguage":"en-US","@id":"https:\/\/www.slopek.com\/#\/schema\/logo\/image\/","url":"https:\/\/www.slopek.com\/wp-content\/uploads\/slopek-logo.svg","contentUrl":"https:\/\/www.slopek.com\/wp-content\/uploads\/slopek-logo.svg","width":139,"height":55,"caption":"Slopek Rechtsanw\u00e4lte"},"image":{"@id":"https:\/\/www.slopek.com\/#\/schema\/logo\/image\/"}}]}},"uagb_featured_image_src":{"full":["https:\/\/www.slopek.com\/wp-content\/uploads\/Anwalt-Hamburg-Du\u0308sseldorf.jpg",1700,500,false],"thumbnail":["https:\/\/www.slopek.com\/wp-content\/uploads\/Anwalt-Hamburg-Du\u0308sseldorf-320x94.jpg",320,94,true],"medium":["https:\/\/www.slopek.com\/wp-content\/uploads\/Anwalt-Hamburg-Du\u0308sseldorf-640x188.jpg",640,188,true],"medium_large":["https:\/\/www.slopek.com\/wp-content\/uploads\/Anwalt-Hamburg-Du\u0308sseldorf.jpg",640,188,false],"large":["https:\/\/www.slopek.com\/wp-content\/uploads\/Anwalt-Hamburg-Du\u0308sseldorf-1280x376.jpg",640,188,true],"1536x1536":["https:\/\/www.slopek.com\/wp-content\/uploads\/Anwalt-Hamburg-Du\u0308sseldorf-1536x452.jpg",1536,452,true],"2048x2048":["https:\/\/www.slopek.com\/wp-content\/uploads\/Anwalt-Hamburg-Du\u0308sseldorf.jpg",1700,500,false],"post-preview-thumbnail":["https:\/\/www.slopek.com\/wp-content\/uploads\/Anwalt-Hamburg-Du\u0308sseldorf-320x200.jpg",320,200,true],"post-preview-large":["https:\/\/www.slopek.com\/wp-content\/uploads\/Anwalt-Hamburg-Du\u0308sseldorf-640x400.jpg",640,400,true],"publication-thumbnail":["https:\/\/www.slopek.com\/wp-content\/uploads\/Anwalt-Hamburg-Du\u0308sseldorf-200x296.jpg",200,296,true],"user-profile-thumbnail":["https:\/\/www.slopek.com\/wp-content\/uploads\/Anwalt-Hamburg-Du\u0308sseldorf-290x85.jpg",290,85,true],"avatar":["https:\/\/www.slopek.com\/wp-content\/uploads\/Anwalt-Hamburg-Du\u0308sseldorf-60x60.jpg",60,60,true],"avatar-large":["https:\/\/www.slopek.com\/wp-content\/uploads\/Anwalt-Hamburg-Du\u0308sseldorf-220x140.jpg",220,140,true],"profile_24":["https:\/\/www.slopek.com\/wp-content\/uploads\/Anwalt-Hamburg-Du\u0308sseldorf-24x24.jpg",24,24,true],"profile_48":["https:\/\/www.slopek.com\/wp-content\/uploads\/Anwalt-Hamburg-Du\u0308sseldorf-48x48.jpg",48,48,true],"profile_96":["https:\/\/www.slopek.com\/wp-content\/uploads\/Anwalt-Hamburg-Du\u0308sseldorf-96x96.jpg",96,96,true],"profile_150":["https:\/\/www.slopek.com\/wp-content\/uploads\/Anwalt-Hamburg-Du\u0308sseldorf-150x150.jpg",150,150,true],"profile_300":["https:\/\/www.slopek.com\/wp-content\/uploads\/Anwalt-Hamburg-Du\u0308sseldorf-300x300.jpg",300,300,true]},"uagb_author_info":{"display_name":"David Slopek","author_link":"https:\/\/www.slopek.com\/en\/author\/david-slopek\/"},"uagb_comment_info":0,"uagb_excerpt":"Data collection and use of your data In principle, you can visit our website without providing any personal information. For technical reasons, however, various data that your Internet browser transmits to us or our web servers is recorded. This includes the browser type and version, the date and time of your access, the page or&hellip;","acf":[],"_links":{"self":[{"href":"https:\/\/www.slopek.com\/en\/wp-json\/wp\/v2\/pages\/6175","targetHints":{"allow":["GET"]}}],"collection":[{"href":"https:\/\/www.slopek.com\/en\/wp-json\/wp\/v2\/pages"}],"about":[{"href":"https:\/\/www.slopek.com\/en\/wp-json\/wp\/v2\/types\/page"}],"author":[{"embeddable":true,"href":"https:\/\/www.slopek.com\/en\/wp-json\/wp\/v2\/users\/3"}],"replies":[{"embeddable":true,"href":"https:\/\/www.slopek.com\/en\/wp-json\/wp\/v2\/comments?post=6175"}],"version-history":[{"count":2,"href":"https:\/\/www.slopek.com\/en\/wp-json\/wp\/v2\/pages\/6175\/revisions"}],"predecessor-version":[{"id":7137,"href":"https:\/\/www.slopek.com\/en\/wp-json\/wp\/v2\/pages\/6175\/revisions\/7137"}],"wp:featuredmedia":[{"embeddable":true,"href":"https:\/\/www.slopek.com\/en\/wp-json\/wp\/v2\/media\/3730"}],"wp:attachment":[{"href":"https:\/\/www.slopek.com\/en\/wp-json\/wp\/v2\/media?parent=6175"}],"curies":[{"name":"wp","href":"https:\/\/api.w.org\/{rel}","templated":true}]}}