{"id":6263,"date":"2021-07-21T20:38:45","date_gmt":"2021-07-21T18:38:45","guid":{"rendered":"https:\/\/slopek-dev.flow4.one\/urheberrecht\/"},"modified":"2025-06-10T11:17:59","modified_gmt":"2025-06-10T09:17:59","slug":"urheberrecht","status":"publish","type":"page","link":"https:\/\/www.slopek.com\/en\/urheberrecht\/","title":{"rendered":"Copyright"},"content":{"rendered":"\n<p><strong>We understand and represent the legal interests of creators such as authors, designers, photographers, artists, labels, models, musicians, producers and programmers as well as exploiters such as agencies, labels and publishers. We are ready to help when it comes to protecting your intellectual property in the best possible way or supporting you with our expertise when concluding industry-typical contracts.<\/strong><\/p>\n\n\n\n<h2 class=\"wp-block-heading\">Copyright at a Glance<\/h2>\n\n\n\n<p>Copyright is a branch of industrial property law and protects the intellectual creations of artists, authors and other creators. It guarantees them the exclusive right to use, exploit and distribute their works.<\/p>\n\n\n\n<p>The Copyright Act (UrhG) regulates the protection periods, the rights of authors, the remuneration of authors and the exploitation of their works. It also protects the moral rights of authors, such as the right to recognition and the right to the integrity of their works.<\/p>\n\n\n\n<p>Overall, copyright law ensures that the intellectual creations of artists, authors and other creators are protected and that they are able to profit from their works. It also regulates the use and exploitation of these works by third parties and thus contributes to a fair distribution of remuneration for the authors.<\/p>\n\n\n\n<h2 class=\"wp-block-heading\">Our consulting focuses<\/h2>\n\n\n<div class=\"block-panel\" ><div class=\"candy_panel candy_panel--collapse \" id=\"panel_69e5e3fe2e334\" >\t<div class=\"candy_panel__header\">Photo law<\/div>\t<div class=\"candy_panel__body\">\t\t<div class=\"candy_panel__body__content\">\t\t\t\n\n<p>Due to the constant development in the field of digitalization, photography law is becoming increasingly important. It regulates the rights and obligations of a photographer, regardless of whether he or she is a professional or amateur photographer. Do you have any questions about what you need to consider when taking photos or what rights you are entitled to as a photographer? Then talk to us!<\/p>\n\n\n\n<p><a href=\"https:\/\/www.slopek.com\/en\/urheberrecht\/fotorecht\/\">Learn more<\/a><\/p>\n\n\t\t<\/div>\t<\/div><\/div><\/div>\n\n<div class=\"block-panel\" ><div class=\"candy_panel candy_panel--collapse \" id=\"panel_69e5e3fe2e4b1\" >\t<div class=\"candy_panel__header\">Film law<\/div>\t<div class=\"candy_panel__body\">\t\t<div class=\"candy_panel__body__content\">\t\t\t\n\n<p>We represent creators such as screenwriters, directors, actors and cameramen as well as producers and studios in all matters relating to intellectual property and media. Do you have any questions about this? Then feel free to contact us!<\/p>\n\n\n\n<p><a href=\"https:\/\/www.slopek.com\/en\/urheberrecht\/filmrecht\/\">Learn more<\/a><\/p>\n\n\t\t<\/div>\t<\/div><\/div><\/div>\n\n<div class=\"block-panel\" ><div class=\"candy_panel candy_panel--collapse \" id=\"panel_69e5e3fe2e63e\" >\t<div class=\"candy_panel__header\">Model law<\/div>\t<div class=\"candy_panel__body\">\t\t<div class=\"candy_panel__body__content\">\t\t\t\n\n<p>Model law is rarely in the spotlight, but it is crucial for a successful modeling business. It regulates the legal relationships between models, agencies and photographers. Do you have any questions about modeling agreements, shooting agreements or management and agency contracts? Then talk to us!<\/p>\n\n\n\n<p><a href=\"https:\/\/www.slopek.com\/en\/urheberrecht\/modelrecht\/\">Learn more<\/a><\/p>\n\n\t\t<\/div>\t<\/div><\/div><\/div>\n\n<div class=\"block-panel\" ><div class=\"candy_panel candy_panel--collapse \" id=\"panel_69e5e3fe2e7d2\" >\t<div class=\"candy_panel__header\">Music law<\/div>\t<div class=\"candy_panel__body\">\t\t<div class=\"candy_panel__body__content\">\t\t\t\n\n<p>We represent both musicians and labels in all matters relating to intellectual property and media. Do you have any questions? Then feel free to contact us!<\/p>\n\n\n\n<p><a href=\"https:\/\/www.slopek.com\/en\/urheberrecht\/musikrecht\/\">Learn more<\/a><\/p>\n\n\t\t<\/div>\t<\/div><\/div><\/div>\n\n<div class=\"block-panel\" ><div class=\"candy_panel candy_panel--collapse \" id=\"panel_69e5e3fe2e8f2\" >\t<div class=\"candy_panel__header\">Artist&#8217;s right<\/div>\t<div class=\"candy_panel__body\">\t\t<div class=\"candy_panel__body__content\">\t\t\t\n\n<p>We help artists and other creators to concentrate on their creative work by solving their legal problems in the background. Talk to us!<\/p>\n\n\t\t<\/div>\t<\/div><\/div><\/div>\n\n\n<div class=\"wp-block-columns call-to-action-section is-layout-flex wp-container-core-columns-is-layout-9d6595d7 wp-block-columns-is-layout-flex\">\n<div class=\"wp-block-column is-layout-flow wp-block-column-is-layout-flow\">\n<figure class=\"wp-block-image size-full\"><div class=\"flow4-media-wrapper wp-image-4659\" \n\t\t\t\t\t\tdata-module=\"module.scrollAnimation\" data-animation-id=\"contentMediaAnimation\" data-scroll-animation-type=\"sync\" data-scroll-animation-start=\"0\" data-scroll-animation-end=\"1\"\n\t\t\t\t\t><img loading=\"lazy\" decoding=\"async\" width=\"1200\" height=\"700\" src=\"https:\/\/www.slopek.com\/wp-content\/uploads\/CTA-Anwalt-Hamburg-Urheberrecht.jpg\" alt=\"Anwalt Hamburg Urheberrecht\" class=\"wp-image-4659\" srcset=\"https:\/\/www.slopek.com\/wp-content\/uploads\/CTA-Anwalt-Hamburg-Urheberrecht.jpg 1200w, https:\/\/www.slopek.com\/wp-content\/uploads\/CTA-Anwalt-Hamburg-Urheberrecht-320x187@2x.jpg 640w, https:\/\/www.slopek.com\/wp-content\/uploads\/CTA-Anwalt-Hamburg-Urheberrecht-320x187.jpg 320w, https:\/\/www.slopek.com\/wp-content\/uploads\/CTA-Anwalt-Hamburg-Urheberrecht-290x169.jpg 290w\" sizes=\"auto, (max-width: 1200px) 100vw, 1200px\" \/>\n\t\t\t\t\t<div class=\"flow4-media-wrapper__background\"><\/div>\n\t\t\t\t\t<\/div><\/div>\n\n\n\n<div class=\"wp-block-column slide-up-ani is-layout-flow wp-block-column-is-layout-flow\">\n<p><span>Your contact: Dr. David Slopek, LL.M.<\/span><\/p>\n\n\n\n<p><a href=\"https:\/\/www.slopek.com\/en\/kontakt\/\">Are you looking for competent legal advice in the area of \u200b\u200bcopyright law? Then contact us now without obligation.<\/a><\/p>\n<\/div>\n<\/div>\n\n\n    <div class=\"customer-feedback_wrapper\"><div class=\"feeedback__intro\"><p>What our clients say<\/p>\n<h2>Top advice. Fair prices.<\/h2>\n<\/div><div class=\"customer-feedbacks\"><div class=\"badge-wrapper\"><h2 class=\"badge-headline\">Very good<\/h2><span class=\"badge-stars\"><\/span><p class=\"badge-text\">5.0 stars (174 reviews, as of January 2025)<\/p><div class=\"badge-logo\"><a href=\"https:\/\/anwalt.de\/david-slopek\/\" target=\"_blank\"><\/a><\/div><\/div><div class=\"swiper-container feeedback__swiper\">    <div class=\"swiper-wrapper\"><div class=\"swiper-slide\">    <div class=\"content-wrapper\">        <div class=\"feedback-headline\">Trademark application<\/div>         <span class=\"feedback-stars\"><\/span>        <div class=\"feedback-copy\">Everything worked out great. Top advice! Registration went smoothly and quickly.<\/div>        <div class=\"feedback-details\">            <div class=\"feedback_company-details\">                <div class=\"feedback_detail-name\">Maximilian Huge<\/div><div class=\"feedback_detail-position\">Managing Director - <a href=\"https:\/\/register.dpma.de\/DPMAregister\/marke\/register\/3020221014858\/DE\" target=\"_blank\">Link<\/a><\/div>            <div class=\"feedback_company-logo\"><div class=\"flow4_image-container \" ><img loading=\"lazy\" decoding=\"async\" width=\"117\" height=\"50\" src=\"https:\/\/www.slopek.com\/wp-content\/uploads\/Philipp_Spiegelhoff_Bild.png\" class=\"attachment-large size-large\" alt=\"\" \/><\/div>            <\/div>            <\/div>        <\/div>    <\/div><\/div><div class=\"swiper-slide\">    <div class=\"content-wrapper\">        <div class=\"feedback-headline\">Design application<\/div>         <span class=\"feedback-stars\"><\/span>        <div class=\"feedback-copy\">Very exemplary quick feedback & advice on my request with subsequent precise processing and thus quick success in securing my practice design! Thank you very much...supported me a lot in my \"transitional phase\". Please add a smiley to the 5 stars \ud83d\ude42<\/div>        <div class=\"feedback-details\">            <div class=\"feedback_company-details\">                <div class=\"feedback_detail-name\">Dr. Kerstin Mei\u00dfner<\/div><div class=\"feedback_detail-position\">Practice owner - <a href=\"https:\/\/register.dpma.de\/DPMAregister\/gsm\/register?DNR=402019100082-0001\" target=\"_blank\">Link<\/a><\/div>            <div class=\"feedback_company-logo\"><div class=\"flow4_image-container \" ><img loading=\"lazy\" decoding=\"async\" width=\"67\" height=\"50\" src=\"https:\/\/www.slopek.com\/wp-content\/uploads\/Kerstin_Meissner_Bild.png\" class=\"attachment-large size-large\" alt=\"\" \/><\/div>            <\/div>            <\/div>        <\/div>    <\/div><\/div><div class=\"swiper-slide\">    <div class=\"content-wrapper\">        <div class=\"feedback-headline\">Trademark application<\/div>         <span class=\"feedback-stars\"><\/span>        <div class=\"feedback-copy\">We are very satisfied with the processing. Everything went quickly and smoothly.<\/div>        <div class=\"feedback-details\">            <div class=\"feedback_company-details\">                <div class=\"feedback_detail-name\">Philipp Spiegelhoff<\/div><div class=\"feedback_detail-position\">Self-employed person - <a href=\"https:\/\/register.dpma.de\/DPMAregister\/marke\/register\/3020221001543\/DE\" target=\"_blank\">Link<\/a><\/div>            <div class=\"feedback_company-logo\"><div class=\"flow4_image-container \" ><img loading=\"lazy\" decoding=\"async\" width=\"552\" height=\"72\" src=\"https:\/\/www.slopek.com\/wp-content\/uploads\/Philipp_Spiegelhoff_Bild-2.png\" class=\"attachment-large size-large\" alt=\"\" srcset=\"https:\/\/www.slopek.com\/wp-content\/uploads\/Philipp_Spiegelhoff_Bild-2.png 552w, https:\/\/www.slopek.com\/wp-content\/uploads\/Philipp_Spiegelhoff_Bild-2-320x42.png 320w, https:\/\/www.slopek.com\/wp-content\/uploads\/Philipp_Spiegelhoff_Bild-2-290x38.png 290w\" sizes=\"auto, (max-width: 552px) 100vw, 552px\" \/><\/div>            <\/div>            <\/div>        <\/div>    <\/div><\/div><\/div><\/div><\/div><div class=\"swiper-ui\">    <div class=\"feeedback__outro\"><p><a href=\"https:\/\/www.anwalt.de\/david-slopek\">Read all reviews<\/a><\/p>\n<\/div>    <div class=\"swiper-pagination\"><\/div>    <div class=\"swiper-button-prev\"><\/div>    <div class=\"swiper-button-next\"><\/div><\/div>        <\/div>\n\n\n\n<h2 class=\"wp-block-heading\">Copyright lawyer<\/h2>\n\n\n\n<p><meta charset=\"utf-8\">Dr. David Slopek has more than 10 years of intensive practical experience gained in Germany and abroad. After completing his studies, obtaining a Master of Laws and a doctorate at <meta charset=\"utf-8\"><a href=\"https:\/\/www.hhu.de\">Heinrich-Heine-<meta charset=\"utf-8\">University-D\u00fcsseldorf<\/a>, he was admitted to the bar by the <a href=\"https:\/\/www.rak-dus.de\">D\u00fcsseldorf Bar Association<\/a> in 2012. He learned his legal craft from scratch in a leading international law firm, for which he worked for around seven years in Alicante and Hamburg. In 2016, the <a href=\"https:\/\/www.rak-hamburg.de\" target=\"_blank\" rel=\"noreferrer noopener\">Hanseatic Bar Association of Hamburg<\/a> awarded him the title of specialist lawyer for intellectual property law. In addition to his professional qualifications, he has also published extensively, with over 80 specialist publications. He and his team will advise you with expertise and experience in all matters of trademark law.<\/p>\n\n\n","protected":false},"excerpt":{"rendered":"<p>We understand and represent the legal interests of creators such as authors, designers, photographers, artists, labels, models, musicians, producers and programmers as well as exploiters such as agencies, labels and publishers. We are ready to help when it comes to protecting your intellectual property in the best possible way or supporting you with our expertise [&hellip;]<\/p>\n","protected":false},"author":3,"featured_media":3470,"parent":0,"menu_order":0,"comment_status":"closed","ping_status":"closed","template":"","meta":{"_acf_changed":false,"_uag_custom_page_level_css":"","footnotes":""},"class_list":["post-6263","page","type-page","status-publish","has-post-thumbnail","hentry"],"yoast_head":"<!-- This site is optimized with the Yoast SEO plugin v27.4 - https:\/\/yoast.com\/product\/yoast-seo-wordpress\/ -->\n<title>Anwalt f\u00fcr Urheberrecht in Hamburg - Slopek Rechtsanw\u00e4lte<\/title>\n<meta name=\"description\" content=\"Ihr Anwalt f\u00fcr Urheberrecht in Hamburg. Jetzt mehr erfahren oder direkt Kontakt aufnehmen. Rechtsanwalt Dr. David Slopek \u260e 040 882153900\" \/>\n<meta name=\"robots\" content=\"index, follow, max-snippet:-1, max-image-preview:large, max-video-preview:-1\" \/>\n<link rel=\"canonical\" href=\"https:\/\/www.slopek.com\/en\/urheberrecht\/\" \/>\n<meta property=\"og:locale\" content=\"en_US\" \/>\n<meta property=\"og:type\" content=\"article\" \/>\n<meta property=\"og:title\" content=\"Anwalt f\u00fcr Urheberrecht in Hamburg - Slopek Rechtsanw\u00e4lte\" \/>\n<meta property=\"og:description\" content=\"Ihr Anwalt f\u00fcr Urheberrecht in Hamburg. Jetzt mehr erfahren oder direkt Kontakt aufnehmen. Rechtsanwalt Dr. David Slopek \u260e 040 882153900\" \/>\n<meta property=\"og:url\" content=\"https:\/\/www.slopek.com\/en\/urheberrecht\/\" \/>\n<meta property=\"og:site_name\" content=\"Slopek Rechtsanw\u00e4lte | Geistiges Eigentum, Wettbewerbs- und Medienrecht\" \/>\n<meta property=\"article:modified_time\" content=\"2025-06-10T09:17:59+00:00\" \/>\n<meta property=\"og:image\" content=\"https:\/\/www.slopek.com\/wp-content\/uploads\/Urheberrecht-Anwalt-Hamburg-Du\u0308sseldorf.jpg\" \/>\n\t<meta property=\"og:image:width\" content=\"1700\" \/>\n\t<meta property=\"og:image:height\" content=\"500\" \/>\n\t<meta property=\"og:image:type\" content=\"image\/jpeg\" \/>\n<meta name=\"twitter:card\" content=\"summary_large_image\" \/>\n<meta name=\"twitter:label1\" content=\"Est. reading time\" \/>\n\t<meta name=\"twitter:data1\" content=\"4 minutes\" \/>\n<script type=\"application\/ld+json\" class=\"yoast-schema-graph\">{\"@context\":\"https:\\\/\\\/schema.org\",\"@graph\":[{\"@type\":\"WebPage\",\"@id\":\"https:\\\/\\\/www.slopek.com\\\/en\\\/urheberrecht\\\/\",\"url\":\"https:\\\/\\\/www.slopek.com\\\/en\\\/urheberrecht\\\/\",\"name\":\"Anwalt f\u00fcr Urheberrecht in Hamburg - Slopek Rechtsanw\u00e4lte\",\"isPartOf\":{\"@id\":\"https:\\\/\\\/www.slopek.com\\\/#website\"},\"primaryImageOfPage\":{\"@id\":\"https:\\\/\\\/www.slopek.com\\\/en\\\/urheberrecht\\\/#primaryimage\"},\"image\":{\"@id\":\"https:\\\/\\\/www.slopek.com\\\/en\\\/urheberrecht\\\/#primaryimage\"},\"thumbnailUrl\":\"https:\\\/\\\/www.slopek.com\\\/wp-content\\\/uploads\\\/Urheberrecht-Anwalt-Hamburg-Du\u0308sseldorf.jpg\",\"datePublished\":\"2021-07-21T18:38:45+00:00\",\"dateModified\":\"2025-06-10T09:17:59+00:00\",\"description\":\"Ihr Anwalt f\u00fcr Urheberrecht in Hamburg. Jetzt mehr erfahren oder direkt Kontakt aufnehmen. Rechtsanwalt Dr. David Slopek \u260e 040 882153900\",\"breadcrumb\":{\"@id\":\"https:\\\/\\\/www.slopek.com\\\/en\\\/urheberrecht\\\/#breadcrumb\"},\"inLanguage\":\"en-US\",\"potentialAction\":[{\"@type\":\"ReadAction\",\"target\":[\"https:\\\/\\\/www.slopek.com\\\/en\\\/urheberrecht\\\/\"]}]},{\"@type\":\"ImageObject\",\"inLanguage\":\"en-US\",\"@id\":\"https:\\\/\\\/www.slopek.com\\\/en\\\/urheberrecht\\\/#primaryimage\",\"url\":\"https:\\\/\\\/www.slopek.com\\\/wp-content\\\/uploads\\\/Urheberrecht-Anwalt-Hamburg-Du\u0308sseldorf.jpg\",\"contentUrl\":\"https:\\\/\\\/www.slopek.com\\\/wp-content\\\/uploads\\\/Urheberrecht-Anwalt-Hamburg-Du\u0308sseldorf.jpg\",\"width\":1700,\"height\":500},{\"@type\":\"BreadcrumbList\",\"@id\":\"https:\\\/\\\/www.slopek.com\\\/en\\\/urheberrecht\\\/#breadcrumb\",\"itemListElement\":[{\"@type\":\"ListItem\",\"position\":1,\"name\":\"Startseite\",\"item\":\"https:\\\/\\\/www.slopek.com\\\/en\\\/\"},{\"@type\":\"ListItem\",\"position\":2,\"name\":\"Copyright\"}]},{\"@type\":\"WebSite\",\"@id\":\"https:\\\/\\\/www.slopek.com\\\/#website\",\"url\":\"https:\\\/\\\/www.slopek.com\\\/\",\"name\":\"Slopek Rechtsanw\u00e4lte | Geistiges Eigentum, Wettbewerbs- und Medienrecht\",\"description\":\"Markenrecht | Urheberrecht | Wettbewerbsrecht | Medienrecht\",\"publisher\":{\"@id\":\"https:\\\/\\\/www.slopek.com\\\/#organization\"},\"potentialAction\":[{\"@type\":\"SearchAction\",\"target\":{\"@type\":\"EntryPoint\",\"urlTemplate\":\"https:\\\/\\\/www.slopek.com\\\/?s={search_term_string}\"},\"query-input\":{\"@type\":\"PropertyValueSpecification\",\"valueRequired\":true,\"valueName\":\"search_term_string\"}}],\"inLanguage\":\"en-US\"},{\"@type\":\"Organization\",\"@id\":\"https:\\\/\\\/www.slopek.com\\\/#organization\",\"name\":\"Slopek Rechtsanw\u00e4lte\",\"url\":\"https:\\\/\\\/www.slopek.com\\\/\",\"logo\":{\"@type\":\"ImageObject\",\"inLanguage\":\"en-US\",\"@id\":\"https:\\\/\\\/www.slopek.com\\\/#\\\/schema\\\/logo\\\/image\\\/\",\"url\":\"https:\\\/\\\/www.slopek.com\\\/wp-content\\\/uploads\\\/slopek-logo.svg\",\"contentUrl\":\"https:\\\/\\\/www.slopek.com\\\/wp-content\\\/uploads\\\/slopek-logo.svg\",\"width\":139,\"height\":55,\"caption\":\"Slopek Rechtsanw\u00e4lte\"},\"image\":{\"@id\":\"https:\\\/\\\/www.slopek.com\\\/#\\\/schema\\\/logo\\\/image\\\/\"}}]}<\/script>\n<!-- \/ Yoast SEO plugin. -->","yoast_head_json":{"title":"Anwalt f\u00fcr Urheberrecht in Hamburg - Slopek Rechtsanw\u00e4lte","description":"Ihr Anwalt f\u00fcr Urheberrecht in Hamburg. Jetzt mehr erfahren oder direkt Kontakt aufnehmen. Rechtsanwalt Dr. David Slopek \u260e 040 882153900","robots":{"index":"index","follow":"follow","max-snippet":"max-snippet:-1","max-image-preview":"max-image-preview:large","max-video-preview":"max-video-preview:-1"},"canonical":"https:\/\/www.slopek.com\/en\/urheberrecht\/","og_locale":"en_US","og_type":"article","og_title":"Anwalt f\u00fcr Urheberrecht in Hamburg - Slopek Rechtsanw\u00e4lte","og_description":"Ihr Anwalt f\u00fcr Urheberrecht in Hamburg. Jetzt mehr erfahren oder direkt Kontakt aufnehmen. Rechtsanwalt Dr. David Slopek \u260e 040 882153900","og_url":"https:\/\/www.slopek.com\/en\/urheberrecht\/","og_site_name":"Slopek Rechtsanw\u00e4lte | Geistiges Eigentum, Wettbewerbs- und Medienrecht","article_modified_time":"2025-06-10T09:17:59+00:00","og_image":[{"width":1700,"height":500,"url":"https:\/\/www.slopek.com\/wp-content\/uploads\/Urheberrecht-Anwalt-Hamburg-Du\u0308sseldorf.jpg","type":"image\/jpeg"}],"twitter_card":"summary_large_image","twitter_misc":{"Est. reading time":"4 minutes"},"schema":{"@context":"https:\/\/schema.org","@graph":[{"@type":"WebPage","@id":"https:\/\/www.slopek.com\/en\/urheberrecht\/","url":"https:\/\/www.slopek.com\/en\/urheberrecht\/","name":"Anwalt f\u00fcr Urheberrecht in Hamburg - Slopek Rechtsanw\u00e4lte","isPartOf":{"@id":"https:\/\/www.slopek.com\/#website"},"primaryImageOfPage":{"@id":"https:\/\/www.slopek.com\/en\/urheberrecht\/#primaryimage"},"image":{"@id":"https:\/\/www.slopek.com\/en\/urheberrecht\/#primaryimage"},"thumbnailUrl":"https:\/\/www.slopek.com\/wp-content\/uploads\/Urheberrecht-Anwalt-Hamburg-Du\u0308sseldorf.jpg","datePublished":"2021-07-21T18:38:45+00:00","dateModified":"2025-06-10T09:17:59+00:00","description":"Ihr Anwalt f\u00fcr Urheberrecht in Hamburg. Jetzt mehr erfahren oder direkt Kontakt aufnehmen. Rechtsanwalt Dr. David Slopek \u260e 040 882153900","breadcrumb":{"@id":"https:\/\/www.slopek.com\/en\/urheberrecht\/#breadcrumb"},"inLanguage":"en-US","potentialAction":[{"@type":"ReadAction","target":["https:\/\/www.slopek.com\/en\/urheberrecht\/"]}]},{"@type":"ImageObject","inLanguage":"en-US","@id":"https:\/\/www.slopek.com\/en\/urheberrecht\/#primaryimage","url":"https:\/\/www.slopek.com\/wp-content\/uploads\/Urheberrecht-Anwalt-Hamburg-Du\u0308sseldorf.jpg","contentUrl":"https:\/\/www.slopek.com\/wp-content\/uploads\/Urheberrecht-Anwalt-Hamburg-Du\u0308sseldorf.jpg","width":1700,"height":500},{"@type":"BreadcrumbList","@id":"https:\/\/www.slopek.com\/en\/urheberrecht\/#breadcrumb","itemListElement":[{"@type":"ListItem","position":1,"name":"Startseite","item":"https:\/\/www.slopek.com\/en\/"},{"@type":"ListItem","position":2,"name":"Copyright"}]},{"@type":"WebSite","@id":"https:\/\/www.slopek.com\/#website","url":"https:\/\/www.slopek.com\/","name":"Slopek Rechtsanw\u00e4lte | Geistiges Eigentum, Wettbewerbs- und Medienrecht","description":"Markenrecht | Urheberrecht | Wettbewerbsrecht | Medienrecht","publisher":{"@id":"https:\/\/www.slopek.com\/#organization"},"potentialAction":[{"@type":"SearchAction","target":{"@type":"EntryPoint","urlTemplate":"https:\/\/www.slopek.com\/?s={search_term_string}"},"query-input":{"@type":"PropertyValueSpecification","valueRequired":true,"valueName":"search_term_string"}}],"inLanguage":"en-US"},{"@type":"Organization","@id":"https:\/\/www.slopek.com\/#organization","name":"Slopek Rechtsanw\u00e4lte","url":"https:\/\/www.slopek.com\/","logo":{"@type":"ImageObject","inLanguage":"en-US","@id":"https:\/\/www.slopek.com\/#\/schema\/logo\/image\/","url":"https:\/\/www.slopek.com\/wp-content\/uploads\/slopek-logo.svg","contentUrl":"https:\/\/www.slopek.com\/wp-content\/uploads\/slopek-logo.svg","width":139,"height":55,"caption":"Slopek Rechtsanw\u00e4lte"},"image":{"@id":"https:\/\/www.slopek.com\/#\/schema\/logo\/image\/"}}]}},"uagb_featured_image_src":{"full":["https:\/\/www.slopek.com\/wp-content\/uploads\/Urheberrecht-Anwalt-Hamburg-Du\u0308sseldorf.jpg",1700,500,false],"thumbnail":["https:\/\/www.slopek.com\/wp-content\/uploads\/Urheberrecht-Anwalt-Hamburg-Du\u0308sseldorf-320x94.jpg",320,94,true],"medium":["https:\/\/www.slopek.com\/wp-content\/uploads\/Urheberrecht-Anwalt-Hamburg-Du\u0308sseldorf-640x188.jpg",640,188,true],"medium_large":["https:\/\/www.slopek.com\/wp-content\/uploads\/Urheberrecht-Anwalt-Hamburg-Du\u0308sseldorf.jpg",640,188,false],"large":["https:\/\/www.slopek.com\/wp-content\/uploads\/Urheberrecht-Anwalt-Hamburg-Du\u0308sseldorf-1280x376.jpg",640,188,true],"1536x1536":["https:\/\/www.slopek.com\/wp-content\/uploads\/Urheberrecht-Anwalt-Hamburg-Du\u0308sseldorf-1536x452.jpg",1536,452,true],"2048x2048":["https:\/\/www.slopek.com\/wp-content\/uploads\/Urheberrecht-Anwalt-Hamburg-Du\u0308sseldorf.jpg",1700,500,false],"post-preview-thumbnail":["https:\/\/www.slopek.com\/wp-content\/uploads\/Urheberrecht-Anwalt-Hamburg-Du\u0308sseldorf-320x200.jpg",320,200,true],"post-preview-large":["https:\/\/www.slopek.com\/wp-content\/uploads\/Urheberrecht-Anwalt-Hamburg-Du\u0308sseldorf-640x400.jpg",640,400,true],"publication-thumbnail":["https:\/\/www.slopek.com\/wp-content\/uploads\/Urheberrecht-Anwalt-Hamburg-Du\u0308sseldorf-200x296.jpg",200,296,true],"user-profile-thumbnail":["https:\/\/www.slopek.com\/wp-content\/uploads\/Urheberrecht-Anwalt-Hamburg-Du\u0308sseldorf-290x85.jpg",290,85,true],"avatar":["https:\/\/www.slopek.com\/wp-content\/uploads\/Urheberrecht-Anwalt-Hamburg-Du\u0308sseldorf-60x60.jpg",60,60,true],"avatar-large":["https:\/\/www.slopek.com\/wp-content\/uploads\/Urheberrecht-Anwalt-Hamburg-Du\u0308sseldorf-220x140.jpg",220,140,true],"profile_24":["https:\/\/www.slopek.com\/wp-content\/uploads\/Urheberrecht-Anwalt-Hamburg-Du\u0308sseldorf-24x24.jpg",24,24,true],"profile_48":["https:\/\/www.slopek.com\/wp-content\/uploads\/Urheberrecht-Anwalt-Hamburg-Du\u0308sseldorf-48x48.jpg",48,48,true],"profile_96":["https:\/\/www.slopek.com\/wp-content\/uploads\/Urheberrecht-Anwalt-Hamburg-Du\u0308sseldorf-96x96.jpg",96,96,true],"profile_150":["https:\/\/www.slopek.com\/wp-content\/uploads\/Urheberrecht-Anwalt-Hamburg-Du\u0308sseldorf-150x150.jpg",150,150,true],"profile_300":["https:\/\/www.slopek.com\/wp-content\/uploads\/Urheberrecht-Anwalt-Hamburg-Du\u0308sseldorf-300x300.jpg",300,300,true]},"uagb_author_info":{"display_name":"David Slopek","author_link":"https:\/\/www.slopek.com\/en\/author\/david-slopek\/"},"uagb_comment_info":0,"uagb_excerpt":"We understand and represent the legal interests of creators such as authors, designers, photographers, artists, labels, models, musicians, producers and programmers as well as exploiters such as agencies, labels and publishers. We are ready to help when it comes to protecting your intellectual property in the best possible way or supporting you with our expertise&hellip;","acf":[],"_links":{"self":[{"href":"https:\/\/www.slopek.com\/en\/wp-json\/wp\/v2\/pages\/6263","targetHints":{"allow":["GET"]}}],"collection":[{"href":"https:\/\/www.slopek.com\/en\/wp-json\/wp\/v2\/pages"}],"about":[{"href":"https:\/\/www.slopek.com\/en\/wp-json\/wp\/v2\/types\/page"}],"author":[{"embeddable":true,"href":"https:\/\/www.slopek.com\/en\/wp-json\/wp\/v2\/users\/3"}],"replies":[{"embeddable":true,"href":"https:\/\/www.slopek.com\/en\/wp-json\/wp\/v2\/comments?post=6263"}],"version-history":[{"count":22,"href":"https:\/\/www.slopek.com\/en\/wp-json\/wp\/v2\/pages\/6263\/revisions"}],"predecessor-version":[{"id":7120,"href":"https:\/\/www.slopek.com\/en\/wp-json\/wp\/v2\/pages\/6263\/revisions\/7120"}],"wp:featuredmedia":[{"embeddable":true,"href":"https:\/\/www.slopek.com\/en\/wp-json\/wp\/v2\/media\/3470"}],"wp:attachment":[{"href":"https:\/\/www.slopek.com\/en\/wp-json\/wp\/v2\/media?parent=6263"}],"curies":[{"name":"wp","href":"https:\/\/api.w.org\/{rel}","templated":true}]}}