{"id":6294,"date":"2021-07-25T16:55:11","date_gmt":"2021-07-25T14:55:11","guid":{"rendered":"https:\/\/slopek-dev.flow4.one\/urheberrecht\/musikrecht\/"},"modified":"2025-01-21T14:25:50","modified_gmt":"2025-01-21T13:25:50","slug":"musikrecht","status":"publish","type":"page","link":"https:\/\/www.slopek.com\/en\/musikrecht\/","title":{"rendered":"Music law"},"content":{"rendered":"\n<p><strong>Artists&#8217; copyrights are the linchpin of music law. There are a large number of parties involved and an even greater range of contracts concluded between them. We advise musicians, bands, managers, labels, agencies and other music companies on contract drafting, in the event of infringements and on all other questions relating to the production and marketing of musical works.<\/strong><\/p>\n\n\n\n<h2 class=\"wp-block-heading\">FAQ music law<\/h2>\n\n\n<div class=\"block-panel\" ><div class=\"candy_panel candy_panel--collapse \" id=\"panel_69e3cc8119633\" >\t<div class=\"candy_panel__header\">What do I have to consider when founding a band as a member?<\/div>\t<div class=\"candy_panel__body\">\t\t<div class=\"candy_panel__body__content\">\t\t\t\n\n<p>What many people don&#8217;t know is that when they form a band, they automatically form a partnership under civil law (GbR for short). A professional partnership agreement for the band helps to avoid disputes and to advance the band as a whole. How are decisions made in the event of a dispute? Who represents the band externally? What happens if a member doesn&#8217;t show up for a performance? A band contract is particularly important if the band breaks up. If clear and appropriate regulations weren&#8217;t made when the band was founded, disputes are inevitable. Who owns the right to the band&#8217;s name? Can a member be forced to leave the band? What happens to the band&#8217;s assets? We&#8217;ll be happy to help you draw up a contract that&#8217;s right for your band.<\/p>\n\n\t\t<\/div>\t<\/div><\/div><\/div>\n\n<div class=\"block-panel\" ><div class=\"candy_panel candy_panel--collapse \" id=\"panel_69e3cc811982c\" >\t<div class=\"candy_panel__header\">What copyrights do I have as a musician or band member?<\/div>\t<div class=\"candy_panel__body\">\t\t<div class=\"candy_panel__body__content\">\t\t\t\n\n<p>As a musician, you have extensive copyrights to your musical works. These include, for example, the right of reproduction, the right of distribution, the right of broadcasting, the right of making available to the public, the right of reproduction via sound recordings, and the right of recitation, performance and presentation.<\/p>\n\n\n\n<p>If you are a co-author as a band member, you can only jointly control your copyrights. However, if there is a violation of rights, you can also take action against the infringer on your own.<\/p>\n\n\t\t<\/div>\t<\/div><\/div><\/div>\n\n<div class=\"block-panel\" ><div class=\"candy_panel candy_panel--collapse \" id=\"panel_69e3cc811998e\" >\t<div class=\"candy_panel__header\">Why do you need a license agreement<\/div>\t<div class=\"candy_panel__body\">\t\t<div class=\"candy_panel__body__content\">\t\t\t\n\n<p>If you want to commercialize one of your copyrights, you can do so. You are free to decide which usage rights you want to grant to your contractual partner and how. It is advisable to conclude a written license agreement regarding the usage rights. This ensures legal certainty in the event of a dispute. We are happy to help you draw up a license agreement that is tailored to your individual needs.<\/p>\n\n\t\t<\/div>\t<\/div><\/div><\/div>\n\n<div class=\"block-panel\" ><div class=\"candy_panel candy_panel--collapse \" id=\"panel_69e3cc8119af0\" >\t<div class=\"candy_panel__header\">What is an artist contract?<\/div>\t<div class=\"candy_panel__body\">\t\t<div class=\"candy_panel__body__content\">\t\t\t\n\n<p>The artist contract regulates the legal relationship between the artist and the label. The musician grants the label the rights to use the recording. He also usually has a right to co-determination, e.g. he can decide which tracks will be included in the album. In return, the label covers the production costs. The musician also receives a share of the profits.<\/p>\n\n\t\t<\/div>\t<\/div><\/div><\/div>\n\n<div class=\"block-panel\" ><div class=\"candy_panel candy_panel--collapse \" id=\"panel_69e3cc8119c40\" >\t<div class=\"candy_panel__header\">What is a band takeover or label contract?<\/div>\t<div class=\"candy_panel__body\">\t\t<div class=\"candy_panel__body__content\">\t\t\t\n\n<p>The band contract or label contract regulates the relationship between the artist and a label. The artist grants the label exploitation rights, as in the artist contract. In return, the label undertakes to market the sound recordings. The artist receives an appropriate share of the economic success. In contrast to the artist contract, the label does not cover the production costs and therefore has no right of co-determination and the artist&#8217;s financial share of the sales is higher. Merchandising, sponsorship and tour and concert services should also be regulated.<\/p>\n\n\t\t<\/div>\t<\/div><\/div><\/div>\n\n<div class=\"block-panel\" ><div class=\"candy_panel candy_panel--collapse \" id=\"panel_69e3cc8119d9c\" >\t<div class=\"candy_panel__header\">What is a distribution agreement?<\/div>\t<div class=\"candy_panel__body\">\t\t<div class=\"candy_panel__body__content\">\t\t\t\n\n<p>Musicians can sell their copyrights directly to a company like Spotify, Google Play or iTunes through a distribution agreement. This saves them the costs of using a label.<\/p>\n\n\t\t<\/div>\t<\/div><\/div><\/div>\n\n<div class=\"block-panel\" ><div class=\"candy_panel candy_panel--collapse \" id=\"panel_69e3cc8119ef9\" >\t<div class=\"candy_panel__header\">What can I do if someone publishes my music without my consent?<\/div>\t<div class=\"candy_panel__body\">\t\t<div class=\"candy_panel__body__content\">\t\t\t\n\n<p>If someone violates one of the above rights without your consent, you have several claims against the infringer. You can assert these by issuing a warning to the infringer. The warning must be formulated very precisely in order to be effective, which is why it is advisable to seek legal advice for this.<\/p>\n\n\t\t<\/div>\t<\/div><\/div><\/div>\n\n<div class=\"block-panel\" ><div class=\"candy_panel candy_panel--collapse \" id=\"panel_69e3cc811a053\" >\t<div class=\"candy_panel__header\">What else needs to be considered when it comes to music law?<\/div>\t<div class=\"candy_panel__body\">\t\t<div class=\"candy_panel__body__content\">\t\t\t\n\n<p>There are other potential contracts in music law that can help you with your career. For example, you can look for a manager who will advise and support you. For this, you should sign a management contract. You can also look for an agency that will represent you and advertise for you. Booking agencies can help you arrange gigs. You should also sign an engagement contract with the organizer for a gig. These relationships should also be contractually secured. In order to protect your interests as best as possible, we are happy to help you draw up these contracts.<\/p>\n\n\t\t<\/div>\t<\/div><\/div><\/div>\n\n\n<h2 class=\"wp-block-heading\">Musicians and brands<\/h2>\n\n\n\n<p>What is often overlooked is that as a musician you actually want to build a brand. It doesn&#8217;t matter whether you perform under an artist name or want to be known under your own name. Don&#8217;t forget to protect your name as a trademark! As one of Germany&#8217;s leading law firms in trademark law, we will of course also advise you on the important area of <a href=\"https:\/\/www.slopek.com\/en\/markenrecht\/markenanmeldung\/\">\u200b\u200btrademark registration<\/a>.<\/p>\n\n\n    <div class=\"customer-feedback_wrapper\"><div class=\"feeedback__intro\"><p>What our clients say<\/p>\n<h2>Top advice. Fair prices.<\/h2>\n<\/div><div class=\"customer-feedbacks\"><div class=\"badge-wrapper\"><h2 class=\"badge-headline\">Very good<\/h2><span class=\"badge-stars\"><\/span><p class=\"badge-text\">5.0 stars (174 reviews, as of January 2025)<\/p><div class=\"badge-logo\"><a href=\"https:\/\/anwalt.de\/david-slopek\/\" target=\"_blank\"><\/a><\/div><\/div><div class=\"swiper-container feeedback__swiper\">    <div class=\"swiper-wrapper\"><div class=\"swiper-slide\">    <div class=\"content-wrapper\">        <div class=\"feedback-headline\">Trademark application<\/div>         <span class=\"feedback-stars\"><\/span>        <div class=\"feedback-copy\">Everything worked out great. Top advice! Registration went smoothly and quickly.<\/div>        <div class=\"feedback-details\">            <div class=\"feedback_company-details\">                <div class=\"feedback_detail-name\">Maximilian Huge<\/div><div class=\"feedback_detail-position\">Managing Director - <a href=\"https:\/\/register.dpma.de\/DPMAregister\/marke\/register\/3020221014858\/DE\" target=\"_blank\">Link<\/a><\/div>            <div class=\"feedback_company-logo\"><div class=\"flow4_image-container \" ><img loading=\"lazy\" decoding=\"async\" width=\"117\" height=\"50\" src=\"https:\/\/www.slopek.com\/wp-content\/uploads\/Philipp_Spiegelhoff_Bild.png\" class=\"attachment-large size-large\" alt=\"\" \/><\/div>            <\/div>            <\/div>        <\/div>    <\/div><\/div><div class=\"swiper-slide\">    <div class=\"content-wrapper\">        <div class=\"feedback-headline\">Design application<\/div>         <span class=\"feedback-stars\"><\/span>        <div class=\"feedback-copy\">Very exemplary quick feedback & advice on my request with subsequent precise processing and thus quick success in securing my practice design! Thank you very much...supported me a lot in my \"transitional phase\". Please add a smiley to the 5 stars \ud83d\ude42<\/div>        <div class=\"feedback-details\">            <div class=\"feedback_company-details\">                <div class=\"feedback_detail-name\">Dr. Kerstin Mei\u00dfner<\/div><div class=\"feedback_detail-position\">Practice owner - <a href=\"https:\/\/register.dpma.de\/DPMAregister\/gsm\/register?DNR=402019100082-0001\" target=\"_blank\">Link<\/a><\/div>            <div class=\"feedback_company-logo\"><div class=\"flow4_image-container \" ><img loading=\"lazy\" decoding=\"async\" width=\"67\" height=\"50\" src=\"https:\/\/www.slopek.com\/wp-content\/uploads\/Kerstin_Meissner_Bild.png\" class=\"attachment-large size-large\" alt=\"\" \/><\/div>            <\/div>            <\/div>        <\/div>    <\/div><\/div><div class=\"swiper-slide\">    <div class=\"content-wrapper\">        <div class=\"feedback-headline\">Trademark application<\/div>         <span class=\"feedback-stars\"><\/span>        <div class=\"feedback-copy\">We are very satisfied with the processing. Everything went quickly and smoothly.<\/div>        <div class=\"feedback-details\">            <div class=\"feedback_company-details\">                <div class=\"feedback_detail-name\">Philipp Spiegelhoff<\/div><div class=\"feedback_detail-position\">Self-employed person - <a href=\"https:\/\/register.dpma.de\/DPMAregister\/marke\/register\/3020221001543\/DE\" target=\"_blank\">Link<\/a><\/div>            <div class=\"feedback_company-logo\"><div class=\"flow4_image-container \" ><img loading=\"lazy\" decoding=\"async\" width=\"552\" height=\"72\" src=\"https:\/\/www.slopek.com\/wp-content\/uploads\/Philipp_Spiegelhoff_Bild-2.png\" class=\"attachment-large size-large\" alt=\"\" srcset=\"https:\/\/www.slopek.com\/wp-content\/uploads\/Philipp_Spiegelhoff_Bild-2.png 552w, https:\/\/www.slopek.com\/wp-content\/uploads\/Philipp_Spiegelhoff_Bild-2-320x42.png 320w, https:\/\/www.slopek.com\/wp-content\/uploads\/Philipp_Spiegelhoff_Bild-2-290x38.png 290w\" sizes=\"auto, (max-width: 552px) 100vw, 552px\" \/><\/div>            <\/div>            <\/div>        <\/div>    <\/div><\/div><\/div><\/div><\/div><div class=\"swiper-ui\">    <div class=\"feeedback__outro\"><p><a href=\"https:\/\/www.anwalt.de\/david-slopek\">Read all reviews<\/a><\/p>\n<\/div>    <div class=\"swiper-pagination\"><\/div>    <div class=\"swiper-button-prev\"><\/div>    <div class=\"swiper-button-next\"><\/div><\/div>        <\/div>\n\n\n\n<h2 class=\"wp-block-heading\">Music law attorney<\/h2>\n\n\n\n<p><meta charset=\"utf-8\">Dr. David Slopek has more than 10 years of intensive practical experience gained in Germany and abroad. After completing his studies, obtaining a Master of Laws and a doctorate at <meta charset=\"utf-8\"><a href=\"https:\/\/www.hhu.de\">Heinrich-Heine-<meta charset=\"utf-8\">University-D\u00fcsseldorf<\/a>, he was admitted to the bar by the <a href=\"https:\/\/www.rak-dus.de\">D\u00fcsseldorf Bar Association<\/a> in 2012. He learned his legal craft from scratch in a leading international law firm, for which he worked for around seven years in Alicante and Hamburg. In 2016, the <a href=\"https:\/\/www.rak-hamburg.de\" target=\"_blank\" rel=\"noreferrer noopener\">Hanseatic Bar Association of Hamburg<\/a> awarded him the title of specialist lawyer for intellectual property law. In addition to his professional qualifications, he has also published extensively, with over 80 specialist publications. He and his team will advise you with expertise and experience in all matters of trademark law.<\/p>\n","protected":false},"excerpt":{"rendered":"<p>Artists&#8217; copyrights are the linchpin of music law. There are a large number of parties involved and an even greater range of contracts concluded between them. We advise musicians, bands, managers, labels, agencies and other music companies on contract drafting, in the event of infringements and on all other questions relating to the production and [&hellip;]<\/p>\n","protected":false},"author":3,"featured_media":3738,"parent":0,"menu_order":0,"comment_status":"closed","ping_status":"closed","template":"","meta":{"_acf_changed":false,"_uag_custom_page_level_css":"","footnotes":""},"class_list":["post-6294","page","type-page","status-publish","has-post-thumbnail","hentry"],"yoast_head":"<!-- This site is optimized with the Yoast SEO plugin v27.4 - https:\/\/yoast.com\/product\/yoast-seo-wordpress\/ -->\n<title>Anwalt f\u00fcr Musikrecht in Hamburg - Slopek Rechtsanw\u00e4lte<\/title>\n<meta name=\"description\" content=\"Ihr Anwalt f\u00fcr Musikrecht in Hamburg. Jetzt mehr erfahren oder direkt Kontakt aufnehmen. Rechtsanwalt Dr. David Slopek \u260e 040 882153900\" \/>\n<meta name=\"robots\" content=\"index, follow, max-snippet:-1, max-image-preview:large, max-video-preview:-1\" \/>\n<link rel=\"canonical\" href=\"https:\/\/www.slopek.com\/en\/urheberrecht\/musikrecht\/\" \/>\n<meta property=\"og:locale\" content=\"en_US\" \/>\n<meta property=\"og:type\" content=\"article\" \/>\n<meta property=\"og:title\" content=\"Anwalt f\u00fcr Musikrecht in Hamburg - Slopek Rechtsanw\u00e4lte\" \/>\n<meta property=\"og:description\" content=\"Ihr Anwalt f\u00fcr Musikrecht in Hamburg. Jetzt mehr erfahren oder direkt Kontakt aufnehmen. Rechtsanwalt Dr. David Slopek \u260e 040 882153900\" \/>\n<meta property=\"og:url\" content=\"https:\/\/www.slopek.com\/en\/urheberrecht\/musikrecht\/\" \/>\n<meta property=\"og:site_name\" content=\"Slopek Rechtsanw\u00e4lte | Geistiges Eigentum, Wettbewerbs- und Medienrecht\" \/>\n<meta property=\"article:modified_time\" content=\"2025-01-21T13:25:50+00:00\" \/>\n<meta property=\"og:image\" content=\"https:\/\/www.slopek.com\/wp-content\/uploads\/Anwalt-Musikrecht-Hamburg-Du\u0308sseldorf.jpg\" \/>\n\t<meta property=\"og:image:width\" content=\"1700\" \/>\n\t<meta property=\"og:image:height\" content=\"500\" \/>\n\t<meta property=\"og:image:type\" content=\"image\/jpeg\" \/>\n<meta name=\"twitter:card\" content=\"summary_large_image\" \/>\n<meta name=\"twitter:label1\" content=\"Est. reading time\" \/>\n\t<meta name=\"twitter:data1\" content=\"4 minutes\" \/>\n<script type=\"application\/ld+json\" class=\"yoast-schema-graph\">{\"@context\":\"https:\\\/\\\/schema.org\",\"@graph\":[{\"@type\":\"WebPage\",\"@id\":\"https:\\\/\\\/www.slopek.com\\\/en\\\/urheberrecht\\\/musikrecht\\\/\",\"url\":\"https:\\\/\\\/www.slopek.com\\\/en\\\/urheberrecht\\\/musikrecht\\\/\",\"name\":\"Anwalt f\u00fcr Musikrecht in Hamburg - Slopek Rechtsanw\u00e4lte\",\"isPartOf\":{\"@id\":\"https:\\\/\\\/www.slopek.com\\\/#website\"},\"primaryImageOfPage\":{\"@id\":\"https:\\\/\\\/www.slopek.com\\\/en\\\/urheberrecht\\\/musikrecht\\\/#primaryimage\"},\"image\":{\"@id\":\"https:\\\/\\\/www.slopek.com\\\/en\\\/urheberrecht\\\/musikrecht\\\/#primaryimage\"},\"thumbnailUrl\":\"https:\\\/\\\/www.slopek.com\\\/wp-content\\\/uploads\\\/Anwalt-Musikrecht-Hamburg-Du\u0308sseldorf.jpg\",\"datePublished\":\"2021-07-25T14:55:11+00:00\",\"dateModified\":\"2025-01-21T13:25:50+00:00\",\"description\":\"Ihr Anwalt f\u00fcr Musikrecht in Hamburg. Jetzt mehr erfahren oder direkt Kontakt aufnehmen. Rechtsanwalt Dr. David Slopek \u260e 040 882153900\",\"breadcrumb\":{\"@id\":\"https:\\\/\\\/www.slopek.com\\\/en\\\/urheberrecht\\\/musikrecht\\\/#breadcrumb\"},\"inLanguage\":\"en-US\",\"potentialAction\":[{\"@type\":\"ReadAction\",\"target\":[\"https:\\\/\\\/www.slopek.com\\\/en\\\/urheberrecht\\\/musikrecht\\\/\"]}]},{\"@type\":\"ImageObject\",\"inLanguage\":\"en-US\",\"@id\":\"https:\\\/\\\/www.slopek.com\\\/en\\\/urheberrecht\\\/musikrecht\\\/#primaryimage\",\"url\":\"https:\\\/\\\/www.slopek.com\\\/wp-content\\\/uploads\\\/Anwalt-Musikrecht-Hamburg-Du\u0308sseldorf.jpg\",\"contentUrl\":\"https:\\\/\\\/www.slopek.com\\\/wp-content\\\/uploads\\\/Anwalt-Musikrecht-Hamburg-Du\u0308sseldorf.jpg\",\"width\":1700,\"height\":500},{\"@type\":\"BreadcrumbList\",\"@id\":\"https:\\\/\\\/www.slopek.com\\\/en\\\/urheberrecht\\\/musikrecht\\\/#breadcrumb\",\"itemListElement\":[{\"@type\":\"ListItem\",\"position\":1,\"name\":\"Startseite\",\"item\":\"https:\\\/\\\/www.slopek.com\\\/en\\\/\"},{\"@type\":\"ListItem\",\"position\":2,\"name\":\"Copyright\",\"item\":\"https:\\\/\\\/www.slopek.com\\\/en\\\/urheberrecht\\\/\"},{\"@type\":\"ListItem\",\"position\":3,\"name\":\"Music law\"}]},{\"@type\":\"WebSite\",\"@id\":\"https:\\\/\\\/www.slopek.com\\\/#website\",\"url\":\"https:\\\/\\\/www.slopek.com\\\/\",\"name\":\"Slopek Rechtsanw\u00e4lte | Geistiges Eigentum, Wettbewerbs- und Medienrecht\",\"description\":\"Markenrecht | Urheberrecht | Wettbewerbsrecht | Medienrecht\",\"publisher\":{\"@id\":\"https:\\\/\\\/www.slopek.com\\\/#organization\"},\"potentialAction\":[{\"@type\":\"SearchAction\",\"target\":{\"@type\":\"EntryPoint\",\"urlTemplate\":\"https:\\\/\\\/www.slopek.com\\\/?s={search_term_string}\"},\"query-input\":{\"@type\":\"PropertyValueSpecification\",\"valueRequired\":true,\"valueName\":\"search_term_string\"}}],\"inLanguage\":\"en-US\"},{\"@type\":\"Organization\",\"@id\":\"https:\\\/\\\/www.slopek.com\\\/#organization\",\"name\":\"Slopek Rechtsanw\u00e4lte\",\"url\":\"https:\\\/\\\/www.slopek.com\\\/\",\"logo\":{\"@type\":\"ImageObject\",\"inLanguage\":\"en-US\",\"@id\":\"https:\\\/\\\/www.slopek.com\\\/#\\\/schema\\\/logo\\\/image\\\/\",\"url\":\"https:\\\/\\\/www.slopek.com\\\/wp-content\\\/uploads\\\/slopek-logo.svg\",\"contentUrl\":\"https:\\\/\\\/www.slopek.com\\\/wp-content\\\/uploads\\\/slopek-logo.svg\",\"width\":139,\"height\":55,\"caption\":\"Slopek Rechtsanw\u00e4lte\"},\"image\":{\"@id\":\"https:\\\/\\\/www.slopek.com\\\/#\\\/schema\\\/logo\\\/image\\\/\"}}]}<\/script>\n<!-- \/ Yoast SEO plugin. -->","yoast_head_json":{"title":"Anwalt f\u00fcr Musikrecht in Hamburg - Slopek Rechtsanw\u00e4lte","description":"Ihr Anwalt f\u00fcr Musikrecht in Hamburg. Jetzt mehr erfahren oder direkt Kontakt aufnehmen. Rechtsanwalt Dr. David Slopek \u260e 040 882153900","robots":{"index":"index","follow":"follow","max-snippet":"max-snippet:-1","max-image-preview":"max-image-preview:large","max-video-preview":"max-video-preview:-1"},"canonical":"https:\/\/www.slopek.com\/en\/urheberrecht\/musikrecht\/","og_locale":"en_US","og_type":"article","og_title":"Anwalt f\u00fcr Musikrecht in Hamburg - Slopek Rechtsanw\u00e4lte","og_description":"Ihr Anwalt f\u00fcr Musikrecht in Hamburg. Jetzt mehr erfahren oder direkt Kontakt aufnehmen. Rechtsanwalt Dr. David Slopek \u260e 040 882153900","og_url":"https:\/\/www.slopek.com\/en\/urheberrecht\/musikrecht\/","og_site_name":"Slopek Rechtsanw\u00e4lte | Geistiges Eigentum, Wettbewerbs- und Medienrecht","article_modified_time":"2025-01-21T13:25:50+00:00","og_image":[{"width":1700,"height":500,"url":"https:\/\/www.slopek.com\/wp-content\/uploads\/Anwalt-Musikrecht-Hamburg-Du\u0308sseldorf.jpg","type":"image\/jpeg"}],"twitter_card":"summary_large_image","twitter_misc":{"Est. reading time":"4 minutes"},"schema":{"@context":"https:\/\/schema.org","@graph":[{"@type":"WebPage","@id":"https:\/\/www.slopek.com\/en\/urheberrecht\/musikrecht\/","url":"https:\/\/www.slopek.com\/en\/urheberrecht\/musikrecht\/","name":"Anwalt f\u00fcr Musikrecht in Hamburg - Slopek Rechtsanw\u00e4lte","isPartOf":{"@id":"https:\/\/www.slopek.com\/#website"},"primaryImageOfPage":{"@id":"https:\/\/www.slopek.com\/en\/urheberrecht\/musikrecht\/#primaryimage"},"image":{"@id":"https:\/\/www.slopek.com\/en\/urheberrecht\/musikrecht\/#primaryimage"},"thumbnailUrl":"https:\/\/www.slopek.com\/wp-content\/uploads\/Anwalt-Musikrecht-Hamburg-Du\u0308sseldorf.jpg","datePublished":"2021-07-25T14:55:11+00:00","dateModified":"2025-01-21T13:25:50+00:00","description":"Ihr Anwalt f\u00fcr Musikrecht in Hamburg. Jetzt mehr erfahren oder direkt Kontakt aufnehmen. Rechtsanwalt Dr. David Slopek \u260e 040 882153900","breadcrumb":{"@id":"https:\/\/www.slopek.com\/en\/urheberrecht\/musikrecht\/#breadcrumb"},"inLanguage":"en-US","potentialAction":[{"@type":"ReadAction","target":["https:\/\/www.slopek.com\/en\/urheberrecht\/musikrecht\/"]}]},{"@type":"ImageObject","inLanguage":"en-US","@id":"https:\/\/www.slopek.com\/en\/urheberrecht\/musikrecht\/#primaryimage","url":"https:\/\/www.slopek.com\/wp-content\/uploads\/Anwalt-Musikrecht-Hamburg-Du\u0308sseldorf.jpg","contentUrl":"https:\/\/www.slopek.com\/wp-content\/uploads\/Anwalt-Musikrecht-Hamburg-Du\u0308sseldorf.jpg","width":1700,"height":500},{"@type":"BreadcrumbList","@id":"https:\/\/www.slopek.com\/en\/urheberrecht\/musikrecht\/#breadcrumb","itemListElement":[{"@type":"ListItem","position":1,"name":"Startseite","item":"https:\/\/www.slopek.com\/en\/"},{"@type":"ListItem","position":2,"name":"Copyright","item":"https:\/\/www.slopek.com\/en\/urheberrecht\/"},{"@type":"ListItem","position":3,"name":"Music law"}]},{"@type":"WebSite","@id":"https:\/\/www.slopek.com\/#website","url":"https:\/\/www.slopek.com\/","name":"Slopek Rechtsanw\u00e4lte | Geistiges Eigentum, Wettbewerbs- und Medienrecht","description":"Markenrecht | Urheberrecht | Wettbewerbsrecht | Medienrecht","publisher":{"@id":"https:\/\/www.slopek.com\/#organization"},"potentialAction":[{"@type":"SearchAction","target":{"@type":"EntryPoint","urlTemplate":"https:\/\/www.slopek.com\/?s={search_term_string}"},"query-input":{"@type":"PropertyValueSpecification","valueRequired":true,"valueName":"search_term_string"}}],"inLanguage":"en-US"},{"@type":"Organization","@id":"https:\/\/www.slopek.com\/#organization","name":"Slopek Rechtsanw\u00e4lte","url":"https:\/\/www.slopek.com\/","logo":{"@type":"ImageObject","inLanguage":"en-US","@id":"https:\/\/www.slopek.com\/#\/schema\/logo\/image\/","url":"https:\/\/www.slopek.com\/wp-content\/uploads\/slopek-logo.svg","contentUrl":"https:\/\/www.slopek.com\/wp-content\/uploads\/slopek-logo.svg","width":139,"height":55,"caption":"Slopek Rechtsanw\u00e4lte"},"image":{"@id":"https:\/\/www.slopek.com\/#\/schema\/logo\/image\/"}}]}},"uagb_featured_image_src":{"full":["https:\/\/www.slopek.com\/wp-content\/uploads\/Anwalt-Musikrecht-Hamburg-Du\u0308sseldorf.jpg",1700,500,false],"thumbnail":["https:\/\/www.slopek.com\/wp-content\/uploads\/Anwalt-Musikrecht-Hamburg-Du\u0308sseldorf-320x94.jpg",320,94,true],"medium":["https:\/\/www.slopek.com\/wp-content\/uploads\/Anwalt-Musikrecht-Hamburg-Du\u0308sseldorf-640x188.jpg",640,188,true],"medium_large":["https:\/\/www.slopek.com\/wp-content\/uploads\/Anwalt-Musikrecht-Hamburg-Du\u0308sseldorf.jpg",640,188,false],"large":["https:\/\/www.slopek.com\/wp-content\/uploads\/Anwalt-Musikrecht-Hamburg-Du\u0308sseldorf-1280x376.jpg",640,188,true],"1536x1536":["https:\/\/www.slopek.com\/wp-content\/uploads\/Anwalt-Musikrecht-Hamburg-Du\u0308sseldorf-1536x452.jpg",1536,452,true],"2048x2048":["https:\/\/www.slopek.com\/wp-content\/uploads\/Anwalt-Musikrecht-Hamburg-Du\u0308sseldorf.jpg",1700,500,false],"post-preview-thumbnail":["https:\/\/www.slopek.com\/wp-content\/uploads\/Anwalt-Musikrecht-Hamburg-Du\u0308sseldorf-320x200.jpg",320,200,true],"post-preview-large":["https:\/\/www.slopek.com\/wp-content\/uploads\/Anwalt-Musikrecht-Hamburg-Du\u0308sseldorf-640x400.jpg",640,400,true],"publication-thumbnail":["https:\/\/www.slopek.com\/wp-content\/uploads\/Anwalt-Musikrecht-Hamburg-Du\u0308sseldorf-200x296.jpg",200,296,true],"user-profile-thumbnail":["https:\/\/www.slopek.com\/wp-content\/uploads\/Anwalt-Musikrecht-Hamburg-Du\u0308sseldorf-290x85.jpg",290,85,true],"avatar":["https:\/\/www.slopek.com\/wp-content\/uploads\/Anwalt-Musikrecht-Hamburg-Du\u0308sseldorf-60x60.jpg",60,60,true],"avatar-large":["https:\/\/www.slopek.com\/wp-content\/uploads\/Anwalt-Musikrecht-Hamburg-Du\u0308sseldorf-220x140.jpg",220,140,true],"profile_24":["https:\/\/www.slopek.com\/wp-content\/uploads\/Anwalt-Musikrecht-Hamburg-Du\u0308sseldorf-24x24.jpg",24,24,true],"profile_48":["https:\/\/www.slopek.com\/wp-content\/uploads\/Anwalt-Musikrecht-Hamburg-Du\u0308sseldorf-48x48.jpg",48,48,true],"profile_96":["https:\/\/www.slopek.com\/wp-content\/uploads\/Anwalt-Musikrecht-Hamburg-Du\u0308sseldorf-96x96.jpg",96,96,true],"profile_150":["https:\/\/www.slopek.com\/wp-content\/uploads\/Anwalt-Musikrecht-Hamburg-Du\u0308sseldorf-150x150.jpg",150,150,true],"profile_300":["https:\/\/www.slopek.com\/wp-content\/uploads\/Anwalt-Musikrecht-Hamburg-Du\u0308sseldorf-300x300.jpg",300,300,true]},"uagb_author_info":{"display_name":"David Slopek","author_link":"https:\/\/www.slopek.com\/en\/author\/david-slopek\/"},"uagb_comment_info":0,"uagb_excerpt":"Artists&#8217; copyrights are the linchpin of music law. There are a large number of parties involved and an even greater range of contracts concluded between them. We advise musicians, bands, managers, labels, agencies and other music companies on contract drafting, in the event of infringements and on all other questions relating to the production and&hellip;","acf":[],"_links":{"self":[{"href":"https:\/\/www.slopek.com\/en\/wp-json\/wp\/v2\/pages\/6294","targetHints":{"allow":["GET"]}}],"collection":[{"href":"https:\/\/www.slopek.com\/en\/wp-json\/wp\/v2\/pages"}],"about":[{"href":"https:\/\/www.slopek.com\/en\/wp-json\/wp\/v2\/types\/page"}],"author":[{"embeddable":true,"href":"https:\/\/www.slopek.com\/en\/wp-json\/wp\/v2\/users\/3"}],"replies":[{"embeddable":true,"href":"https:\/\/www.slopek.com\/en\/wp-json\/wp\/v2\/comments?post=6294"}],"version-history":[{"count":4,"href":"https:\/\/www.slopek.com\/en\/wp-json\/wp\/v2\/pages\/6294\/revisions"}],"predecessor-version":[{"id":6438,"href":"https:\/\/www.slopek.com\/en\/wp-json\/wp\/v2\/pages\/6294\/revisions\/6438"}],"wp:featuredmedia":[{"embeddable":true,"href":"https:\/\/www.slopek.com\/en\/wp-json\/wp\/v2\/media\/3738"}],"wp:attachment":[{"href":"https:\/\/www.slopek.com\/en\/wp-json\/wp\/v2\/media?parent=6294"}],"curies":[{"name":"wp","href":"https:\/\/api.w.org\/{rel}","templated":true}]}}