{"id":6321,"date":"2023-01-27T19:01:40","date_gmt":"2023-01-27T18:01:40","guid":{"rendered":"https:\/\/slopek-dev.flow4.one\/wettbewerbsrecht\/influencer-marketing\/"},"modified":"2025-01-21T14:19:45","modified_gmt":"2025-01-21T13:19:45","slug":"influencer-marketing","status":"publish","type":"page","link":"https:\/\/www.slopek.com\/en\/medienrecht\/influencer-marketing\/","title":{"rendered":"Influencer Law and Marketing"},"content":{"rendered":"\n<p><strong>Influencers are increasingly replacing traditional advertising. With the increasing importance of influencers in marketing, not only are the advertising budgets that customers invest in this form of advertising increasing, but so is the need to structure the collaboration in a professional and profitable way for all parties. We advise influencers, agencies and advertisers on all questions that arise in the areas of law and marketing.<\/strong><\/p>\n\n\n\n<div style=\"height:20px\" aria-hidden=\"true\" class=\"wp-block-spacer\"><\/div>\n\n\n\n<h2 class=\"wp-block-heading\">Overview of Influencer Law<\/h2>\n\n\n\n<p>To put it bluntly, influencer law deals with the rules and laws that apply to influencers, i.e. people who have a large number of followers on social media platforms and thus exert influence on other people. These rules and laws are important to ensure that influencers create and distribute their content responsibly and legally.<\/p>\n\n\n\n<p>There is no law that applies specifically to influencers. Rather, it is a cross-sectional issue in which very different questions must be taken into account depending on the problem and issue. Lawyers who advise influencers must be familiar with copyright law, media law, trademark law and competition law. And with regard to the relationship between influencers, agencies and advertising clients, general contract law and licensing contract law are also important.<\/p>\n\n\n\n<div style=\"height:10px\" aria-hidden=\"true\" class=\"wp-block-spacer\"><\/div>\n\n\n\n<h2 class=\"wp-block-heading\">Agency agreements and cooperation agreements<\/h2>\n\n\n\n<p>There are a few important points to consider, both in agency contracts between the influencer and his agency, and in cooperation contracts that the agency concludes with advertising clients on behalf of the influencer. This is not only about ensuring a fair and balanced contract as the basis for successful cooperation, but also about regulating contentious points in advance so that disputes do not arise in the first place.<\/p>\n\n\n\n<p>Important contract contents include:<\/p>\n\n\n\n<ul class=\"wp-block-list\"><li>Determination of the reach of the influencer&#8217;s publications<\/li><li>Number and frequency of the influencer&#8217;s publications<\/li><li>Regulation of exclusivity between agency, advertising client and influencer<\/li><li>Clear definition of usage rights<\/li><li>Regulation of the prevention of the influencer<\/li><li>Agency&#8217;s duty to cooperate<\/li><li>Rights of termination<\/li><\/ul>\n\n\n\n<p><\/p>\n\n\n\n<div class=\"wp-block-columns call-to-action-section is-layout-flex wp-container-core-columns-is-layout-9d6595d7 wp-block-columns-is-layout-flex\">\n<div class=\"wp-block-column is-layout-flow wp-block-column-is-layout-flow\">\n<figure class=\"wp-block-image size-full\"><div class=\"flow4-media-wrapper wp-image-4632\" \n\t\t\t\t\t\tdata-module=\"module.scrollAnimation\" data-animation-id=\"contentMediaAnimation\" data-scroll-animation-type=\"sync\" data-scroll-animation-start=\"0\" data-scroll-animation-end=\"1\"\n\t\t\t\t\t><img loading=\"lazy\" decoding=\"async\" width=\"1200\" height=\"700\" src=\"https:\/\/www.slopek.com\/wp-content\/uploads\/CTA-Anwalt-Hamburg-Markenrecht.jpg\" alt=\"Anwalt Hamburg Markenrecht\" class=\"wp-image-4632\" srcset=\"https:\/\/www.slopek.com\/wp-content\/uploads\/CTA-Anwalt-Hamburg-Markenrecht.jpg 1200w, https:\/\/www.slopek.com\/wp-content\/uploads\/CTA-Anwalt-Hamburg-Markenrecht-320x187@2x.jpg 640w, https:\/\/www.slopek.com\/wp-content\/uploads\/CTA-Anwalt-Hamburg-Markenrecht-320x187.jpg 320w, https:\/\/www.slopek.com\/wp-content\/uploads\/CTA-Anwalt-Hamburg-Markenrecht-290x169.jpg 290w\" sizes=\"auto, (max-width: 1200px) 100vw, 1200px\" \/>\n\t\t\t\t\t<div class=\"flow4-media-wrapper__background\"><\/div>\n\t\t\t\t\t<\/div><\/div>\n\n\n\n<div class=\"wp-block-column slide-up-ani is-layout-flow wp-block-column-is-layout-flow\">\n<p><span>What can we do for you?<\/span><\/p>\n\n\n\n<p><a href=\"https:\/\/www.slopek.com\/kontakt\/\"><meta charset=\"utf-8\"><\/a><a href=\"https:\/\/www.slopek.com\/en\/kontakt\/\">We are not only experienced consultants in the field of law and marketing, but also digital natives who understand what influencer marketing is all about. Talk to us!<\/a><\/p>\n<\/div>\n<\/div>\n\n\n    <div class=\"customer-feedback_wrapper\"><div class=\"feeedback__intro\"><p>What our clients say<\/p>\n<h2>Top advice. Fair prices.<\/h2>\n<\/div><div class=\"customer-feedbacks\"><div class=\"badge-wrapper\"><h2 class=\"badge-headline\">Very good<\/h2><span class=\"badge-stars\"><\/span><p class=\"badge-text\">5.0 stars (174 reviews, as of January 2025)<\/p><div class=\"badge-logo\"><a href=\"https:\/\/anwalt.de\/david-slopek\/\" target=\"_blank\"><\/a><\/div><\/div><div class=\"swiper-container feeedback__swiper\">    <div class=\"swiper-wrapper\"><div class=\"swiper-slide\">    <div class=\"content-wrapper\">        <div class=\"feedback-headline\">Trademark application<\/div>         <span class=\"feedback-stars\"><\/span>        <div class=\"feedback-copy\">Everything worked out great. Top advice! Registration went smoothly and quickly.<\/div>        <div class=\"feedback-details\">            <div class=\"feedback_company-details\">                <div class=\"feedback_detail-name\">Maximilian Huge<\/div><div class=\"feedback_detail-position\">Managing Director - <a href=\"https:\/\/register.dpma.de\/DPMAregister\/marke\/register\/3020221014858\/DE\" target=\"_blank\">Link<\/a><\/div>            <div class=\"feedback_company-logo\"><div class=\"flow4_image-container \" ><img loading=\"lazy\" decoding=\"async\" width=\"117\" height=\"50\" src=\"https:\/\/www.slopek.com\/wp-content\/uploads\/Philipp_Spiegelhoff_Bild.png\" class=\"attachment-large size-large\" alt=\"\" \/><\/div>            <\/div>            <\/div>        <\/div>    <\/div><\/div><div class=\"swiper-slide\">    <div class=\"content-wrapper\">        <div class=\"feedback-headline\">Design application<\/div>         <span class=\"feedback-stars\"><\/span>        <div class=\"feedback-copy\">Very exemplary quick feedback & advice on my request with subsequent precise processing and thus quick success in securing my practice design! Thank you very much...supported me a lot in my \"transitional phase\". Please add a smiley to the 5 stars \ud83d\ude42<\/div>        <div class=\"feedback-details\">            <div class=\"feedback_company-details\">                <div class=\"feedback_detail-name\">Dr. Kerstin Mei\u00dfner<\/div><div class=\"feedback_detail-position\">Practice owner - <a href=\"https:\/\/register.dpma.de\/DPMAregister\/gsm\/register?DNR=402019100082-0001\" target=\"_blank\">Link<\/a><\/div>            <div class=\"feedback_company-logo\"><div class=\"flow4_image-container \" ><img loading=\"lazy\" decoding=\"async\" width=\"67\" height=\"50\" src=\"https:\/\/www.slopek.com\/wp-content\/uploads\/Kerstin_Meissner_Bild.png\" class=\"attachment-large size-large\" alt=\"\" \/><\/div>            <\/div>            <\/div>        <\/div>    <\/div><\/div><div class=\"swiper-slide\">    <div class=\"content-wrapper\">        <div class=\"feedback-headline\">Trademark application<\/div>         <span class=\"feedback-stars\"><\/span>        <div class=\"feedback-copy\">We are very satisfied with the processing. Everything went quickly and smoothly.<\/div>        <div class=\"feedback-details\">            <div class=\"feedback_company-details\">                <div class=\"feedback_detail-name\">Philipp Spiegelhoff<\/div><div class=\"feedback_detail-position\">Self-employed person - <a href=\"https:\/\/register.dpma.de\/DPMAregister\/marke\/register\/3020221001543\/DE\" target=\"_blank\">Link<\/a><\/div>            <div class=\"feedback_company-logo\"><div class=\"flow4_image-container \" ><img loading=\"lazy\" decoding=\"async\" width=\"552\" height=\"72\" src=\"https:\/\/www.slopek.com\/wp-content\/uploads\/Philipp_Spiegelhoff_Bild-2.png\" class=\"attachment-large size-large\" alt=\"\" srcset=\"https:\/\/www.slopek.com\/wp-content\/uploads\/Philipp_Spiegelhoff_Bild-2.png 552w, https:\/\/www.slopek.com\/wp-content\/uploads\/Philipp_Spiegelhoff_Bild-2-320x42.png 320w, https:\/\/www.slopek.com\/wp-content\/uploads\/Philipp_Spiegelhoff_Bild-2-290x38.png 290w\" sizes=\"auto, (max-width: 552px) 100vw, 552px\" \/><\/div>            <\/div>            <\/div>        <\/div>    <\/div><\/div><\/div><\/div><\/div><div class=\"swiper-ui\">    <div class=\"feeedback__outro\"><p><a href=\"https:\/\/www.anwalt.de\/david-slopek\">Read all reviews<\/a><\/p>\n<\/div>    <div class=\"swiper-pagination\"><\/div>    <div class=\"swiper-button-prev\"><\/div>    <div class=\"swiper-button-next\"><\/div><\/div>        <\/div>\n","protected":false},"excerpt":{"rendered":"<p>Influencers are increasingly replacing traditional advertising. With the increasing importance of influencers in marketing, not only are the advertising budgets that customers invest in this form of advertising increasing, but so is the need to structure the collaboration in a professional and profitable way for all parties. We advise influencers, agencies and advertisers on all [&hellip;]<\/p>\n","protected":false},"author":3,"featured_media":5076,"parent":6332,"menu_order":0,"comment_status":"closed","ping_status":"closed","template":"","meta":{"_acf_changed":false,"_uag_custom_page_level_css":"","footnotes":""},"class_list":["post-6321","page","type-page","status-publish","has-post-thumbnail","hentry"],"yoast_head":"<!-- This site is optimized with the Yoast SEO plugin v27.4 - https:\/\/yoast.com\/product\/yoast-seo-wordpress\/ -->\n<title>Rechtsanwalt f\u00fcr Influencerrecht in Hamburg - Slopek Rechtsanw\u00e4lte<\/title>\n<meta name=\"description\" content=\"Ihr Anwalt f\u00fcr Influencer und Agenturen in Hamburg. Jetzt mehr erfahren oder Kontakt aufnehmen. Rechtsanwalt Dr. David Slopek \u260e 040 882153900\" \/>\n<meta name=\"robots\" content=\"index, follow, max-snippet:-1, max-image-preview:large, max-video-preview:-1\" \/>\n<link rel=\"canonical\" href=\"https:\/\/www.slopek.com\/en\/medienrecht\/influencer-marketing\/\" \/>\n<meta property=\"og:locale\" content=\"en_US\" \/>\n<meta property=\"og:type\" content=\"article\" \/>\n<meta property=\"og:title\" content=\"Rechtsanwalt f\u00fcr Influencerrecht in Hamburg - Slopek Rechtsanw\u00e4lte\" \/>\n<meta property=\"og:description\" content=\"Ihr Anwalt f\u00fcr Influencer und Agenturen in Hamburg. Jetzt mehr erfahren oder Kontakt aufnehmen. Rechtsanwalt Dr. David Slopek \u260e 040 882153900\" \/>\n<meta property=\"og:url\" content=\"https:\/\/www.slopek.com\/en\/medienrecht\/influencer-marketing\/\" \/>\n<meta property=\"og:site_name\" content=\"Slopek Rechtsanw\u00e4lte | Geistiges Eigentum, Wettbewerbs- und Medienrecht\" \/>\n<meta property=\"article:modified_time\" content=\"2025-01-21T13:19:45+00:00\" \/>\n<meta property=\"og:image\" content=\"https:\/\/www.slopek.com\/wp-content\/uploads\/influencer-recht-rechtsanwalt-hamburg.jpg\" \/>\n\t<meta property=\"og:image:width\" content=\"1700\" \/>\n\t<meta property=\"og:image:height\" content=\"500\" \/>\n\t<meta property=\"og:image:type\" content=\"image\/jpeg\" \/>\n<meta name=\"twitter:card\" content=\"summary_large_image\" \/>\n<meta name=\"twitter:label1\" content=\"Est. reading time\" \/>\n\t<meta name=\"twitter:data1\" content=\"2 minutes\" \/>\n<script type=\"application\/ld+json\" class=\"yoast-schema-graph\">{\"@context\":\"https:\\\/\\\/schema.org\",\"@graph\":[{\"@type\":\"WebPage\",\"@id\":\"https:\\\/\\\/www.slopek.com\\\/en\\\/medienrecht\\\/influencer-marketing\\\/\",\"url\":\"https:\\\/\\\/www.slopek.com\\\/en\\\/medienrecht\\\/influencer-marketing\\\/\",\"name\":\"Rechtsanwalt f\u00fcr Influencerrecht in Hamburg - Slopek Rechtsanw\u00e4lte\",\"isPartOf\":{\"@id\":\"https:\\\/\\\/www.slopek.com\\\/#website\"},\"primaryImageOfPage\":{\"@id\":\"https:\\\/\\\/www.slopek.com\\\/en\\\/medienrecht\\\/influencer-marketing\\\/#primaryimage\"},\"image\":{\"@id\":\"https:\\\/\\\/www.slopek.com\\\/en\\\/medienrecht\\\/influencer-marketing\\\/#primaryimage\"},\"thumbnailUrl\":\"https:\\\/\\\/www.slopek.com\\\/wp-content\\\/uploads\\\/influencer-recht-rechtsanwalt-hamburg.jpg\",\"datePublished\":\"2023-01-27T18:01:40+00:00\",\"dateModified\":\"2025-01-21T13:19:45+00:00\",\"description\":\"Ihr Anwalt f\u00fcr Influencer und Agenturen in Hamburg. Jetzt mehr erfahren oder Kontakt aufnehmen. Rechtsanwalt Dr. David Slopek \u260e 040 882153900\",\"breadcrumb\":{\"@id\":\"https:\\\/\\\/www.slopek.com\\\/en\\\/medienrecht\\\/influencer-marketing\\\/#breadcrumb\"},\"inLanguage\":\"en-US\",\"potentialAction\":[{\"@type\":\"ReadAction\",\"target\":[\"https:\\\/\\\/www.slopek.com\\\/en\\\/medienrecht\\\/influencer-marketing\\\/\"]}]},{\"@type\":\"ImageObject\",\"inLanguage\":\"en-US\",\"@id\":\"https:\\\/\\\/www.slopek.com\\\/en\\\/medienrecht\\\/influencer-marketing\\\/#primaryimage\",\"url\":\"https:\\\/\\\/www.slopek.com\\\/wp-content\\\/uploads\\\/influencer-recht-rechtsanwalt-hamburg.jpg\",\"contentUrl\":\"https:\\\/\\\/www.slopek.com\\\/wp-content\\\/uploads\\\/influencer-recht-rechtsanwalt-hamburg.jpg\",\"width\":1700,\"height\":500,\"caption\":\"influencer recht rechtsanwalt hamburg\"},{\"@type\":\"BreadcrumbList\",\"@id\":\"https:\\\/\\\/www.slopek.com\\\/en\\\/medienrecht\\\/influencer-marketing\\\/#breadcrumb\",\"itemListElement\":[{\"@type\":\"ListItem\",\"position\":1,\"name\":\"Startseite\",\"item\":\"https:\\\/\\\/www.slopek.com\\\/en\\\/\"},{\"@type\":\"ListItem\",\"position\":2,\"name\":\"Media law\",\"item\":\"https:\\\/\\\/www.slopek.com\\\/en\\\/medienrecht\\\/\"},{\"@type\":\"ListItem\",\"position\":3,\"name\":\"Influencer Law and Marketing\"}]},{\"@type\":\"WebSite\",\"@id\":\"https:\\\/\\\/www.slopek.com\\\/#website\",\"url\":\"https:\\\/\\\/www.slopek.com\\\/\",\"name\":\"Slopek Rechtsanw\u00e4lte | Geistiges Eigentum, Wettbewerbs- und Medienrecht\",\"description\":\"Markenrecht | Urheberrecht | Wettbewerbsrecht | Medienrecht\",\"publisher\":{\"@id\":\"https:\\\/\\\/www.slopek.com\\\/#organization\"},\"potentialAction\":[{\"@type\":\"SearchAction\",\"target\":{\"@type\":\"EntryPoint\",\"urlTemplate\":\"https:\\\/\\\/www.slopek.com\\\/?s={search_term_string}\"},\"query-input\":{\"@type\":\"PropertyValueSpecification\",\"valueRequired\":true,\"valueName\":\"search_term_string\"}}],\"inLanguage\":\"en-US\"},{\"@type\":\"Organization\",\"@id\":\"https:\\\/\\\/www.slopek.com\\\/#organization\",\"name\":\"Slopek Rechtsanw\u00e4lte\",\"url\":\"https:\\\/\\\/www.slopek.com\\\/\",\"logo\":{\"@type\":\"ImageObject\",\"inLanguage\":\"en-US\",\"@id\":\"https:\\\/\\\/www.slopek.com\\\/#\\\/schema\\\/logo\\\/image\\\/\",\"url\":\"https:\\\/\\\/www.slopek.com\\\/wp-content\\\/uploads\\\/slopek-logo.svg\",\"contentUrl\":\"https:\\\/\\\/www.slopek.com\\\/wp-content\\\/uploads\\\/slopek-logo.svg\",\"width\":139,\"height\":55,\"caption\":\"Slopek Rechtsanw\u00e4lte\"},\"image\":{\"@id\":\"https:\\\/\\\/www.slopek.com\\\/#\\\/schema\\\/logo\\\/image\\\/\"}}]}<\/script>\n<!-- \/ Yoast SEO plugin. -->","yoast_head_json":{"title":"Rechtsanwalt f\u00fcr Influencerrecht in Hamburg - Slopek Rechtsanw\u00e4lte","description":"Ihr Anwalt f\u00fcr Influencer und Agenturen in Hamburg. Jetzt mehr erfahren oder Kontakt aufnehmen. Rechtsanwalt Dr. David Slopek \u260e 040 882153900","robots":{"index":"index","follow":"follow","max-snippet":"max-snippet:-1","max-image-preview":"max-image-preview:large","max-video-preview":"max-video-preview:-1"},"canonical":"https:\/\/www.slopek.com\/en\/medienrecht\/influencer-marketing\/","og_locale":"en_US","og_type":"article","og_title":"Rechtsanwalt f\u00fcr Influencerrecht in Hamburg - Slopek Rechtsanw\u00e4lte","og_description":"Ihr Anwalt f\u00fcr Influencer und Agenturen in Hamburg. Jetzt mehr erfahren oder Kontakt aufnehmen. Rechtsanwalt Dr. David Slopek \u260e 040 882153900","og_url":"https:\/\/www.slopek.com\/en\/medienrecht\/influencer-marketing\/","og_site_name":"Slopek Rechtsanw\u00e4lte | Geistiges Eigentum, Wettbewerbs- und Medienrecht","article_modified_time":"2025-01-21T13:19:45+00:00","og_image":[{"width":1700,"height":500,"url":"https:\/\/www.slopek.com\/wp-content\/uploads\/influencer-recht-rechtsanwalt-hamburg.jpg","type":"image\/jpeg"}],"twitter_card":"summary_large_image","twitter_misc":{"Est. reading time":"2 minutes"},"schema":{"@context":"https:\/\/schema.org","@graph":[{"@type":"WebPage","@id":"https:\/\/www.slopek.com\/en\/medienrecht\/influencer-marketing\/","url":"https:\/\/www.slopek.com\/en\/medienrecht\/influencer-marketing\/","name":"Rechtsanwalt f\u00fcr Influencerrecht in Hamburg - Slopek Rechtsanw\u00e4lte","isPartOf":{"@id":"https:\/\/www.slopek.com\/#website"},"primaryImageOfPage":{"@id":"https:\/\/www.slopek.com\/en\/medienrecht\/influencer-marketing\/#primaryimage"},"image":{"@id":"https:\/\/www.slopek.com\/en\/medienrecht\/influencer-marketing\/#primaryimage"},"thumbnailUrl":"https:\/\/www.slopek.com\/wp-content\/uploads\/influencer-recht-rechtsanwalt-hamburg.jpg","datePublished":"2023-01-27T18:01:40+00:00","dateModified":"2025-01-21T13:19:45+00:00","description":"Ihr Anwalt f\u00fcr Influencer und Agenturen in Hamburg. Jetzt mehr erfahren oder Kontakt aufnehmen. Rechtsanwalt Dr. David Slopek \u260e 040 882153900","breadcrumb":{"@id":"https:\/\/www.slopek.com\/en\/medienrecht\/influencer-marketing\/#breadcrumb"},"inLanguage":"en-US","potentialAction":[{"@type":"ReadAction","target":["https:\/\/www.slopek.com\/en\/medienrecht\/influencer-marketing\/"]}]},{"@type":"ImageObject","inLanguage":"en-US","@id":"https:\/\/www.slopek.com\/en\/medienrecht\/influencer-marketing\/#primaryimage","url":"https:\/\/www.slopek.com\/wp-content\/uploads\/influencer-recht-rechtsanwalt-hamburg.jpg","contentUrl":"https:\/\/www.slopek.com\/wp-content\/uploads\/influencer-recht-rechtsanwalt-hamburg.jpg","width":1700,"height":500,"caption":"influencer recht rechtsanwalt hamburg"},{"@type":"BreadcrumbList","@id":"https:\/\/www.slopek.com\/en\/medienrecht\/influencer-marketing\/#breadcrumb","itemListElement":[{"@type":"ListItem","position":1,"name":"Startseite","item":"https:\/\/www.slopek.com\/en\/"},{"@type":"ListItem","position":2,"name":"Media law","item":"https:\/\/www.slopek.com\/en\/medienrecht\/"},{"@type":"ListItem","position":3,"name":"Influencer Law and Marketing"}]},{"@type":"WebSite","@id":"https:\/\/www.slopek.com\/#website","url":"https:\/\/www.slopek.com\/","name":"Slopek Rechtsanw\u00e4lte | Geistiges Eigentum, Wettbewerbs- und Medienrecht","description":"Markenrecht | Urheberrecht | Wettbewerbsrecht | Medienrecht","publisher":{"@id":"https:\/\/www.slopek.com\/#organization"},"potentialAction":[{"@type":"SearchAction","target":{"@type":"EntryPoint","urlTemplate":"https:\/\/www.slopek.com\/?s={search_term_string}"},"query-input":{"@type":"PropertyValueSpecification","valueRequired":true,"valueName":"search_term_string"}}],"inLanguage":"en-US"},{"@type":"Organization","@id":"https:\/\/www.slopek.com\/#organization","name":"Slopek Rechtsanw\u00e4lte","url":"https:\/\/www.slopek.com\/","logo":{"@type":"ImageObject","inLanguage":"en-US","@id":"https:\/\/www.slopek.com\/#\/schema\/logo\/image\/","url":"https:\/\/www.slopek.com\/wp-content\/uploads\/slopek-logo.svg","contentUrl":"https:\/\/www.slopek.com\/wp-content\/uploads\/slopek-logo.svg","width":139,"height":55,"caption":"Slopek Rechtsanw\u00e4lte"},"image":{"@id":"https:\/\/www.slopek.com\/#\/schema\/logo\/image\/"}}]}},"uagb_featured_image_src":{"full":["https:\/\/www.slopek.com\/wp-content\/uploads\/influencer-recht-rechtsanwalt-hamburg.jpg",1700,500,false],"thumbnail":["https:\/\/www.slopek.com\/wp-content\/uploads\/influencer-recht-rechtsanwalt-hamburg-320x94.jpg",320,94,true],"medium":["https:\/\/www.slopek.com\/wp-content\/uploads\/influencer-recht-rechtsanwalt-hamburg-640x188.jpg",640,188,true],"medium_large":["https:\/\/www.slopek.com\/wp-content\/uploads\/influencer-recht-rechtsanwalt-hamburg.jpg",640,188,false],"large":["https:\/\/www.slopek.com\/wp-content\/uploads\/influencer-recht-rechtsanwalt-hamburg-1280x376.jpg",640,188,true],"1536x1536":["https:\/\/www.slopek.com\/wp-content\/uploads\/influencer-recht-rechtsanwalt-hamburg-1536x452.jpg",1536,452,true],"2048x2048":["https:\/\/www.slopek.com\/wp-content\/uploads\/influencer-recht-rechtsanwalt-hamburg.jpg",1700,500,false],"post-preview-thumbnail":["https:\/\/www.slopek.com\/wp-content\/uploads\/influencer-recht-rechtsanwalt-hamburg-320x200.jpg",320,200,true],"post-preview-large":["https:\/\/www.slopek.com\/wp-content\/uploads\/influencer-recht-rechtsanwalt-hamburg-640x400.jpg",640,400,true],"publication-thumbnail":["https:\/\/www.slopek.com\/wp-content\/uploads\/influencer-recht-rechtsanwalt-hamburg-200x296.jpg",200,296,true],"user-profile-thumbnail":["https:\/\/www.slopek.com\/wp-content\/uploads\/influencer-recht-rechtsanwalt-hamburg-290x85.jpg",290,85,true],"avatar":["https:\/\/www.slopek.com\/wp-content\/uploads\/influencer-recht-rechtsanwalt-hamburg-60x60.jpg",60,60,true],"avatar-large":["https:\/\/www.slopek.com\/wp-content\/uploads\/influencer-recht-rechtsanwalt-hamburg-220x140.jpg",220,140,true],"profile_24":["https:\/\/www.slopek.com\/wp-content\/uploads\/influencer-recht-rechtsanwalt-hamburg-24x24.jpg",24,24,true],"profile_48":["https:\/\/www.slopek.com\/wp-content\/uploads\/influencer-recht-rechtsanwalt-hamburg-48x48.jpg",48,48,true],"profile_96":["https:\/\/www.slopek.com\/wp-content\/uploads\/influencer-recht-rechtsanwalt-hamburg-96x96.jpg",96,96,true],"profile_150":["https:\/\/www.slopek.com\/wp-content\/uploads\/influencer-recht-rechtsanwalt-hamburg-150x150.jpg",150,150,true],"profile_300":["https:\/\/www.slopek.com\/wp-content\/uploads\/influencer-recht-rechtsanwalt-hamburg-300x300.jpg",300,300,true]},"uagb_author_info":{"display_name":"David Slopek","author_link":"https:\/\/www.slopek.com\/en\/author\/david-slopek\/"},"uagb_comment_info":0,"uagb_excerpt":"Influencers are increasingly replacing traditional advertising. With the increasing importance of influencers in marketing, not only are the advertising budgets that customers invest in this form of advertising increasing, but so is the need to structure the collaboration in a professional and profitable way for all parties. We advise influencers, agencies and advertisers on all&hellip;","acf":[],"_links":{"self":[{"href":"https:\/\/www.slopek.com\/en\/wp-json\/wp\/v2\/pages\/6321","targetHints":{"allow":["GET"]}}],"collection":[{"href":"https:\/\/www.slopek.com\/en\/wp-json\/wp\/v2\/pages"}],"about":[{"href":"https:\/\/www.slopek.com\/en\/wp-json\/wp\/v2\/types\/page"}],"author":[{"embeddable":true,"href":"https:\/\/www.slopek.com\/en\/wp-json\/wp\/v2\/users\/3"}],"replies":[{"embeddable":true,"href":"https:\/\/www.slopek.com\/en\/wp-json\/wp\/v2\/comments?post=6321"}],"version-history":[{"count":3,"href":"https:\/\/www.slopek.com\/en\/wp-json\/wp\/v2\/pages\/6321\/revisions"}],"predecessor-version":[{"id":6429,"href":"https:\/\/www.slopek.com\/en\/wp-json\/wp\/v2\/pages\/6321\/revisions\/6429"}],"up":[{"embeddable":true,"href":"https:\/\/www.slopek.com\/en\/wp-json\/wp\/v2\/pages\/6332"}],"wp:featuredmedia":[{"embeddable":true,"href":"https:\/\/www.slopek.com\/en\/wp-json\/wp\/v2\/media\/5076"}],"wp:attachment":[{"href":"https:\/\/www.slopek.com\/en\/wp-json\/wp\/v2\/media?parent=6321"}],"curies":[{"name":"wp","href":"https:\/\/api.w.org\/{rel}","templated":true}]}}