{"id":6332,"date":"2021-07-25T12:14:06","date_gmt":"2021-07-25T10:14:06","guid":{"rendered":"https:\/\/slopek-dev.flow4.one\/medienrecht\/"},"modified":"2025-01-21T14:31:50","modified_gmt":"2025-01-21T13:31:50","slug":"medienrecht","status":"publish","type":"page","link":"https:\/\/www.slopek.com\/en\/medienrecht\/","title":{"rendered":"Media law"},"content":{"rendered":"\n<p><strong>The media landscape and thus also media law are becoming more and more complex due to increasing digitalization. In addition to the traditional media, the establishment of new media has led to numerous conflicts that can often only be resolved with legal help. Our law firm supports companies and private individuals in the commercial exploitation of their rights, maintaining their reputation and other media law problems.<\/strong><\/p>\n\n\n\n<h2 class=\"wp-block-heading\">Our consulting focus in media law<\/h2>\n\n\n\n<p>As media law attorneys, we can help you with any questions you may have about this area of \u200b\u200blaw. Call us or send us an email so that we can provide you with individual advice and take care of your concerns.<\/p>\n\n\n<div class=\"block-panel\" ><div class=\"candy_panel candy_panel--collapse \" id=\"panel_6a074bb467585\" >\t<div class=\"candy_panel__header\">Social media<\/div>\t<div class=\"candy_panel__body\">\t\t<div class=\"candy_panel__body__content\">\t\t\t\n\n<p>We offer <a href=\"https:\/\/www.slopek.com\/en\/medienrecht\/influencerrecht\/\">influencers<\/a> and other companies and individuals active on the Internet legal advice on all questions relating to social networks such as Facebook, Instagram, YouTube &amp; Co. Our lawyers are themselves &#8220;digital natives&#8221; and know what problems arise in the area of \u200b\u200bsocial media and how to solve them.<\/p>\n\n\n\n<p><a href=\"https:\/\/www.slopek.com\/en\/medienrecht\/social-media\/\">More on the topic of social media<\/a><\/p>\n\n\t\t<\/div>\t<\/div><\/div><\/div>\n\n<div class=\"block-panel\" ><div class=\"candy_panel candy_panel--collapse \" id=\"panel_6a074bb467765\" >\t<div class=\"candy_panel__header\">Negative reviews on the Internet<\/div>\t<div class=\"candy_panel__body\">\t\t<div class=\"candy_panel__body__content\">\t\t\t\n\n<p>We care about your reputation. The Internet in particular is often used as a digital pillory, which can often have significant personal and economic consequences. If you don&#8217;t want to sit idly by, then talk to us. We check and delete negative comments in blogs, forums, on Facebook or other platforms. We also help you with bad reviews on Google or review portals.<\/p>\n\n\n\n<p><a href=\"https:\/\/www.slopek.com\/en\/medienrecht\/negativbewertungen\/\">Learn more<\/a><\/p>\n\n\t\t<\/div>\t<\/div><\/div><\/div>\n\n<div class=\"block-panel\" ><div class=\"candy_panel candy_panel--collapse \" id=\"panel_6a074bb467956\" >\t<div class=\"candy_panel__header\">Press law<\/div>\t<div class=\"candy_panel__body\">\t\t<div class=\"candy_panel__body__content\">\t\t\t\n\n<p>You don&#8217;t have to put up with everything that is reported about you in the press. If you make untrue statements about facts or defamatory criticism, the line is crossed. We enforce your personal rights, take care of retractions and counterstatements, and defend against or enforce claims for damages, compensation for pain and suffering, and injunctions.<\/p>\n\n\n\n<p><a href=\"https:\/\/www.slopek.com\/en\/medienrecht\/presserecht\/\">Our advisory services in press law<\/a><\/p>\n\n\t\t<\/div>\t<\/div><\/div><\/div>\n\n<div class=\"block-panel\" ><div class=\"candy_panel candy_panel--collapse \" id=\"panel_6a074bb467b0b\" >\t<div class=\"candy_panel__header\">Publishing law<\/div>\t<div class=\"candy_panel__body\">\t\t<div class=\"candy_panel__body__content\">\t\t\t\n\n<p>We advise publishers and authors on all issues relating to publishing law. Due to the large number of actors involved and the resulting legal problems, the range of advice is naturally very broad and ranges from the question of whether a particular quotation can be used to the drafting of complex publishing contracts.<\/p>\n\n\n\n<p><a href=\"https:\/\/www.slopek.com\/en\/medienrecht\/verlagsrecht\/\">More on publishing law<\/a><\/p>\n\n\t\t<\/div>\t<\/div><\/div><\/div>\n\n<div class=\"block-panel\" ><div class=\"candy_panel candy_panel--collapse \" id=\"panel_6a074bb467cc2\" >\t<div class=\"candy_panel__header\">Representation of celebrities<\/div>\t<div class=\"candy_panel__body\">\t\t<div class=\"candy_panel__body__content\">\t\t\t\n\n<p>Media is both a blessing and a curse for celebrities. Without a presence in the media, it is now almost impossible to establish yourself as a brand. At the same time, however, the constant media attention can also become a great burden, especially if privacy is not respected. We are aware of this area of \u200b\u200btension and help celebrities with great sensitivity to protect their interests vis-\u00e0-vis the media and the public.<\/p>\n\n\n\n<p><a href=\"https:\/\/www.slopek.com\/en\/medienrecht\/vertretung-von-prominenten\/\">Learn more<\/a><\/p>\n\n\t\t<\/div>\t<\/div><\/div><\/div>\n\n\n<div class=\"wp-block-columns call-to-action-section is-layout-flex wp-container-core-columns-is-layout-9d6595d7 wp-block-columns-is-layout-flex\">\n<div class=\"wp-block-column is-layout-flow wp-block-column-is-layout-flow\">\n<figure class=\"wp-block-image size-full\"><div class=\"flow4-media-wrapper wp-image-4667\" \n\t\t\t\t\t\tdata-module=\"module.scrollAnimation\" data-animation-id=\"contentMediaAnimation\" data-scroll-animation-type=\"sync\" data-scroll-animation-start=\"0\" data-scroll-animation-end=\"1\"\n\t\t\t\t\t><img loading=\"lazy\" decoding=\"async\" width=\"1200\" height=\"700\" src=\"https:\/\/www.slopek.com\/wp-content\/uploads\/CTA-Anwalt-Hamburg-Medienrecht.jpg\" alt=\"Anwalt Hamburg Medienrecht\" class=\"wp-image-4667\" srcset=\"https:\/\/www.slopek.com\/wp-content\/uploads\/CTA-Anwalt-Hamburg-Medienrecht.jpg 1200w, https:\/\/www.slopek.com\/wp-content\/uploads\/CTA-Anwalt-Hamburg-Medienrecht-320x187@2x.jpg 640w, https:\/\/www.slopek.com\/wp-content\/uploads\/CTA-Anwalt-Hamburg-Medienrecht-320x187.jpg 320w, https:\/\/www.slopek.com\/wp-content\/uploads\/CTA-Anwalt-Hamburg-Medienrecht-290x169.jpg 290w\" sizes=\"auto, (max-width: 1200px) 100vw, 1200px\" \/>\n\t\t\t\t\t<div class=\"flow4-media-wrapper__background\"><\/div>\n\t\t\t\t\t<\/div><\/div>\n\n\n\n<div class=\"wp-block-column slide-up-ani is-layout-flow wp-block-column-is-layout-flow\">\n<p><span>Your contact: Dr. David Slopek, LL.M.<\/span><\/p>\n\n\n\n<p><a href=\"https:\/\/www.slopek.com\/en\/kontakt\/\">Do you need competent legal advice in the area of \u200b\u200bmedia law? Then please contact us! We advise clients from Hamburg and nationwide.<\/a><\/p>\n<\/div>\n<\/div>\n\n\n    <div class=\"customer-feedback_wrapper\"><div class=\"feeedback__intro\"><p>What our clients say<\/p>\n<h2>Top advice. Fair prices.<\/h2>\n<\/div><div class=\"customer-feedbacks\"><div class=\"badge-wrapper\"><h2 class=\"badge-headline\">Very good<\/h2><span class=\"badge-stars\"><\/span><p class=\"badge-text\">5.0 stars (174 reviews, as of January 2025)<\/p><div class=\"badge-logo\"><a href=\"https:\/\/anwalt.de\/david-slopek\/\" target=\"_blank\"><\/a><\/div><\/div><div class=\"swiper-container feeedback__swiper\">    <div class=\"swiper-wrapper\"><div class=\"swiper-slide\">    <div class=\"content-wrapper\">        <div class=\"feedback-headline\">Trademark application<\/div>         <span class=\"feedback-stars\"><\/span>        <div class=\"feedback-copy\">Everything worked out great. Top advice! Registration went smoothly and quickly.<\/div>        <div class=\"feedback-details\">            <div class=\"feedback_company-details\">                <div class=\"feedback_detail-name\">Maximilian Huge<\/div><div class=\"feedback_detail-position\">Managing Director - <a href=\"https:\/\/register.dpma.de\/DPMAregister\/marke\/register\/3020221014858\/DE\" target=\"_blank\">Link<\/a><\/div>            <div class=\"feedback_company-logo\"><div class=\"flow4_image-container \" ><img loading=\"lazy\" decoding=\"async\" width=\"117\" height=\"50\" src=\"https:\/\/www.slopek.com\/wp-content\/uploads\/Philipp_Spiegelhoff_Bild.png\" class=\"attachment-large size-large\" alt=\"\" \/><\/div>            <\/div>            <\/div>        <\/div>    <\/div><\/div><div class=\"swiper-slide\">    <div class=\"content-wrapper\">        <div class=\"feedback-headline\">Design application<\/div>         <span class=\"feedback-stars\"><\/span>        <div class=\"feedback-copy\">Very exemplary quick feedback & advice on my request with subsequent precise processing and thus quick success in securing my practice design! Thank you very much...supported me a lot in my \"transitional phase\". Please add a smiley to the 5 stars \ud83d\ude42<\/div>        <div class=\"feedback-details\">            <div class=\"feedback_company-details\">                <div class=\"feedback_detail-name\">Dr. Kerstin Mei\u00dfner<\/div><div class=\"feedback_detail-position\">Practice owner - <a href=\"https:\/\/register.dpma.de\/DPMAregister\/gsm\/register?DNR=402019100082-0001\" target=\"_blank\">Link<\/a><\/div>            <div class=\"feedback_company-logo\"><div class=\"flow4_image-container \" ><img loading=\"lazy\" decoding=\"async\" width=\"67\" height=\"50\" src=\"https:\/\/www.slopek.com\/wp-content\/uploads\/Kerstin_Meissner_Bild.png\" class=\"attachment-large size-large\" alt=\"\" \/><\/div>            <\/div>            <\/div>        <\/div>    <\/div><\/div><div class=\"swiper-slide\">    <div class=\"content-wrapper\">        <div class=\"feedback-headline\">Trademark application<\/div>         <span class=\"feedback-stars\"><\/span>        <div class=\"feedback-copy\">We are very satisfied with the processing. Everything went quickly and smoothly.<\/div>        <div class=\"feedback-details\">            <div class=\"feedback_company-details\">                <div class=\"feedback_detail-name\">Philipp Spiegelhoff<\/div><div class=\"feedback_detail-position\">Self-employed person - <a href=\"https:\/\/register.dpma.de\/DPMAregister\/marke\/register\/3020221001543\/DE\" target=\"_blank\">Link<\/a><\/div>            <div class=\"feedback_company-logo\"><div class=\"flow4_image-container \" ><img loading=\"lazy\" decoding=\"async\" width=\"552\" height=\"72\" src=\"https:\/\/www.slopek.com\/wp-content\/uploads\/Philipp_Spiegelhoff_Bild-2.png\" class=\"attachment-large size-large\" alt=\"\" srcset=\"https:\/\/www.slopek.com\/wp-content\/uploads\/Philipp_Spiegelhoff_Bild-2.png 552w, https:\/\/www.slopek.com\/wp-content\/uploads\/Philipp_Spiegelhoff_Bild-2-320x42.png 320w, https:\/\/www.slopek.com\/wp-content\/uploads\/Philipp_Spiegelhoff_Bild-2-290x38.png 290w\" sizes=\"auto, (max-width: 552px) 100vw, 552px\" \/><\/div>            <\/div>            <\/div>        <\/div>    <\/div><\/div><\/div><\/div><\/div><div class=\"swiper-ui\">    <div class=\"feeedback__outro\"><p><a href=\"https:\/\/www.anwalt.de\/david-slopek\">Read all reviews<\/a><\/p>\n<\/div>    <div class=\"swiper-pagination\"><\/div>    <div class=\"swiper-button-prev\"><\/div>    <div class=\"swiper-button-next\"><\/div><\/div>        <\/div>\n\n\n\n<h2 class=\"wp-block-heading\">Media law attorney<\/h2>\n\n\n\n<p><meta charset=\"utf-8\">Dr. David Slopek has more than 10 years of intensive practical experience gained in Germany and abroad. After completing his studies, obtaining a Master of Laws and a doctorate at <meta charset=\"utf-8\"><a href=\"https:\/\/www.hhu.de\">Heinrich-Heine-<meta charset=\"utf-8\">University-D\u00fcsseldorf<\/a>, he was admitted to the bar by the <a href=\"https:\/\/www.rak-dus.de\">D\u00fcsseldorf Bar Association<\/a> in 2012. He learned his legal craft from scratch in a leading international law firm, for which he worked for around seven years in Alicante and Hamburg. In 2016, the <a href=\"https:\/\/www.rak-hamburg.de\" target=\"_blank\" rel=\"noreferrer noopener\">Hanseatic Bar Association of Hamburg<\/a> awarded him the title of specialist lawyer for intellectual property law. In addition to his professional qualifications, he has also published extensively, with over 80 specialist publications. He and his team will advise you with expertise and experience in all matters of trademark law.<\/p>\n","protected":false},"excerpt":{"rendered":"<p>The media landscape and thus also media law are becoming more and more complex due to increasing digitalization. In addition to the traditional media, the establishment of new media has led to numerous conflicts that can often only be resolved with legal help. Our law firm supports companies and private individuals in the commercial exploitation [&hellip;]<\/p>\n","protected":false},"author":3,"featured_media":3432,"parent":0,"menu_order":0,"comment_status":"closed","ping_status":"closed","template":"","meta":{"_acf_changed":false,"_uag_custom_page_level_css":"","footnotes":""},"class_list":["post-6332","page","type-page","status-publish","has-post-thumbnail","hentry"],"yoast_head":"<!-- This site is optimized with the Yoast SEO plugin v27.4 - https:\/\/yoast.com\/product\/yoast-seo-wordpress\/ -->\n<title>Anwalt f\u00fcr Medienrecht in Hamburg - Slopek Rechtsanw\u00e4lte<\/title>\n<meta name=\"description\" content=\"Ihr Anwalt f\u00fcr Medienrecht in Hamburg. Jetzt mehr erfahren oder direkt Kontakt aufnehmen. Rechtsanwalt Dr. David Slopek \u260e 040 882153900\" \/>\n<meta name=\"robots\" content=\"index, follow, max-snippet:-1, max-image-preview:large, max-video-preview:-1\" \/>\n<link rel=\"canonical\" href=\"https:\/\/www.slopek.com\/en\/medienrecht\/\" \/>\n<meta property=\"og:locale\" content=\"en_US\" \/>\n<meta property=\"og:type\" content=\"article\" \/>\n<meta property=\"og:title\" content=\"Anwalt f\u00fcr Medienrecht in Hamburg - Slopek Rechtsanw\u00e4lte\" \/>\n<meta property=\"og:description\" content=\"Ihr Anwalt f\u00fcr Medienrecht in Hamburg. Jetzt mehr erfahren oder direkt Kontakt aufnehmen. Rechtsanwalt Dr. David Slopek \u260e 040 882153900\" \/>\n<meta property=\"og:url\" content=\"https:\/\/www.slopek.com\/en\/medienrecht\/\" \/>\n<meta property=\"og:site_name\" content=\"Slopek Rechtsanw\u00e4lte | Geistiges Eigentum, Wettbewerbs- und Medienrecht\" \/>\n<meta property=\"article:modified_time\" content=\"2025-01-21T13:31:50+00:00\" \/>\n<meta property=\"og:image\" content=\"https:\/\/www.slopek.com\/wp-content\/uploads\/Anwalt-Medienrecht-Hamburg-Du\u0308sseldorf.jpg\" \/>\n\t<meta property=\"og:image:width\" content=\"1700\" \/>\n\t<meta property=\"og:image:height\" content=\"500\" \/>\n\t<meta property=\"og:image:type\" content=\"image\/jpeg\" \/>\n<meta name=\"twitter:card\" content=\"summary_large_image\" \/>\n<meta name=\"twitter:label1\" content=\"Est. reading time\" \/>\n\t<meta name=\"twitter:data1\" content=\"3 minutes\" \/>\n<script type=\"application\/ld+json\" class=\"yoast-schema-graph\">{\"@context\":\"https:\\\/\\\/schema.org\",\"@graph\":[{\"@type\":\"WebPage\",\"@id\":\"https:\\\/\\\/www.slopek.com\\\/en\\\/medienrecht\\\/\",\"url\":\"https:\\\/\\\/www.slopek.com\\\/en\\\/medienrecht\\\/\",\"name\":\"Anwalt f\u00fcr Medienrecht in Hamburg - Slopek Rechtsanw\u00e4lte\",\"isPartOf\":{\"@id\":\"https:\\\/\\\/www.slopek.com\\\/#website\"},\"primaryImageOfPage\":{\"@id\":\"https:\\\/\\\/www.slopek.com\\\/en\\\/medienrecht\\\/#primaryimage\"},\"image\":{\"@id\":\"https:\\\/\\\/www.slopek.com\\\/en\\\/medienrecht\\\/#primaryimage\"},\"thumbnailUrl\":\"https:\\\/\\\/www.slopek.com\\\/wp-content\\\/uploads\\\/Anwalt-Medienrecht-Hamburg-Du\u0308sseldorf.jpg\",\"datePublished\":\"2021-07-25T10:14:06+00:00\",\"dateModified\":\"2025-01-21T13:31:50+00:00\",\"description\":\"Ihr Anwalt f\u00fcr Medienrecht in Hamburg. Jetzt mehr erfahren oder direkt Kontakt aufnehmen. Rechtsanwalt Dr. David Slopek \u260e 040 882153900\",\"breadcrumb\":{\"@id\":\"https:\\\/\\\/www.slopek.com\\\/en\\\/medienrecht\\\/#breadcrumb\"},\"inLanguage\":\"en-US\",\"potentialAction\":[{\"@type\":\"ReadAction\",\"target\":[\"https:\\\/\\\/www.slopek.com\\\/en\\\/medienrecht\\\/\"]}]},{\"@type\":\"ImageObject\",\"inLanguage\":\"en-US\",\"@id\":\"https:\\\/\\\/www.slopek.com\\\/en\\\/medienrecht\\\/#primaryimage\",\"url\":\"https:\\\/\\\/www.slopek.com\\\/wp-content\\\/uploads\\\/Anwalt-Medienrecht-Hamburg-Du\u0308sseldorf.jpg\",\"contentUrl\":\"https:\\\/\\\/www.slopek.com\\\/wp-content\\\/uploads\\\/Anwalt-Medienrecht-Hamburg-Du\u0308sseldorf.jpg\",\"width\":1700,\"height\":500},{\"@type\":\"BreadcrumbList\",\"@id\":\"https:\\\/\\\/www.slopek.com\\\/en\\\/medienrecht\\\/#breadcrumb\",\"itemListElement\":[{\"@type\":\"ListItem\",\"position\":1,\"name\":\"Startseite\",\"item\":\"https:\\\/\\\/www.slopek.com\\\/en\\\/\"},{\"@type\":\"ListItem\",\"position\":2,\"name\":\"Media law\"}]},{\"@type\":\"WebSite\",\"@id\":\"https:\\\/\\\/www.slopek.com\\\/#website\",\"url\":\"https:\\\/\\\/www.slopek.com\\\/\",\"name\":\"Slopek Rechtsanw\u00e4lte | Geistiges Eigentum, Wettbewerbs- und Medienrecht\",\"description\":\"Markenrecht | Urheberrecht | Wettbewerbsrecht | Medienrecht\",\"publisher\":{\"@id\":\"https:\\\/\\\/www.slopek.com\\\/#organization\"},\"potentialAction\":[{\"@type\":\"SearchAction\",\"target\":{\"@type\":\"EntryPoint\",\"urlTemplate\":\"https:\\\/\\\/www.slopek.com\\\/?s={search_term_string}\"},\"query-input\":{\"@type\":\"PropertyValueSpecification\",\"valueRequired\":true,\"valueName\":\"search_term_string\"}}],\"inLanguage\":\"en-US\"},{\"@type\":\"Organization\",\"@id\":\"https:\\\/\\\/www.slopek.com\\\/#organization\",\"name\":\"Slopek Rechtsanw\u00e4lte\",\"url\":\"https:\\\/\\\/www.slopek.com\\\/\",\"logo\":{\"@type\":\"ImageObject\",\"inLanguage\":\"en-US\",\"@id\":\"https:\\\/\\\/www.slopek.com\\\/#\\\/schema\\\/logo\\\/image\\\/\",\"url\":\"https:\\\/\\\/www.slopek.com\\\/wp-content\\\/uploads\\\/slopek-logo.svg\",\"contentUrl\":\"https:\\\/\\\/www.slopek.com\\\/wp-content\\\/uploads\\\/slopek-logo.svg\",\"width\":139,\"height\":55,\"caption\":\"Slopek Rechtsanw\u00e4lte\"},\"image\":{\"@id\":\"https:\\\/\\\/www.slopek.com\\\/#\\\/schema\\\/logo\\\/image\\\/\"}}]}<\/script>\n<!-- \/ Yoast SEO plugin. -->","yoast_head_json":{"title":"Anwalt f\u00fcr Medienrecht in Hamburg - Slopek Rechtsanw\u00e4lte","description":"Ihr Anwalt f\u00fcr Medienrecht in Hamburg. Jetzt mehr erfahren oder direkt Kontakt aufnehmen. Rechtsanwalt Dr. David Slopek \u260e 040 882153900","robots":{"index":"index","follow":"follow","max-snippet":"max-snippet:-1","max-image-preview":"max-image-preview:large","max-video-preview":"max-video-preview:-1"},"canonical":"https:\/\/www.slopek.com\/en\/medienrecht\/","og_locale":"en_US","og_type":"article","og_title":"Anwalt f\u00fcr Medienrecht in Hamburg - Slopek Rechtsanw\u00e4lte","og_description":"Ihr Anwalt f\u00fcr Medienrecht in Hamburg. Jetzt mehr erfahren oder direkt Kontakt aufnehmen. Rechtsanwalt Dr. David Slopek \u260e 040 882153900","og_url":"https:\/\/www.slopek.com\/en\/medienrecht\/","og_site_name":"Slopek Rechtsanw\u00e4lte | Geistiges Eigentum, Wettbewerbs- und Medienrecht","article_modified_time":"2025-01-21T13:31:50+00:00","og_image":[{"width":1700,"height":500,"url":"https:\/\/www.slopek.com\/wp-content\/uploads\/Anwalt-Medienrecht-Hamburg-Du\u0308sseldorf.jpg","type":"image\/jpeg"}],"twitter_card":"summary_large_image","twitter_misc":{"Est. reading time":"3 minutes"},"schema":{"@context":"https:\/\/schema.org","@graph":[{"@type":"WebPage","@id":"https:\/\/www.slopek.com\/en\/medienrecht\/","url":"https:\/\/www.slopek.com\/en\/medienrecht\/","name":"Anwalt f\u00fcr Medienrecht in Hamburg - Slopek Rechtsanw\u00e4lte","isPartOf":{"@id":"https:\/\/www.slopek.com\/#website"},"primaryImageOfPage":{"@id":"https:\/\/www.slopek.com\/en\/medienrecht\/#primaryimage"},"image":{"@id":"https:\/\/www.slopek.com\/en\/medienrecht\/#primaryimage"},"thumbnailUrl":"https:\/\/www.slopek.com\/wp-content\/uploads\/Anwalt-Medienrecht-Hamburg-Du\u0308sseldorf.jpg","datePublished":"2021-07-25T10:14:06+00:00","dateModified":"2025-01-21T13:31:50+00:00","description":"Ihr Anwalt f\u00fcr Medienrecht in Hamburg. Jetzt mehr erfahren oder direkt Kontakt aufnehmen. Rechtsanwalt Dr. David Slopek \u260e 040 882153900","breadcrumb":{"@id":"https:\/\/www.slopek.com\/en\/medienrecht\/#breadcrumb"},"inLanguage":"en-US","potentialAction":[{"@type":"ReadAction","target":["https:\/\/www.slopek.com\/en\/medienrecht\/"]}]},{"@type":"ImageObject","inLanguage":"en-US","@id":"https:\/\/www.slopek.com\/en\/medienrecht\/#primaryimage","url":"https:\/\/www.slopek.com\/wp-content\/uploads\/Anwalt-Medienrecht-Hamburg-Du\u0308sseldorf.jpg","contentUrl":"https:\/\/www.slopek.com\/wp-content\/uploads\/Anwalt-Medienrecht-Hamburg-Du\u0308sseldorf.jpg","width":1700,"height":500},{"@type":"BreadcrumbList","@id":"https:\/\/www.slopek.com\/en\/medienrecht\/#breadcrumb","itemListElement":[{"@type":"ListItem","position":1,"name":"Startseite","item":"https:\/\/www.slopek.com\/en\/"},{"@type":"ListItem","position":2,"name":"Media law"}]},{"@type":"WebSite","@id":"https:\/\/www.slopek.com\/#website","url":"https:\/\/www.slopek.com\/","name":"Slopek Rechtsanw\u00e4lte | Geistiges Eigentum, Wettbewerbs- und Medienrecht","description":"Markenrecht | Urheberrecht | Wettbewerbsrecht | Medienrecht","publisher":{"@id":"https:\/\/www.slopek.com\/#organization"},"potentialAction":[{"@type":"SearchAction","target":{"@type":"EntryPoint","urlTemplate":"https:\/\/www.slopek.com\/?s={search_term_string}"},"query-input":{"@type":"PropertyValueSpecification","valueRequired":true,"valueName":"search_term_string"}}],"inLanguage":"en-US"},{"@type":"Organization","@id":"https:\/\/www.slopek.com\/#organization","name":"Slopek Rechtsanw\u00e4lte","url":"https:\/\/www.slopek.com\/","logo":{"@type":"ImageObject","inLanguage":"en-US","@id":"https:\/\/www.slopek.com\/#\/schema\/logo\/image\/","url":"https:\/\/www.slopek.com\/wp-content\/uploads\/slopek-logo.svg","contentUrl":"https:\/\/www.slopek.com\/wp-content\/uploads\/slopek-logo.svg","width":139,"height":55,"caption":"Slopek Rechtsanw\u00e4lte"},"image":{"@id":"https:\/\/www.slopek.com\/#\/schema\/logo\/image\/"}}]}},"uagb_featured_image_src":{"full":["https:\/\/www.slopek.com\/wp-content\/uploads\/Anwalt-Medienrecht-Hamburg-Du\u0308sseldorf.jpg",1700,500,false],"thumbnail":["https:\/\/www.slopek.com\/wp-content\/uploads\/Anwalt-Medienrecht-Hamburg-Du\u0308sseldorf-320x94.jpg",320,94,true],"medium":["https:\/\/www.slopek.com\/wp-content\/uploads\/Anwalt-Medienrecht-Hamburg-Du\u0308sseldorf-640x188.jpg",640,188,true],"medium_large":["https:\/\/www.slopek.com\/wp-content\/uploads\/Anwalt-Medienrecht-Hamburg-Du\u0308sseldorf.jpg",640,188,false],"large":["https:\/\/www.slopek.com\/wp-content\/uploads\/Anwalt-Medienrecht-Hamburg-Du\u0308sseldorf-1280x376.jpg",640,188,true],"1536x1536":["https:\/\/www.slopek.com\/wp-content\/uploads\/Anwalt-Medienrecht-Hamburg-Du\u0308sseldorf-1536x452.jpg",1536,452,true],"2048x2048":["https:\/\/www.slopek.com\/wp-content\/uploads\/Anwalt-Medienrecht-Hamburg-Du\u0308sseldorf.jpg",1700,500,false],"post-preview-thumbnail":["https:\/\/www.slopek.com\/wp-content\/uploads\/Anwalt-Medienrecht-Hamburg-Du\u0308sseldorf-320x200.jpg",320,200,true],"post-preview-large":["https:\/\/www.slopek.com\/wp-content\/uploads\/Anwalt-Medienrecht-Hamburg-Du\u0308sseldorf-640x400.jpg",640,400,true],"publication-thumbnail":["https:\/\/www.slopek.com\/wp-content\/uploads\/Anwalt-Medienrecht-Hamburg-Du\u0308sseldorf-200x296.jpg",200,296,true],"user-profile-thumbnail":["https:\/\/www.slopek.com\/wp-content\/uploads\/Anwalt-Medienrecht-Hamburg-Du\u0308sseldorf-290x85.jpg",290,85,true],"avatar":["https:\/\/www.slopek.com\/wp-content\/uploads\/Anwalt-Medienrecht-Hamburg-Du\u0308sseldorf-60x60.jpg",60,60,true],"avatar-large":["https:\/\/www.slopek.com\/wp-content\/uploads\/Anwalt-Medienrecht-Hamburg-Du\u0308sseldorf-220x140.jpg",220,140,true],"profile_24":["https:\/\/www.slopek.com\/wp-content\/uploads\/Anwalt-Medienrecht-Hamburg-Du\u0308sseldorf-24x24.jpg",24,24,true],"profile_48":["https:\/\/www.slopek.com\/wp-content\/uploads\/Anwalt-Medienrecht-Hamburg-Du\u0308sseldorf-48x48.jpg",48,48,true],"profile_96":["https:\/\/www.slopek.com\/wp-content\/uploads\/Anwalt-Medienrecht-Hamburg-Du\u0308sseldorf-96x96.jpg",96,96,true],"profile_150":["https:\/\/www.slopek.com\/wp-content\/uploads\/Anwalt-Medienrecht-Hamburg-Du\u0308sseldorf-150x150.jpg",150,150,true],"profile_300":["https:\/\/www.slopek.com\/wp-content\/uploads\/Anwalt-Medienrecht-Hamburg-Du\u0308sseldorf-300x300.jpg",300,300,true]},"uagb_author_info":{"display_name":"David Slopek","author_link":"https:\/\/www.slopek.com\/en\/author\/david-slopek\/"},"uagb_comment_info":0,"uagb_excerpt":"The media landscape and thus also media law are becoming more and more complex due to increasing digitalization. In addition to the traditional media, the establishment of new media has led to numerous conflicts that can often only be resolved with legal help. Our law firm supports companies and private individuals in the commercial exploitation&hellip;","acf":[],"_links":{"self":[{"href":"https:\/\/www.slopek.com\/en\/wp-json\/wp\/v2\/pages\/6332","targetHints":{"allow":["GET"]}}],"collection":[{"href":"https:\/\/www.slopek.com\/en\/wp-json\/wp\/v2\/pages"}],"about":[{"href":"https:\/\/www.slopek.com\/en\/wp-json\/wp\/v2\/types\/page"}],"author":[{"embeddable":true,"href":"https:\/\/www.slopek.com\/en\/wp-json\/wp\/v2\/users\/3"}],"replies":[{"embeddable":true,"href":"https:\/\/www.slopek.com\/en\/wp-json\/wp\/v2\/comments?post=6332"}],"version-history":[{"count":5,"href":"https:\/\/www.slopek.com\/en\/wp-json\/wp\/v2\/pages\/6332\/revisions"}],"predecessor-version":[{"id":6446,"href":"https:\/\/www.slopek.com\/en\/wp-json\/wp\/v2\/pages\/6332\/revisions\/6446"}],"wp:featuredmedia":[{"embeddable":true,"href":"https:\/\/www.slopek.com\/en\/wp-json\/wp\/v2\/media\/3432"}],"wp:attachment":[{"href":"https:\/\/www.slopek.com\/en\/wp-json\/wp\/v2\/media?parent=6332"}],"curies":[{"name":"wp","href":"https:\/\/api.w.org\/{rel}","templated":true}]}}