{"id":6349,"date":"2021-11-04T19:05:34","date_gmt":"2021-11-04T18:05:34","guid":{"rendered":"https:\/\/slopek-dev.flow4.one\/medienrecht\/verlagsrecht\/"},"modified":"2025-01-21T14:30:50","modified_gmt":"2025-01-21T13:30:50","slug":"verlagsrecht","status":"publish","type":"page","link":"https:\/\/www.slopek.com\/en\/verlagsrecht\/","title":{"rendered":"Publishing law"},"content":{"rendered":"\n<p><strong><strong>Goethe, Hesse, Dostoyevsky. What do they all have in common? They were all great writers. Anyone can become a writer, but few do it, and if you want to do it, sooner or later you end up with a publisher. Unfortunately, not every book can be accepted; there is strong competition between writers and between publishers who are vying for young, ambitious writers. Where there is competition and conflicting interests, there is unfortunately also a need for regulation and sometimes even disputes. We are at your side as an experienced partner.<\/strong><\/strong><\/p>\n\n\n\n<h2 class=\"wp-block-heading\">Our consulting services in publishing law<\/h2>\n\n\n\n<p>We support publishers and authors with all questions relating to publishing law. We support you from the creation of a publishing contract to termination. We help you with breaches of contract, with identifying legal risks in the context of a book publication and with all questions relating to fixed book prices. In addition, your title protection is particularly important to us. Your book title should remain unique and therefore it must also be protected under trademark law. Fair and transparent regulations are the foundation for publishers and authors to be economically successful together, to increase legal certainty and to avoid conflicts.<\/p>\n\n\n\n<h2 class=\"wp-block-heading\">Frequently Asked Questions about Publishing Law<\/h2>\n\n\n<div class=\"block-panel\" ><div class=\"candy_panel candy_panel--collapse \" id=\"panel_69e8a06425006\" >\t<div class=\"candy_panel__header\">What is publishing law?<\/div>\t<div class=\"candy_panel__body\">\t\t<div class=\"candy_panel__body__content\">\t\t\t\n\n<p>Publishing law is a sub-area of \u200b\u200bcopyright law. Its core is the Publishing Act. Essentially, this area concerns both the legal relationship between publisher and author and the resulting rights of use.<\/p>\n\n\t\t<\/div>\t<\/div><\/div><\/div>\n\n<div class=\"block-panel\" ><div class=\"candy_panel candy_panel--collapse \" id=\"panel_69e8a064250d4\" >\t<div class=\"candy_panel__header\">What is a publishing contract?<\/div>\t<div class=\"candy_panel__body\">\t\t<div class=\"candy_panel__body__content\">\t\t\t\n\n<p>A publishing contract is a special form of a copyright license agreement. In addition to the obligations of the parties, it regulates the granting and scope of the publisher&#8217;s right of use and the remuneration for the author.<\/p>\n\n\t\t<\/div>\t<\/div><\/div><\/div>\n\n<div class=\"block-panel\" ><div class=\"candy_panel candy_panel--collapse \" id=\"panel_69e8a06425198\" >\t<div class=\"candy_panel__header\">How do you draw up a publishing contract?<\/div>\t<div class=\"candy_panel__body\">\t\t<div class=\"candy_panel__body__content\">\t\t\t\n\n<p>The publishing contract is only fundamentally bound to the publishing law. Most of the regulations can be agreed individually and thus take into account the respective needs of the contracting parties.<\/p>\n\n\t\t<\/div>\t<\/div><\/div><\/div>\n\n<div class=\"block-panel\" ><div class=\"candy_panel candy_panel--collapse \" id=\"panel_69e8a0642525a\" >\t<div class=\"candy_panel__header\">When do you sign a publishing contract?<\/div>\t<div class=\"candy_panel__body\">\t\t<div class=\"candy_panel__body__content\">\t\t\t\n\n<p>A publishing contract is usually required if you want to publish a literary or musical work. Through this contract, the publisher takes on the task of reproducing and processing the work. You will then receive remuneration for this.<\/p>\n\n\t\t<\/div>\t<\/div><\/div><\/div>\n\n<div class=\"block-panel\" ><div class=\"candy_panel candy_panel--collapse \" id=\"panel_69e8a06425319\" >\t<div class=\"candy_panel__header\">How can the remuneration be regulated?<\/div>\t<div class=\"candy_panel__body\">\t\t<div class=\"candy_panel__body__content\">\t\t\t\n\n<p>The remuneration can be freely agreed upon by the contracting parties. However, it must remain within reasonable limits. There is a wide range of possible arrangements. We will advise you on this and find the solution that is right for you.<\/p>\n\n\t\t<\/div>\t<\/div><\/div><\/div>\n\n<div class=\"block-panel\" ><div class=\"candy_panel candy_panel--collapse \" id=\"panel_69e8a064253d9\" >\t<div class=\"candy_panel__header\">What are alternative options for publication?<\/div>\t<div class=\"candy_panel__body\">\t\t<div class=\"candy_panel__body__content\">\t\t\t\n\n<p>There are also alternative publishing options. Particularly worth mentioning is the \u201cBooks on Demand\u201d model, publishing through a subsidized publisher or the option of \u201cself-publishing\u201d.<\/p>\n\n\t\t<\/div>\t<\/div><\/div><\/div>\n\n    <div class=\"customer-feedback_wrapper\"><div class=\"feeedback__intro\"><p>What our clients say<\/p>\n<h2>Top advice. Fair prices.<\/h2>\n<\/div><div class=\"customer-feedbacks\"><div class=\"badge-wrapper\"><h2 class=\"badge-headline\">Very good<\/h2><span class=\"badge-stars\"><\/span><p class=\"badge-text\">5.0 stars (174 reviews, as of January 2025)<\/p><div class=\"badge-logo\"><a href=\"https:\/\/anwalt.de\/david-slopek\/\" target=\"_blank\"><\/a><\/div><\/div><div class=\"swiper-container feeedback__swiper\">    <div class=\"swiper-wrapper\"><div class=\"swiper-slide\">    <div class=\"content-wrapper\">        <div class=\"feedback-headline\">Trademark application<\/div>         <span class=\"feedback-stars\"><\/span>        <div class=\"feedback-copy\">Everything worked out great. Top advice! Registration went smoothly and quickly.<\/div>        <div class=\"feedback-details\">            <div class=\"feedback_company-details\">                <div class=\"feedback_detail-name\">Maximilian Huge<\/div><div class=\"feedback_detail-position\">Managing Director - <a href=\"https:\/\/register.dpma.de\/DPMAregister\/marke\/register\/3020221014858\/DE\" target=\"_blank\">Link<\/a><\/div>            <div class=\"feedback_company-logo\"><div class=\"flow4_image-container \" ><img loading=\"lazy\" decoding=\"async\" width=\"117\" height=\"50\" src=\"https:\/\/www.slopek.com\/wp-content\/uploads\/Philipp_Spiegelhoff_Bild.png\" class=\"attachment-large size-large\" alt=\"\" \/><\/div>            <\/div>            <\/div>        <\/div>    <\/div><\/div><div class=\"swiper-slide\">    <div class=\"content-wrapper\">        <div class=\"feedback-headline\">Design application<\/div>         <span class=\"feedback-stars\"><\/span>        <div class=\"feedback-copy\">Very exemplary quick feedback & advice on my request with subsequent precise processing and thus quick success in securing my practice design! Thank you very much...supported me a lot in my \"transitional phase\". Please add a smiley to the 5 stars \ud83d\ude42<\/div>        <div class=\"feedback-details\">            <div class=\"feedback_company-details\">                <div class=\"feedback_detail-name\">Dr. Kerstin Mei\u00dfner<\/div><div class=\"feedback_detail-position\">Practice owner - <a href=\"https:\/\/register.dpma.de\/DPMAregister\/gsm\/register?DNR=402019100082-0001\" target=\"_blank\">Link<\/a><\/div>            <div class=\"feedback_company-logo\"><div class=\"flow4_image-container \" ><img loading=\"lazy\" decoding=\"async\" width=\"67\" height=\"50\" src=\"https:\/\/www.slopek.com\/wp-content\/uploads\/Kerstin_Meissner_Bild.png\" class=\"attachment-large size-large\" alt=\"\" \/><\/div>            <\/div>            <\/div>        <\/div>    <\/div><\/div><div class=\"swiper-slide\">    <div class=\"content-wrapper\">        <div class=\"feedback-headline\">Trademark application<\/div>         <span class=\"feedback-stars\"><\/span>        <div class=\"feedback-copy\">We are very satisfied with the processing. Everything went quickly and smoothly.<\/div>        <div class=\"feedback-details\">            <div class=\"feedback_company-details\">                <div class=\"feedback_detail-name\">Philipp Spiegelhoff<\/div><div class=\"feedback_detail-position\">Self-employed person - <a href=\"https:\/\/register.dpma.de\/DPMAregister\/marke\/register\/3020221001543\/DE\" target=\"_blank\">Link<\/a><\/div>            <div class=\"feedback_company-logo\"><div class=\"flow4_image-container \" ><img loading=\"lazy\" decoding=\"async\" width=\"552\" height=\"72\" src=\"https:\/\/www.slopek.com\/wp-content\/uploads\/Philipp_Spiegelhoff_Bild-2.png\" class=\"attachment-large size-large\" alt=\"\" srcset=\"https:\/\/www.slopek.com\/wp-content\/uploads\/Philipp_Spiegelhoff_Bild-2.png 552w, https:\/\/www.slopek.com\/wp-content\/uploads\/Philipp_Spiegelhoff_Bild-2-320x42.png 320w, https:\/\/www.slopek.com\/wp-content\/uploads\/Philipp_Spiegelhoff_Bild-2-290x38.png 290w\" sizes=\"auto, (max-width: 552px) 100vw, 552px\" \/><\/div>            <\/div>            <\/div>        <\/div>    <\/div><\/div><\/div><\/div><\/div><div class=\"swiper-ui\">    <div class=\"feeedback__outro\"><p><a href=\"https:\/\/www.anwalt.de\/david-slopek\">Read all reviews<\/a><\/p>\n<\/div>    <div class=\"swiper-pagination\"><\/div>    <div class=\"swiper-button-prev\"><\/div>    <div class=\"swiper-button-next\"><\/div><\/div>        <\/div>\n\n\n\n<h2 class=\"wp-block-heading\">Your lawyer for publishing law in Hamburg<\/h2>\n\n\n\n<p><meta charset=\"utf-8\">Dr. David Slopek has more than 10 years of intensive practical experience gained in Germany and abroad. After completing his studies, obtaining a Master of Laws and a doctorate at <meta charset=\"utf-8\"><a href=\"https:\/\/www.hhu.de\">Heinrich-Heine-<meta charset=\"utf-8\">University-D\u00fcsseldorf<\/a>, he was admitted to the bar by the <a href=\"https:\/\/www.rak-dus.de\">D\u00fcsseldorf Bar Association<\/a> in 2012. He learned his legal craft from scratch in a leading international law firm, for which he worked for around seven years in Alicante and Hamburg. In 2016, the <a href=\"https:\/\/www.rak-hamburg.de\" target=\"_blank\" rel=\"noreferrer noopener\">Hanseatic Bar Association of Hamburg<\/a> awarded him the title of specialist lawyer for intellectual property law. In addition to his professional qualifications, he has also published extensively, with over 80 specialist publications. He and his team will advise you with expertise and experience in all matters of trademark law.<\/p>\n","protected":false},"excerpt":{"rendered":"<p>Goethe, Hesse, Dostoyevsky. What do they all have in common? They were all great writers. Anyone can become a writer, but few do it, and if you want to do it, sooner or later you end up with a publisher. Unfortunately, not every book can be accepted; there is strong competition between writers and between [&hellip;]<\/p>\n","protected":false},"author":3,"featured_media":4235,"parent":0,"menu_order":0,"comment_status":"closed","ping_status":"closed","template":"","meta":{"_acf_changed":false,"_uag_custom_page_level_css":"","footnotes":""},"class_list":["post-6349","page","type-page","status-publish","has-post-thumbnail","hentry"],"yoast_head":"<!-- This site is optimized with the Yoast SEO plugin v27.4 - https:\/\/yoast.com\/product\/yoast-seo-wordpress\/ -->\n<title>Rechtsanwalt f\u00fcr Verlagsrecht in Hamburg - Slopek Rechtsanw\u00e4lte<\/title>\n<meta name=\"description\" content=\"Ihr Anwalt f\u00fcr Verlagsrecht in Hamburg. Jetzt mehr erfahren oder direkt Kontakt aufnehmen. Rechtsanwalt Dr. David Slopek \u260e 040 882153900\" \/>\n<meta name=\"robots\" content=\"index, follow, max-snippet:-1, max-image-preview:large, max-video-preview:-1\" \/>\n<link rel=\"canonical\" href=\"https:\/\/www.slopek.com\/en\/urheberrecht\/verlagsrecht\/\" \/>\n<meta property=\"og:locale\" content=\"en_US\" \/>\n<meta property=\"og:type\" content=\"article\" \/>\n<meta property=\"og:title\" content=\"Rechtsanwalt f\u00fcr Verlagsrecht in Hamburg - Slopek Rechtsanw\u00e4lte\" \/>\n<meta property=\"og:description\" content=\"Ihr Anwalt f\u00fcr Verlagsrecht in Hamburg. Jetzt mehr erfahren oder direkt Kontakt aufnehmen. Rechtsanwalt Dr. David Slopek \u260e 040 882153900\" \/>\n<meta property=\"og:url\" content=\"https:\/\/www.slopek.com\/en\/urheberrecht\/verlagsrecht\/\" \/>\n<meta property=\"og:site_name\" content=\"Slopek Rechtsanw\u00e4lte | Geistiges Eigentum, Wettbewerbs- und Medienrecht\" \/>\n<meta property=\"article:modified_time\" content=\"2025-01-21T13:30:50+00:00\" \/>\n<meta property=\"og:image\" content=\"https:\/\/www.slopek.com\/wp-content\/uploads\/Rechtsanwalt-Verlagsrecht-Hamburg.jpg\" \/>\n\t<meta property=\"og:image:width\" content=\"1700\" \/>\n\t<meta property=\"og:image:height\" content=\"500\" \/>\n\t<meta property=\"og:image:type\" content=\"image\/jpeg\" \/>\n<meta name=\"twitter:card\" content=\"summary_large_image\" \/>\n<meta name=\"twitter:label1\" content=\"Est. reading time\" \/>\n\t<meta name=\"twitter:data1\" content=\"3 minutes\" \/>\n<script type=\"application\/ld+json\" class=\"yoast-schema-graph\">{\"@context\":\"https:\\\/\\\/schema.org\",\"@graph\":[{\"@type\":\"WebPage\",\"@id\":\"https:\\\/\\\/www.slopek.com\\\/en\\\/urheberrecht\\\/verlagsrecht\\\/\",\"url\":\"https:\\\/\\\/www.slopek.com\\\/en\\\/urheberrecht\\\/verlagsrecht\\\/\",\"name\":\"Rechtsanwalt f\u00fcr Verlagsrecht in Hamburg - Slopek Rechtsanw\u00e4lte\",\"isPartOf\":{\"@id\":\"https:\\\/\\\/www.slopek.com\\\/#website\"},\"primaryImageOfPage\":{\"@id\":\"https:\\\/\\\/www.slopek.com\\\/en\\\/urheberrecht\\\/verlagsrecht\\\/#primaryimage\"},\"image\":{\"@id\":\"https:\\\/\\\/www.slopek.com\\\/en\\\/urheberrecht\\\/verlagsrecht\\\/#primaryimage\"},\"thumbnailUrl\":\"https:\\\/\\\/www.slopek.com\\\/wp-content\\\/uploads\\\/Rechtsanwalt-Verlagsrecht-Hamburg.jpg\",\"datePublished\":\"2021-11-04T18:05:34+00:00\",\"dateModified\":\"2025-01-21T13:30:50+00:00\",\"description\":\"Ihr Anwalt f\u00fcr Verlagsrecht in Hamburg. Jetzt mehr erfahren oder direkt Kontakt aufnehmen. Rechtsanwalt Dr. David Slopek \u260e 040 882153900\",\"breadcrumb\":{\"@id\":\"https:\\\/\\\/www.slopek.com\\\/en\\\/urheberrecht\\\/verlagsrecht\\\/#breadcrumb\"},\"inLanguage\":\"en-US\",\"potentialAction\":[{\"@type\":\"ReadAction\",\"target\":[\"https:\\\/\\\/www.slopek.com\\\/en\\\/urheberrecht\\\/verlagsrecht\\\/\"]}]},{\"@type\":\"ImageObject\",\"inLanguage\":\"en-US\",\"@id\":\"https:\\\/\\\/www.slopek.com\\\/en\\\/urheberrecht\\\/verlagsrecht\\\/#primaryimage\",\"url\":\"https:\\\/\\\/www.slopek.com\\\/wp-content\\\/uploads\\\/Rechtsanwalt-Verlagsrecht-Hamburg.jpg\",\"contentUrl\":\"https:\\\/\\\/www.slopek.com\\\/wp-content\\\/uploads\\\/Rechtsanwalt-Verlagsrecht-Hamburg.jpg\",\"width\":1700,\"height\":500,\"caption\":\"Anwalt f\u00fcr Verlagsrecht in Hamburg\"},{\"@type\":\"BreadcrumbList\",\"@id\":\"https:\\\/\\\/www.slopek.com\\\/en\\\/urheberrecht\\\/verlagsrecht\\\/#breadcrumb\",\"itemListElement\":[{\"@type\":\"ListItem\",\"position\":1,\"name\":\"Startseite\",\"item\":\"https:\\\/\\\/www.slopek.com\\\/en\\\/\"},{\"@type\":\"ListItem\",\"position\":2,\"name\":\"Copyright\",\"item\":\"https:\\\/\\\/www.slopek.com\\\/en\\\/urheberrecht\\\/\"},{\"@type\":\"ListItem\",\"position\":3,\"name\":\"Publishing law\"}]},{\"@type\":\"WebSite\",\"@id\":\"https:\\\/\\\/www.slopek.com\\\/#website\",\"url\":\"https:\\\/\\\/www.slopek.com\\\/\",\"name\":\"Slopek Rechtsanw\u00e4lte | Geistiges Eigentum, Wettbewerbs- und Medienrecht\",\"description\":\"Markenrecht | Urheberrecht | Wettbewerbsrecht | Medienrecht\",\"publisher\":{\"@id\":\"https:\\\/\\\/www.slopek.com\\\/#organization\"},\"potentialAction\":[{\"@type\":\"SearchAction\",\"target\":{\"@type\":\"EntryPoint\",\"urlTemplate\":\"https:\\\/\\\/www.slopek.com\\\/?s={search_term_string}\"},\"query-input\":{\"@type\":\"PropertyValueSpecification\",\"valueRequired\":true,\"valueName\":\"search_term_string\"}}],\"inLanguage\":\"en-US\"},{\"@type\":\"Organization\",\"@id\":\"https:\\\/\\\/www.slopek.com\\\/#organization\",\"name\":\"Slopek Rechtsanw\u00e4lte\",\"url\":\"https:\\\/\\\/www.slopek.com\\\/\",\"logo\":{\"@type\":\"ImageObject\",\"inLanguage\":\"en-US\",\"@id\":\"https:\\\/\\\/www.slopek.com\\\/#\\\/schema\\\/logo\\\/image\\\/\",\"url\":\"https:\\\/\\\/www.slopek.com\\\/wp-content\\\/uploads\\\/slopek-logo.svg\",\"contentUrl\":\"https:\\\/\\\/www.slopek.com\\\/wp-content\\\/uploads\\\/slopek-logo.svg\",\"width\":139,\"height\":55,\"caption\":\"Slopek Rechtsanw\u00e4lte\"},\"image\":{\"@id\":\"https:\\\/\\\/www.slopek.com\\\/#\\\/schema\\\/logo\\\/image\\\/\"}}]}<\/script>\n<!-- \/ Yoast SEO plugin. -->","yoast_head_json":{"title":"Rechtsanwalt f\u00fcr Verlagsrecht in Hamburg - Slopek Rechtsanw\u00e4lte","description":"Ihr Anwalt f\u00fcr Verlagsrecht in Hamburg. Jetzt mehr erfahren oder direkt Kontakt aufnehmen. Rechtsanwalt Dr. David Slopek \u260e 040 882153900","robots":{"index":"index","follow":"follow","max-snippet":"max-snippet:-1","max-image-preview":"max-image-preview:large","max-video-preview":"max-video-preview:-1"},"canonical":"https:\/\/www.slopek.com\/en\/urheberrecht\/verlagsrecht\/","og_locale":"en_US","og_type":"article","og_title":"Rechtsanwalt f\u00fcr Verlagsrecht in Hamburg - Slopek Rechtsanw\u00e4lte","og_description":"Ihr Anwalt f\u00fcr Verlagsrecht in Hamburg. Jetzt mehr erfahren oder direkt Kontakt aufnehmen. Rechtsanwalt Dr. David Slopek \u260e 040 882153900","og_url":"https:\/\/www.slopek.com\/en\/urheberrecht\/verlagsrecht\/","og_site_name":"Slopek Rechtsanw\u00e4lte | Geistiges Eigentum, Wettbewerbs- und Medienrecht","article_modified_time":"2025-01-21T13:30:50+00:00","og_image":[{"width":1700,"height":500,"url":"https:\/\/www.slopek.com\/wp-content\/uploads\/Rechtsanwalt-Verlagsrecht-Hamburg.jpg","type":"image\/jpeg"}],"twitter_card":"summary_large_image","twitter_misc":{"Est. reading time":"3 minutes"},"schema":{"@context":"https:\/\/schema.org","@graph":[{"@type":"WebPage","@id":"https:\/\/www.slopek.com\/en\/urheberrecht\/verlagsrecht\/","url":"https:\/\/www.slopek.com\/en\/urheberrecht\/verlagsrecht\/","name":"Rechtsanwalt f\u00fcr Verlagsrecht in Hamburg - Slopek Rechtsanw\u00e4lte","isPartOf":{"@id":"https:\/\/www.slopek.com\/#website"},"primaryImageOfPage":{"@id":"https:\/\/www.slopek.com\/en\/urheberrecht\/verlagsrecht\/#primaryimage"},"image":{"@id":"https:\/\/www.slopek.com\/en\/urheberrecht\/verlagsrecht\/#primaryimage"},"thumbnailUrl":"https:\/\/www.slopek.com\/wp-content\/uploads\/Rechtsanwalt-Verlagsrecht-Hamburg.jpg","datePublished":"2021-11-04T18:05:34+00:00","dateModified":"2025-01-21T13:30:50+00:00","description":"Ihr Anwalt f\u00fcr Verlagsrecht in Hamburg. Jetzt mehr erfahren oder direkt Kontakt aufnehmen. Rechtsanwalt Dr. David Slopek \u260e 040 882153900","breadcrumb":{"@id":"https:\/\/www.slopek.com\/en\/urheberrecht\/verlagsrecht\/#breadcrumb"},"inLanguage":"en-US","potentialAction":[{"@type":"ReadAction","target":["https:\/\/www.slopek.com\/en\/urheberrecht\/verlagsrecht\/"]}]},{"@type":"ImageObject","inLanguage":"en-US","@id":"https:\/\/www.slopek.com\/en\/urheberrecht\/verlagsrecht\/#primaryimage","url":"https:\/\/www.slopek.com\/wp-content\/uploads\/Rechtsanwalt-Verlagsrecht-Hamburg.jpg","contentUrl":"https:\/\/www.slopek.com\/wp-content\/uploads\/Rechtsanwalt-Verlagsrecht-Hamburg.jpg","width":1700,"height":500,"caption":"Anwalt f\u00fcr Verlagsrecht in Hamburg"},{"@type":"BreadcrumbList","@id":"https:\/\/www.slopek.com\/en\/urheberrecht\/verlagsrecht\/#breadcrumb","itemListElement":[{"@type":"ListItem","position":1,"name":"Startseite","item":"https:\/\/www.slopek.com\/en\/"},{"@type":"ListItem","position":2,"name":"Copyright","item":"https:\/\/www.slopek.com\/en\/urheberrecht\/"},{"@type":"ListItem","position":3,"name":"Publishing law"}]},{"@type":"WebSite","@id":"https:\/\/www.slopek.com\/#website","url":"https:\/\/www.slopek.com\/","name":"Slopek Rechtsanw\u00e4lte | Geistiges Eigentum, Wettbewerbs- und Medienrecht","description":"Markenrecht | Urheberrecht | Wettbewerbsrecht | Medienrecht","publisher":{"@id":"https:\/\/www.slopek.com\/#organization"},"potentialAction":[{"@type":"SearchAction","target":{"@type":"EntryPoint","urlTemplate":"https:\/\/www.slopek.com\/?s={search_term_string}"},"query-input":{"@type":"PropertyValueSpecification","valueRequired":true,"valueName":"search_term_string"}}],"inLanguage":"en-US"},{"@type":"Organization","@id":"https:\/\/www.slopek.com\/#organization","name":"Slopek Rechtsanw\u00e4lte","url":"https:\/\/www.slopek.com\/","logo":{"@type":"ImageObject","inLanguage":"en-US","@id":"https:\/\/www.slopek.com\/#\/schema\/logo\/image\/","url":"https:\/\/www.slopek.com\/wp-content\/uploads\/slopek-logo.svg","contentUrl":"https:\/\/www.slopek.com\/wp-content\/uploads\/slopek-logo.svg","width":139,"height":55,"caption":"Slopek Rechtsanw\u00e4lte"},"image":{"@id":"https:\/\/www.slopek.com\/#\/schema\/logo\/image\/"}}]}},"uagb_featured_image_src":{"full":["https:\/\/www.slopek.com\/wp-content\/uploads\/Rechtsanwalt-Verlagsrecht-Hamburg.jpg",1700,500,false],"thumbnail":["https:\/\/www.slopek.com\/wp-content\/uploads\/Rechtsanwalt-Verlagsrecht-Hamburg-320x94.jpg",320,94,true],"medium":["https:\/\/www.slopek.com\/wp-content\/uploads\/Rechtsanwalt-Verlagsrecht-Hamburg-640x188.jpg",640,188,true],"medium_large":["https:\/\/www.slopek.com\/wp-content\/uploads\/Rechtsanwalt-Verlagsrecht-Hamburg.jpg",640,188,false],"large":["https:\/\/www.slopek.com\/wp-content\/uploads\/Rechtsanwalt-Verlagsrecht-Hamburg-1280x376.jpg",640,188,true],"1536x1536":["https:\/\/www.slopek.com\/wp-content\/uploads\/Rechtsanwalt-Verlagsrecht-Hamburg-1536x452.jpg",1536,452,true],"2048x2048":["https:\/\/www.slopek.com\/wp-content\/uploads\/Rechtsanwalt-Verlagsrecht-Hamburg.jpg",1700,500,false],"post-preview-thumbnail":["https:\/\/www.slopek.com\/wp-content\/uploads\/Rechtsanwalt-Verlagsrecht-Hamburg-320x200.jpg",320,200,true],"post-preview-large":["https:\/\/www.slopek.com\/wp-content\/uploads\/Rechtsanwalt-Verlagsrecht-Hamburg-640x400.jpg",640,400,true],"publication-thumbnail":["https:\/\/www.slopek.com\/wp-content\/uploads\/Rechtsanwalt-Verlagsrecht-Hamburg-200x296.jpg",200,296,true],"user-profile-thumbnail":["https:\/\/www.slopek.com\/wp-content\/uploads\/Rechtsanwalt-Verlagsrecht-Hamburg-290x85.jpg",290,85,true],"avatar":["https:\/\/www.slopek.com\/wp-content\/uploads\/Rechtsanwalt-Verlagsrecht-Hamburg-60x60.jpg",60,60,true],"avatar-large":["https:\/\/www.slopek.com\/wp-content\/uploads\/Rechtsanwalt-Verlagsrecht-Hamburg-220x140.jpg",220,140,true],"profile_24":["https:\/\/www.slopek.com\/wp-content\/uploads\/Rechtsanwalt-Verlagsrecht-Hamburg-24x24.jpg",24,24,true],"profile_48":["https:\/\/www.slopek.com\/wp-content\/uploads\/Rechtsanwalt-Verlagsrecht-Hamburg-48x48.jpg",48,48,true],"profile_96":["https:\/\/www.slopek.com\/wp-content\/uploads\/Rechtsanwalt-Verlagsrecht-Hamburg-96x96.jpg",96,96,true],"profile_150":["https:\/\/www.slopek.com\/wp-content\/uploads\/Rechtsanwalt-Verlagsrecht-Hamburg-150x150.jpg",150,150,true],"profile_300":["https:\/\/www.slopek.com\/wp-content\/uploads\/Rechtsanwalt-Verlagsrecht-Hamburg-300x300.jpg",300,300,true]},"uagb_author_info":{"display_name":"David Slopek","author_link":"https:\/\/www.slopek.com\/en\/author\/david-slopek\/"},"uagb_comment_info":0,"uagb_excerpt":"Goethe, Hesse, Dostoyevsky. What do they all have in common? They were all great writers. Anyone can become a writer, but few do it, and if you want to do it, sooner or later you end up with a publisher. Unfortunately, not every book can be accepted; there is strong competition between writers and between&hellip;","acf":[],"_links":{"self":[{"href":"https:\/\/www.slopek.com\/en\/wp-json\/wp\/v2\/pages\/6349","targetHints":{"allow":["GET"]}}],"collection":[{"href":"https:\/\/www.slopek.com\/en\/wp-json\/wp\/v2\/pages"}],"about":[{"href":"https:\/\/www.slopek.com\/en\/wp-json\/wp\/v2\/types\/page"}],"author":[{"embeddable":true,"href":"https:\/\/www.slopek.com\/en\/wp-json\/wp\/v2\/users\/3"}],"replies":[{"embeddable":true,"href":"https:\/\/www.slopek.com\/en\/wp-json\/wp\/v2\/comments?post=6349"}],"version-history":[{"count":3,"href":"https:\/\/www.slopek.com\/en\/wp-json\/wp\/v2\/pages\/6349\/revisions"}],"predecessor-version":[{"id":6444,"href":"https:\/\/www.slopek.com\/en\/wp-json\/wp\/v2\/pages\/6349\/revisions\/6444"}],"wp:featuredmedia":[{"embeddable":true,"href":"https:\/\/www.slopek.com\/en\/wp-json\/wp\/v2\/media\/4235"}],"wp:attachment":[{"href":"https:\/\/www.slopek.com\/en\/wp-json\/wp\/v2\/media?parent=6349"}],"curies":[{"name":"wp","href":"https:\/\/api.w.org\/{rel}","templated":true}]}}