{"id":6386,"date":"2021-07-25T11:11:02","date_gmt":"2021-07-25T09:11:02","guid":{"rendered":"https:\/\/slopek-dev.flow4.one\/markenrecht\/markenueberwachung\/"},"modified":"2025-06-05T09:03:29","modified_gmt":"2025-06-05T07:03:29","slug":"markenueberwachung","status":"publish","type":"page","link":"https:\/\/www.slopek.com\/en\/markenrecht-2-2\/markenueberwachung\/","title":{"rendered":"Brand monitoring"},"content":{"rendered":"\n<p><strong>Mit Ihrer Marke besitzen Sie ein Monopolrecht auf ein bestimmtes Zeichen. Dieses Recht dient dazu, dass Sie und Ihr Angebot am Markt unverkennbar sind und Sie zufriedene Kunden an sich binden k\u00f6nnen. Wenn Dritte identische oder \u00e4hnliche Zeichen verwenden, dann schw\u00e4cht das Ihre Marke. Wer nicht konsequent gegen Markenverletzungen vorgeht, der l\u00e4uft im schlimmsten Fall Gefahr, dass die Marke generisch wird und man sie deshalb wieder verliert. Aus diesem Grund empfehlen Marken\u00e4mter, registrierte Marken aktiv zu \u00fcberwachen und zu verteidigen.\u00a0<\/strong><\/p>\n\n<blockquote class=\"wp-block-quote is-layout-flow wp-block-quote-is-layout-flow\"><p>Wenn Sie eine eingetragene Marke besitzen, sollten Sie sie auch \u00fcberwachen und verteidigen.<\/p><cite>Quelle: Deutsches Patent- und Markenamt<\/cite><\/blockquote>\n\n<h2 class=\"wp-block-heading\">FAQ Marken\u00fcberwachung<\/h2>\n<div class=\"block-panel\" ><div class=\"candy_panel candy_panel--collapse \" id=\"panel_69dc23dfe4c20\" >\t<div class=\"candy_panel__header\">Wie funktioniert die Marken\u00fcberwachung?<\/div>\t<div class=\"candy_panel__body\">\t\t<div class=\"candy_panel__body__content\">\t\t\t\n\n<p>Als spezialisierte Fachanwaltskanzlei k\u00fcmmern wir uns um die \u00dcberwachung Ihrer Marke.\u00a0Dazu analysiert unsere Spezialsoftware mit einem intelligenten Algorithmus permanent s\u00e4mtliche relevanten Markenregister (DPMA, EUIPO, WIPO) auf \u00e4hnliche Markenanmeldungen. Meldet sie einen Treffer, pr\u00fcfen wir die Kollisionslage fachm\u00e4nnisch durch und beraten Sie ohne Mehrkosten dazu, welche Optionen Ihnen im konkreten Einzelfall zur Verf\u00fcgung stehen und welches Vorgehen empfehlenswert ist.<\/p>\n\n\t\t<\/div>\t<\/div><\/div><\/div><div class=\"block-panel\" ><div class=\"candy_panel candy_panel--collapse \" id=\"panel_69dc23dfe4cb3\" >\t<div class=\"candy_panel__header\">Welche Vorteile bietet die Marken\u00fcberwachung?<\/div>\t<div class=\"candy_panel__body\">\t\t<div class=\"candy_panel__body__content\">\t\t\t\n\n<p>Sie st\u00e4rken den Wert Ihrer Marke, indem Sie sie vor Verw\u00e4sserung sch\u00fctzen. In einigen F\u00e4llen ist es auch m\u00f6glich, vom Verletzer Schadensersatz zu  verlangen, wobei es im Einzelfall durchaus um f\u00fcnfstellige Summen gehen kann. Ein weiterer Nebeneffekt: Wir behalten die Verl\u00e4ngerungsfristen f\u00fcr Sie im Blick, so dass Sie nicht versehentlich vergessen, Ihre Marke zu verl\u00e4ngern und sie deswegen verlieren<\/p>\n\n\t\t<\/div>\t<\/div><\/div><\/div><div class=\"block-panel\" ><div class=\"candy_panel candy_panel--collapse \" id=\"panel_69dc23dfe4d3b\" >\t<div class=\"candy_panel__header\">Was kostet die Marken\u00fcberwachung?<\/div>\t<div class=\"candy_panel__body\">\t\t<div class=\"candy_panel__body__content\">\t\t\t\n\n<p>Wie bieten die Marken\u00fcberwachung zu einem transparenten Festpreis i.H.v. 249 EUR zzgl. MwSt. pro Marke und Jahr an.<\/p>\n\n\t\t<\/div>\t<\/div><\/div><\/div>\n<h2 class=\"wp-block-heading\">Anwalt f\u00fcr Markenrecht<\/h2>\n\n<p>Rechtsanwalt Dr. David Slopek hat mehr als 10 Jahre intensive Praxiserfahrung, die er im In- und Ausland gesammelt hat. Nach seinem Studium, dem Erwerb des Master of Laws und des Doktortitels an der <a href=\"https:\/\/www.hhu.de\">Heinrich-Heine-Universit\u00e4t D\u00fcsseldorf<\/a>, wurde er 2012 von der <a href=\"https:\/\/www.rak-dus.de\">Rechtsanwaltskammer D\u00fcsseldorf<\/a> zur Anwaltschaft zugelassen. Sein anwaltliches Handwerk hat er von der Pike auf in einer f\u00fchrenden internationalen Gro\u00dfkanzlei gesammelt, f\u00fcr die er rund sieben Jahre lang an den Standorten Alicante und Hamburg t\u00e4tig war. In 2016 hat die <a href=\"https:\/\/www.rak-hamburg.de\">Hanseatische Rechtsanwaltskammer Hamburg<\/a> ihm den Titel Fachanwalt f\u00fcr gewerblichen Rechtsschutz verliehen. Neben seiner fachlichen Qualifikation ist er mit \u00fcber 80 Fachver\u00f6ffentlichungen auch umfangreich publizistisch t\u00e4tig. Er und sein Team beraten Sie mit Kompetenz und Erfahrung in allen Fragen des <a href=\"https:\/\/www.slopek.com\/markenrecht\/\">Markenrechts<\/a>.<\/p>\n\n<h2 class=\"wp-block-heading\">Mandantenmeinungen<\/h2>\n\n<p>Die Zufriedenheit unserer Mandanten steht f\u00fcr uns an erster Stelle. Lesen Sie <a href=\"https:\/\/www.anwalt.de\/david-slopek\/bewertungen.php\">hier<\/a>, wie unsere Mandanten uns auf einem der f\u00fchrenden Bewertungsportale f\u00fcr Anw\u00e4lte bewerten.<\/p>\n<div><script type=\"text\/javascript\" src=\"https:\/\/widget.anwalt.de\/gesamtbewertung-ihrer-kanzlei\/11\/profileId\/179404\/maxItems\/3\/baseColor\/e8e8e8\/headerColor\/000000\/width\/600\/get.js\"><\/script><\/div>\n","protected":false},"excerpt":{"rendered":"<p>Mit Ihrer Marke besitzen Sie ein Monopolrecht auf ein bestimmtes Zeichen. Dieses Recht dient dazu, dass Sie und Ihr Angebot am Markt unverkennbar sind und Sie zufriedene Kunden an sich binden k\u00f6nnen. Wenn Dritte identische oder \u00e4hnliche Zeichen verwenden, dann schw\u00e4cht das Ihre Marke. Wer nicht konsequent gegen Markenverletzungen vorgeht, der l\u00e4uft im schlimmsten Fall [&hellip;]<\/p>\n","protected":false},"author":3,"featured_media":3330,"parent":6183,"menu_order":0,"comment_status":"closed","ping_status":"closed","template":"","meta":{"_uag_custom_page_level_css":"","footnotes":""},"categories":[],"tags":[225,265],"class_list":["post-6386","page","type-page","status-publish","has-post-thumbnail","hentry","tag-markenrecht-en","tag-markenueberwachung-en"],"yoast_head":"<!-- This site is optimized with the Yoast SEO plugin v25.7 - https:\/\/yoast.com\/wordpress\/plugins\/seo\/ -->\n<title>Marken\u00fcberwachung - Slopek Rechtsanw\u00e4lte in Hamburg<\/title>\n<meta name=\"description\" content=\"Ihr Fachanwalt f\u00fcr Markenrecht in Hamburg. Jetzt mehr erfahren oder direkt Kontakt aufnehmen. Rechtsanwalt Dr. David Slopek \u260e 040 882153900\" \/>\n<meta name=\"robots\" content=\"index, follow, max-snippet:-1, max-image-preview:large, max-video-preview:-1\" \/>\n<link rel=\"canonical\" href=\"https:\/\/www.slopek.com\/en\/markenrecht-2-2\/markenueberwachung\/\" \/>\n<meta property=\"og:locale\" content=\"en_US\" \/>\n<meta property=\"og:type\" content=\"article\" \/>\n<meta property=\"og:title\" content=\"Marken\u00fcberwachung - Slopek Rechtsanw\u00e4lte in Hamburg\" \/>\n<meta property=\"og:description\" content=\"Ihr Fachanwalt f\u00fcr Markenrecht in Hamburg. Jetzt mehr erfahren oder direkt Kontakt aufnehmen. Rechtsanwalt Dr. David Slopek \u260e 040 882153900\" \/>\n<meta property=\"og:url\" content=\"https:\/\/www.slopek.com\/en\/markenrecht-2-2\/markenueberwachung\/\" \/>\n<meta property=\"og:site_name\" content=\"Slopek Rechtsanw\u00e4lte | Geistiges Eigentum, Wettbewerbs- und Medienrecht\" \/>\n<meta property=\"article:modified_time\" content=\"2025-06-05T07:03:29+00:00\" \/>\n<meta property=\"og:image\" content=\"https:\/\/www.slopek.com\/wp-content\/uploads\/Anwalt-Markenrecht-Hamburg.jpg\" \/>\n\t<meta property=\"og:image:width\" content=\"1700\" \/>\n\t<meta property=\"og:image:height\" content=\"500\" \/>\n\t<meta property=\"og:image:type\" content=\"image\/jpeg\" \/>\n<meta name=\"twitter:card\" content=\"summary_large_image\" \/>\n<meta name=\"twitter:label1\" content=\"Est. reading time\" \/>\n\t<meta name=\"twitter:data1\" content=\"2 minutes\" \/>\n<script type=\"application\/ld+json\" class=\"yoast-schema-graph\">{\"@context\":\"https:\/\/schema.org\",\"@graph\":[{\"@type\":\"WebPage\",\"@id\":\"https:\/\/www.slopek.com\/en\/markenrecht-2-2\/markenueberwachung\/\",\"url\":\"https:\/\/www.slopek.com\/en\/markenrecht-2-2\/markenueberwachung\/\",\"name\":\"Marken\u00fcberwachung - Slopek Rechtsanw\u00e4lte in Hamburg\",\"isPartOf\":{\"@id\":\"https:\/\/www.slopek.com\/#website\"},\"primaryImageOfPage\":{\"@id\":\"https:\/\/www.slopek.com\/en\/markenrecht-2-2\/markenueberwachung\/#primaryimage\"},\"image\":{\"@id\":\"https:\/\/www.slopek.com\/en\/markenrecht-2-2\/markenueberwachung\/#primaryimage\"},\"thumbnailUrl\":\"https:\/\/www.slopek.com\/wp-content\/uploads\/Anwalt-Markenrecht-Hamburg.jpg\",\"datePublished\":\"2021-07-25T09:11:02+00:00\",\"dateModified\":\"2025-06-05T07:03:29+00:00\",\"description\":\"Ihr Fachanwalt f\u00fcr Markenrecht in Hamburg. Jetzt mehr erfahren oder direkt Kontakt aufnehmen. Rechtsanwalt Dr. David Slopek \u260e 040 882153900\",\"breadcrumb\":{\"@id\":\"https:\/\/www.slopek.com\/en\/markenrecht-2-2\/markenueberwachung\/#breadcrumb\"},\"inLanguage\":\"en-US\",\"potentialAction\":[{\"@type\":\"ReadAction\",\"target\":[\"https:\/\/www.slopek.com\/en\/markenrecht-2-2\/markenueberwachung\/\"]}]},{\"@type\":\"ImageObject\",\"inLanguage\":\"en-US\",\"@id\":\"https:\/\/www.slopek.com\/en\/markenrecht-2-2\/markenueberwachung\/#primaryimage\",\"url\":\"https:\/\/www.slopek.com\/wp-content\/uploads\/Anwalt-Markenrecht-Hamburg.jpg\",\"contentUrl\":\"https:\/\/www.slopek.com\/wp-content\/uploads\/Anwalt-Markenrecht-Hamburg.jpg\",\"width\":1700,\"height\":500,\"caption\":\"Kanzlei f\u00fcr Markenrecht Hamburg D\u00fcsseldorf\"},{\"@type\":\"BreadcrumbList\",\"@id\":\"https:\/\/www.slopek.com\/en\/markenrecht-2-2\/markenueberwachung\/#breadcrumb\",\"itemListElement\":[{\"@type\":\"ListItem\",\"position\":1,\"name\":\"Startseite\",\"item\":\"https:\/\/www.slopek.com\/en\/\"},{\"@type\":\"ListItem\",\"position\":2,\"name\":\"Trademark law\",\"item\":\"https:\/\/www.slopek.com\/en\/markenrecht-2-2\/\"},{\"@type\":\"ListItem\",\"position\":3,\"name\":\"Brand monitoring\"}]},{\"@type\":\"WebSite\",\"@id\":\"https:\/\/www.slopek.com\/#website\",\"url\":\"https:\/\/www.slopek.com\/\",\"name\":\"Slopek Rechtsanw\u00e4lte | Geistiges Eigentum, Wettbewerbs- und Medienrecht\",\"description\":\"Markenrecht | Urheberrecht | Wettbewerbsrecht | Medienrecht\",\"publisher\":{\"@id\":\"https:\/\/www.slopek.com\/#organization\"},\"potentialAction\":[{\"@type\":\"SearchAction\",\"target\":{\"@type\":\"EntryPoint\",\"urlTemplate\":\"https:\/\/www.slopek.com\/?s={search_term_string}\"},\"query-input\":{\"@type\":\"PropertyValueSpecification\",\"valueRequired\":true,\"valueName\":\"search_term_string\"}}],\"inLanguage\":\"en-US\"},{\"@type\":\"Organization\",\"@id\":\"https:\/\/www.slopek.com\/#organization\",\"name\":\"Slopek Rechtsanw\u00e4lte\",\"url\":\"https:\/\/www.slopek.com\/\",\"logo\":{\"@type\":\"ImageObject\",\"inLanguage\":\"en-US\",\"@id\":\"https:\/\/www.slopek.com\/#\/schema\/logo\/image\/\",\"url\":\"https:\/\/www.slopek.com\/wp-content\/uploads\/slopek-logo.svg\",\"contentUrl\":\"https:\/\/www.slopek.com\/wp-content\/uploads\/slopek-logo.svg\",\"width\":139,\"height\":55,\"caption\":\"Slopek Rechtsanw\u00e4lte\"},\"image\":{\"@id\":\"https:\/\/www.slopek.com\/#\/schema\/logo\/image\/\"}}]}<\/script>\n<!-- \/ Yoast SEO plugin. -->","yoast_head_json":{"title":"Marken\u00fcberwachung - Slopek Rechtsanw\u00e4lte in Hamburg","description":"Ihr Fachanwalt f\u00fcr Markenrecht in Hamburg. Jetzt mehr erfahren oder direkt Kontakt aufnehmen. Rechtsanwalt Dr. David Slopek \u260e 040 882153900","robots":{"index":"index","follow":"follow","max-snippet":"max-snippet:-1","max-image-preview":"max-image-preview:large","max-video-preview":"max-video-preview:-1"},"canonical":"https:\/\/www.slopek.com\/en\/markenrecht-2-2\/markenueberwachung\/","og_locale":"en_US","og_type":"article","og_title":"Marken\u00fcberwachung - Slopek Rechtsanw\u00e4lte in Hamburg","og_description":"Ihr Fachanwalt f\u00fcr Markenrecht in Hamburg. Jetzt mehr erfahren oder direkt Kontakt aufnehmen. Rechtsanwalt Dr. David Slopek \u260e 040 882153900","og_url":"https:\/\/www.slopek.com\/en\/markenrecht-2-2\/markenueberwachung\/","og_site_name":"Slopek Rechtsanw\u00e4lte | Geistiges Eigentum, Wettbewerbs- und Medienrecht","article_modified_time":"2025-06-05T07:03:29+00:00","og_image":[{"width":1700,"height":500,"url":"https:\/\/www.slopek.com\/wp-content\/uploads\/Anwalt-Markenrecht-Hamburg.jpg","type":"image\/jpeg"}],"twitter_card":"summary_large_image","twitter_misc":{"Est. reading time":"2 minutes"},"schema":{"@context":"https:\/\/schema.org","@graph":[{"@type":"WebPage","@id":"https:\/\/www.slopek.com\/en\/markenrecht-2-2\/markenueberwachung\/","url":"https:\/\/www.slopek.com\/en\/markenrecht-2-2\/markenueberwachung\/","name":"Marken\u00fcberwachung - Slopek Rechtsanw\u00e4lte in Hamburg","isPartOf":{"@id":"https:\/\/www.slopek.com\/#website"},"primaryImageOfPage":{"@id":"https:\/\/www.slopek.com\/en\/markenrecht-2-2\/markenueberwachung\/#primaryimage"},"image":{"@id":"https:\/\/www.slopek.com\/en\/markenrecht-2-2\/markenueberwachung\/#primaryimage"},"thumbnailUrl":"https:\/\/www.slopek.com\/wp-content\/uploads\/Anwalt-Markenrecht-Hamburg.jpg","datePublished":"2021-07-25T09:11:02+00:00","dateModified":"2025-06-05T07:03:29+00:00","description":"Ihr Fachanwalt f\u00fcr Markenrecht in Hamburg. Jetzt mehr erfahren oder direkt Kontakt aufnehmen. Rechtsanwalt Dr. David Slopek \u260e 040 882153900","breadcrumb":{"@id":"https:\/\/www.slopek.com\/en\/markenrecht-2-2\/markenueberwachung\/#breadcrumb"},"inLanguage":"en-US","potentialAction":[{"@type":"ReadAction","target":["https:\/\/www.slopek.com\/en\/markenrecht-2-2\/markenueberwachung\/"]}]},{"@type":"ImageObject","inLanguage":"en-US","@id":"https:\/\/www.slopek.com\/en\/markenrecht-2-2\/markenueberwachung\/#primaryimage","url":"https:\/\/www.slopek.com\/wp-content\/uploads\/Anwalt-Markenrecht-Hamburg.jpg","contentUrl":"https:\/\/www.slopek.com\/wp-content\/uploads\/Anwalt-Markenrecht-Hamburg.jpg","width":1700,"height":500,"caption":"Kanzlei f\u00fcr Markenrecht Hamburg D\u00fcsseldorf"},{"@type":"BreadcrumbList","@id":"https:\/\/www.slopek.com\/en\/markenrecht-2-2\/markenueberwachung\/#breadcrumb","itemListElement":[{"@type":"ListItem","position":1,"name":"Startseite","item":"https:\/\/www.slopek.com\/en\/"},{"@type":"ListItem","position":2,"name":"Trademark law","item":"https:\/\/www.slopek.com\/en\/markenrecht-2-2\/"},{"@type":"ListItem","position":3,"name":"Brand monitoring"}]},{"@type":"WebSite","@id":"https:\/\/www.slopek.com\/#website","url":"https:\/\/www.slopek.com\/","name":"Slopek Rechtsanw\u00e4lte | Geistiges Eigentum, Wettbewerbs- und Medienrecht","description":"Markenrecht | Urheberrecht | Wettbewerbsrecht | Medienrecht","publisher":{"@id":"https:\/\/www.slopek.com\/#organization"},"potentialAction":[{"@type":"SearchAction","target":{"@type":"EntryPoint","urlTemplate":"https:\/\/www.slopek.com\/?s={search_term_string}"},"query-input":{"@type":"PropertyValueSpecification","valueRequired":true,"valueName":"search_term_string"}}],"inLanguage":"en-US"},{"@type":"Organization","@id":"https:\/\/www.slopek.com\/#organization","name":"Slopek Rechtsanw\u00e4lte","url":"https:\/\/www.slopek.com\/","logo":{"@type":"ImageObject","inLanguage":"en-US","@id":"https:\/\/www.slopek.com\/#\/schema\/logo\/image\/","url":"https:\/\/www.slopek.com\/wp-content\/uploads\/slopek-logo.svg","contentUrl":"https:\/\/www.slopek.com\/wp-content\/uploads\/slopek-logo.svg","width":139,"height":55,"caption":"Slopek Rechtsanw\u00e4lte"},"image":{"@id":"https:\/\/www.slopek.com\/#\/schema\/logo\/image\/"}}]}},"uagb_featured_image_src":{"full":["https:\/\/www.slopek.com\/wp-content\/uploads\/Anwalt-Markenrecht-Hamburg.jpg",1700,500,false],"thumbnail":["https:\/\/www.slopek.com\/wp-content\/uploads\/Anwalt-Markenrecht-Hamburg-320x94.jpg",320,94,true],"medium":["https:\/\/www.slopek.com\/wp-content\/uploads\/Anwalt-Markenrecht-Hamburg-640x188.jpg",640,188,true],"medium_large":["https:\/\/www.slopek.com\/wp-content\/uploads\/Anwalt-Markenrecht-Hamburg.jpg",640,188,false],"large":["https:\/\/www.slopek.com\/wp-content\/uploads\/Anwalt-Markenrecht-Hamburg-1280x376.jpg",640,188,true],"1536x1536":["https:\/\/www.slopek.com\/wp-content\/uploads\/Anwalt-Markenrecht-Hamburg-1536x452.jpg",1536,452,true],"2048x2048":["https:\/\/www.slopek.com\/wp-content\/uploads\/Anwalt-Markenrecht-Hamburg.jpg",1700,500,false],"post-preview-thumbnail":["https:\/\/www.slopek.com\/wp-content\/uploads\/Anwalt-Markenrecht-Hamburg-320x200.jpg",320,200,true],"post-preview-large":["https:\/\/www.slopek.com\/wp-content\/uploads\/Anwalt-Markenrecht-Hamburg-640x400.jpg",640,400,true],"publication-thumbnail":["https:\/\/www.slopek.com\/wp-content\/uploads\/Anwalt-Markenrecht-Hamburg-200x296.jpg",200,296,true],"user-profile-thumbnail":["https:\/\/www.slopek.com\/wp-content\/uploads\/Anwalt-Markenrecht-Hamburg-290x85.jpg",290,85,true],"avatar":["https:\/\/www.slopek.com\/wp-content\/uploads\/Anwalt-Markenrecht-Hamburg-60x60.jpg",60,60,true],"avatar-large":["https:\/\/www.slopek.com\/wp-content\/uploads\/Anwalt-Markenrecht-Hamburg-220x140.jpg",220,140,true],"profile_24":["https:\/\/www.slopek.com\/wp-content\/uploads\/Anwalt-Markenrecht-Hamburg-24x24.jpg",24,24,true],"profile_48":["https:\/\/www.slopek.com\/wp-content\/uploads\/Anwalt-Markenrecht-Hamburg-48x48.jpg",48,48,true],"profile_96":["https:\/\/www.slopek.com\/wp-content\/uploads\/Anwalt-Markenrecht-Hamburg-96x96.jpg",96,96,true],"profile_150":["https:\/\/www.slopek.com\/wp-content\/uploads\/Anwalt-Markenrecht-Hamburg-150x150.jpg",150,150,true],"profile_300":["https:\/\/www.slopek.com\/wp-content\/uploads\/Anwalt-Markenrecht-Hamburg-300x300.jpg",300,300,true]},"uagb_author_info":{"display_name":"David Slopek","author_link":"https:\/\/www.slopek.com\/en\/author\/david-slopek\/"},"uagb_comment_info":0,"uagb_excerpt":"Mit Ihrer Marke besitzen Sie ein Monopolrecht auf ein bestimmtes Zeichen. Dieses Recht dient dazu, dass Sie und Ihr Angebot am Markt unverkennbar sind und Sie zufriedene Kunden an sich binden k\u00f6nnen. Wenn Dritte identische oder \u00e4hnliche Zeichen verwenden, dann schw\u00e4cht das Ihre Marke. Wer nicht konsequent gegen Markenverletzungen vorgeht, der l\u00e4uft im schlimmsten Fall&hellip;","_links":{"self":[{"href":"https:\/\/www.slopek.com\/en\/wp-json\/wp\/v2\/pages\/6386","targetHints":{"allow":["GET"]}}],"collection":[{"href":"https:\/\/www.slopek.com\/en\/wp-json\/wp\/v2\/pages"}],"about":[{"href":"https:\/\/www.slopek.com\/en\/wp-json\/wp\/v2\/types\/page"}],"author":[{"embeddable":true,"href":"https:\/\/www.slopek.com\/en\/wp-json\/wp\/v2\/users\/3"}],"replies":[{"embeddable":true,"href":"https:\/\/www.slopek.com\/en\/wp-json\/wp\/v2\/comments?post=6386"}],"version-history":[{"count":5,"href":"https:\/\/www.slopek.com\/en\/wp-json\/wp\/v2\/pages\/6386\/revisions"}],"predecessor-version":[{"id":6827,"href":"https:\/\/www.slopek.com\/en\/wp-json\/wp\/v2\/pages\/6386\/revisions\/6827"}],"up":[{"embeddable":true,"href":"https:\/\/www.slopek.com\/en\/wp-json\/wp\/v2\/pages\/6183"}],"wp:featuredmedia":[{"embeddable":true,"href":"https:\/\/www.slopek.com\/en\/wp-json\/wp\/v2\/media\/3330"}],"wp:attachment":[{"href":"https:\/\/www.slopek.com\/en\/wp-json\/wp\/v2\/media?parent=6386"}],"wp:term":[{"taxonomy":"category","embeddable":true,"href":"https:\/\/www.slopek.com\/en\/wp-json\/wp\/v2\/categories?post=6386"},{"taxonomy":"post_tag","embeddable":true,"href":"https:\/\/www.slopek.com\/en\/wp-json\/wp\/v2\/tags?post=6386"}],"curies":[{"name":"wp","href":"https:\/\/api.w.org\/{rel}","templated":true}]}}